{"id":1572,"date":"2023-03-15T20:47:53","date_gmt":"2023-03-16T00:47:53","guid":{"rendered":"https:\/\/www.archspm.org\/living-gods-love\/"},"modified":"2025-12-12T13:06:34","modified_gmt":"2025-12-12T18:06:34","slug":"archdiocesan-marriage-preparation-retreat","status":"publish","type":"page","link":"https:\/\/www.archspm.org\/es\/marriage\/archdiocesan-marriage-preparation-retreat\/","title":{"rendered":"Retiro arquidiocesano de preparaci\u00f3n al matrimonio"},"content":{"rendered":"<div data-elementor-type=\"wp-page\" data-elementor-id=\"1572\" class=\"elementor elementor-1572\" data-elementor-post-type=\"page\">\n\t\t\t\t<div class=\"elementor-element elementor-element-27cf2738 e-flex e-con-boxed e-con e-parent\" data-id=\"27cf2738\" data-element_type=\"container\" data-e-type=\"container\" data-settings=\"{&quot;jet_parallax_layout_list&quot;:[]}\">\n\t\t\t\t\t<div class=\"e-con-inner\">\n\t\t\t\t<div class=\"elementor-element elementor-element-68ed761 elementor-widget elementor-widget-text-editor\" data-id=\"68ed761\" data-element_type=\"widget\" data-e-type=\"widget\" data-widget_type=\"text-editor.default\">\n\t\t\t\t\t\t\t\t\t<div class=\"vc_row wpb_row vc_row-fluid\">\n<div class=\"wpb_column vc_column_container vc_col-sm-10\">\n<div class=\"vc_column-inner\">\n<div class=\"wpb_wrapper\">\n<div class=\"wpb_text_column wpb_content_element\">\n<div class=\"wpb_wrapper\">\n<p>La Oficina de Discipulado y Evangelizaci\u00f3n ofrece un programa de preparaci\u00f3n matrimonial para parejas comprometidas. Con el fin de ayudarles a prepararse para vivir la vocaci\u00f3n que Dios les ha dado como esposos, se les invita a ustedes y a su futuro c\u00f3nyuge a asistir al Retiro de Preparaci\u00f3n Matrimonial de la Arquidi\u00f3cesis. Se trata de un retiro de preparaci\u00f3n matrimonial de dos d\u00edas de duraci\u00f3n que se ofrece a las parejas comprometidas que se preparan para casarse dentro de la Iglesia cat\u00f3lica en la Arquidi\u00f3cesis de Saint Paul y Minneapolis y las di\u00f3cesis circundantes.<\/p>\n<p>El retiro est\u00e1 dise\u00f1ado para ayudarles a prepararse como pareja para el sacramento del matrimonio y a reflexionar sobre la belleza y la riqueza de las ense\u00f1anzas de la Iglesia sobre el matrimonio y la familia. Esta importante preparaci\u00f3n les brinda la oportunidad de pasar tiempo como pareja comprometida discutiendo diversos temas fundamentales para su matrimonio. <a class=\"vc_general vc_btn3 vc_btn3-size-md vc_btn3-shape-rounded vc_btn3-style-modern vc_btn3-color-green\" title=\"Formulario de contacto \u2013 Preparaci\u00f3n para el matrimonio\" href=\"https:\/\/www.archspm.org\/es\/marriage\/marriage-preparation\/contact-form-marriage-preparation\/\">P\u00f3ngase en contacto con nosotros<\/a> para saber m\u00e1s.<\/p>\n<\/div>\n<\/div>\n<\/div>\n<\/div>\n<\/div>\n<\/div>\n<div class=\"vc_row wpb_row vc_row-fluid\">\n<div class=\"wpb_column vc_column_container vc_col-sm-12\">\n<div class=\"vc_column-inner\">\n<div class=\"wpb_wrapper\">\n<div class=\"wpb_text_column wpb_content_element\">\n<div class=\"wpb_wrapper\">\n<p><strong>Calendario e inscripci\u00f3n<\/strong><\/p>\n<p>La Arquidi\u00f3cesis ofrece el programa de fin de semana la mayor\u00eda de los meses del a\u00f1o.<\/p>\n<p><u><a href=\"https:\/\/secure.acceptiva.com\/?cst=62c5db\" target=\"_blank\" rel=\"noopener\">Reg\u00edstrate en l\u00ednea<\/a><\/u> para las fechas que se indican a continuaci\u00f3n. El costo es de $270 por pareja.<\/p>\n<\/div>\n<\/div>\n<\/div>\n<\/div>\n<\/div>\n<\/div>\t\t\t\t\t\t\t\t<\/div>\n\t\t\t\t\t<\/div>\n\t\t\t\t<\/div>\n\t\t<div class=\"elementor-element elementor-element-92e0e5a e-flex e-con-boxed e-con e-parent\" data-id=\"92e0e5a\" data-element_type=\"container\" data-e-type=\"container\" data-settings=\"{&quot;jet_parallax_layout_list&quot;:[]}\">\n\t\t\t\t\t<div class=\"e-con-inner\">\n\t\t<div class=\"elementor-element elementor-element-3be7c81 e-con-full e-flex e-con e-child\" data-id=\"3be7c81\" data-element_type=\"container\" data-e-type=\"container\" data-settings=\"{&quot;jet_parallax_layout_list&quot;:[]}\">\n\t\t\t\t<div class=\"elementor-element elementor-element-3aefd32 elementor-widget elementor-widget-text-editor\" data-id=\"3aefd32\" data-element_type=\"widget\" data-e-type=\"widget\" data-widget_type=\"text-editor.default\">\n\t\t\t\t\t\t\t\t\t<p><strong>Qu\u00e9 esperar<\/strong><br \/>Presentaciones a cargo de sacerdotes, educadores y parejas que compartir\u00e1n la belleza de la visi\u00f3n de Dios sobre el matrimonio, incluyendo:<\/p><ul><li>Sacramento del Matrimonio<\/li><li>El regalo de uno mismo, la intimidad y los hijos<\/li><li>Debates sobre c\u00f3mo mejorar tus habilidades de comunicaci\u00f3n y planificaci\u00f3n financiera.<\/li><li>Resumen m\u00e9dico sobre la planificaci\u00f3n familiar natural<\/li><li>Ideas pr\u00e1cticas espec\u00edficas de parejas casadas llenas de energ\u00eda.<\/li><li>Es hora de debatir los temas y reflexionar sobre c\u00f3mo se aplican a ti.<\/li><li>Sugerencias para cultivar tu fe<\/li><\/ul><p>El programa tambi\u00e9n incluye la oportunidad de recibir el Sacramento de la Reconciliaci\u00f3n, la Adoraci\u00f3n y asistir a la Misa.\u00a0<\/p>\t\t\t\t\t\t\t\t<\/div>\n\t\t\t\t<\/div>\n\t\t<div class=\"elementor-element elementor-element-faa064a e-con-full e-flex e-con e-child\" data-id=\"faa064a\" data-element_type=\"container\" data-e-type=\"container\" data-settings=\"{&quot;jet_parallax_layout_list&quot;:[]}\">\n\t\t\t\t<div class=\"elementor-element elementor-element-42dab70 elementor-widget elementor-widget-text-editor\" data-id=\"42dab70\" data-element_type=\"widget\" data-e-type=\"widget\" data-widget_type=\"text-editor.default\">\n\t\t\t\t\t\t\t\t\t<p><strong>Calendario 2026\u00a0<\/strong><\/p><ul><li>23-24 de enero (<a href=\"https:\/\/www.archspm.org\/es\/location\/st-peter-catholic-church-2\/\">San Pedro, San Pablo Norte<\/a>)<\/li><li>6-7 de marzo (<a href=\"https:\/\/www.archspm.org\/es\/location\/our-lady-of-grace-catholic-church\/\">Nuestra Se\u00f1ora de Gracia, Edina<\/a>)<\/li><li>17-18 de abril (<a href=\"https:\/\/www.archspm.org\/es\/location\/st-john-neumann-catholic-church\/\">San Juan Neumann, Eagan<\/a>)<\/li><li>8-9 de mayo (<a href=\"https:\/\/www.archspm.org\/es\/location\/st-john-neumann-catholic-church\/\">San Juan Neumann, Eagan<\/a>)<\/li><li>17-18 de julio (<a href=\"https:\/\/www.archspm.org\/es\/location\/our-lady-of-grace-catholic-church\/\">Nuestra Se\u00f1ora de Gracia, Edina<\/a>)<\/li><li>11-12 de septiembre (<a href=\"https:\/\/www.archspm.org\/es\/location\/maternity-of-the-blessed-virgin-catholic-church\/\">Maternidad de Mar\u00eda, San Pablo<\/a>)<\/li><li>13-14 de noviembre (<a href=\"https:\/\/www.archspm.org\/es\/location\/st-peter-catholic-church-2\/\">San Pedro, San Pablo Norte<\/a>)<\/li><\/ul>\t\t\t\t\t\t\t\t<\/div>\n\t\t\t\t<\/div>\n\t\t\t\t\t<\/div>\n\t\t\t\t<\/div>\n\t\t\t\t<\/div>","protected":false},"excerpt":{"rendered":"<p>The Office of Discipleship and Evangelization offers a marriage preparation program for engaged couples. In order to help you prepare to live out your God-given vocation as husband and wife, you and your future spouse are invited to attend the Archdiocesan Marriage Preparation Retreat. This is a 2-day marriage preparation retreat offered to engaged couples [&hellip;]<\/p>\n","protected":false},"author":2,"featured_media":8380,"parent":959,"menu_order":0,"comment_status":"closed","ping_status":"closed","template":"","meta":{"footnotes":""},"class_list":["post-1572","page","type-page","status-publish","has-post-thumbnail","hentry"],"_links":{"self":[{"href":"https:\/\/www.archspm.org\/es\/wp-json\/wp\/v2\/pages\/1572","targetHints":{"allow":["GET"]}}],"collection":[{"href":"https:\/\/www.archspm.org\/es\/wp-json\/wp\/v2\/pages"}],"about":[{"href":"https:\/\/www.archspm.org\/es\/wp-json\/wp\/v2\/types\/page"}],"author":[{"embeddable":true,"href":"https:\/\/www.archspm.org\/es\/wp-json\/wp\/v2\/users\/2"}],"replies":[{"embeddable":true,"href":"https:\/\/www.archspm.org\/es\/wp-json\/wp\/v2\/comments?post=1572"}],"version-history":[{"count":0,"href":"https:\/\/www.archspm.org\/es\/wp-json\/wp\/v2\/pages\/1572\/revisions"}],"up":[{"embeddable":true,"href":"https:\/\/www.archspm.org\/es\/wp-json\/wp\/v2\/pages\/959"}],"wp:featuredmedia":[{"embeddable":true,"href":"https:\/\/www.archspm.org\/es\/wp-json\/wp\/v2\/media\/8380"}],"wp:attachment":[{"href":"https:\/\/www.archspm.org\/es\/wp-json\/wp\/v2\/media?parent=1572"}],"curies":[{"name":"wp","href":"https:\/\/api.w.org\/{rel}","templated":true}]}}