{"id":1585,"date":"2023-09-22T20:47:02","date_gmt":"2023-09-23T00:47:02","guid":{"rendered":"https:\/\/www.archspm.org\/what-are-relics-and-why-do-catholics-venerate-them\/"},"modified":"2025-07-24T17:18:01","modified_gmt":"2025-07-24T21:18:01","slug":"what-are-relics-and-why-do-catholics-venerate-them","status":"publish","type":"page","link":"https:\/\/www.archspm.org\/es\/what-are-relics-and-why-do-catholics-venerate-them\/","title":{"rendered":"\u00bfQu\u00e9 son las reliquias y por qu\u00e9 las veneran los cat\u00f3licos?"},"content":{"rendered":"<div data-elementor-type=\"wp-page\" data-elementor-id=\"1585\" class=\"elementor elementor-1585\" data-elementor-post-type=\"page\">\n\t\t\t\t<div class=\"elementor-element elementor-element-b6a3a9e e-flex e-con-boxed e-con e-parent\" data-id=\"b6a3a9e\" data-element_type=\"container\" data-e-type=\"container\" data-settings=\"{&quot;background_background&quot;:&quot;classic&quot;,&quot;jet_parallax_layout_list&quot;:[]}\">\n\t\t\t\t\t<div class=\"e-con-inner\">\n\t\t<div class=\"elementor-element elementor-element-1b62a33 e-con-full e-flex e-con e-child\" data-id=\"1b62a33\" data-element_type=\"container\" data-e-type=\"container\" data-settings=\"{&quot;jet_parallax_layout_list&quot;:[]}\">\n\t\t\t\t<div class=\"elementor-element elementor-element-085cb94 elementor-widget elementor-widget-image\" data-id=\"085cb94\" data-element_type=\"widget\" data-e-type=\"widget\" data-widget_type=\"image.default\">\n\t\t\t\t\t\t\t\t\t\t\t\t\t\t\t<img decoding=\"async\" width=\"150\" height=\"150\" src=\"https:\/\/www.archspm.org\/wp-content\/uploads\/2025\/07\/Archbishop-Hebda_sm-e1752783360797-150x150.jpg\" class=\"attachment-thumbnail size-thumbnail wp-image-9864\" alt=\"\" srcset=\"https:\/\/www.archspm.org\/wp-content\/uploads\/2025\/07\/Archbishop-Hebda_sm-e1752783360797-150x150.jpg 150w, https:\/\/www.archspm.org\/wp-content\/uploads\/2025\/07\/Archbishop-Hebda_sm-e1752783360797-300x300.jpg 300w, https:\/\/www.archspm.org\/wp-content\/uploads\/2025\/07\/Archbishop-Hebda_sm-e1752783360797-768x768.jpg 768w, https:\/\/www.archspm.org\/wp-content\/uploads\/2025\/07\/Archbishop-Hebda_sm-e1752783360797-12x12.jpg 12w, https:\/\/www.archspm.org\/wp-content\/uploads\/2025\/07\/Archbishop-Hebda_sm-e1752783360797-400x400.jpg 400w, https:\/\/www.archspm.org\/wp-content\/uploads\/2025\/07\/Archbishop-Hebda_sm-e1752783360797-600x600.jpg 600w, https:\/\/www.archspm.org\/wp-content\/uploads\/2025\/07\/Archbishop-Hebda_sm-e1752783360797.jpg 858w\" sizes=\"(max-width: 150px) 100vw, 150px\" \/>\t\t\t\t\t\t\t\t\t\t\t\t\t\t\t<\/div>\n\t\t\t\t<\/div>\n\t\t<div class=\"elementor-element elementor-element-3577964 e-con-full e-flex e-con e-child\" data-id=\"3577964\" data-element_type=\"container\" data-e-type=\"container\" data-settings=\"{&quot;jet_parallax_layout_list&quot;:[]}\">\n\t\t\t\t<div class=\"elementor-element elementor-element-106a845 elementor-widget elementor-widget-text-editor\" data-id=\"106a845\" data-element_type=\"widget\" data-e-type=\"widget\" data-widget_type=\"text-editor.default\">\n\t\t\t\t\t\t\t\t\t<h2 style=\"text-align: left;\"><span style=\"color: #c39519;\"><strong><a style=\"color: #c39519;\" href=\"https:\/\/www.archspm.org\/es\/togetheronthejourney\/\">\u00a1Suscr\u00edbase a Juntos en el viaje del arzobispo Hebda!<\/a><\/strong><\/span><\/h2><p><span class=\"ui-provider en ccw bzq ccx ccy ccz cda cdb cdc cdd cde cdf cdg cdh cdi cdj cdk cdl cdm cdn cdo cdp cdq cdr cds cdt cdu cdv cdw cdx cdy cdz cea ceb cec\" dir=\"ltr\" style=\"color: #ffffff;\"> Reciba un v\u00eddeo mensual y actualizaciones semanales del arzobispo Bernard Hebda. <span style=\"text-decoration: underline;\"><strong><a class=\"fui-Link ___1eya986 f3rmtva f1ewtqcl fyind8e f1k6fduh f1w7gpdv fk6fouc fjoy568 figsok6 f1hu3pq6 f11qmguv f19f4twv f1tyq0we f1g0x7ka fhxju0i f1qch9an f1cnd47f fqv5qza f1vmzxwi f1o700av f13mvf36 f1cmlufx f9n3di6 f1ids18y f1tx3yz7 f1deo86v f1eh06m1 f1iescvh fhgqx19 f1olyrje f1p93eir f1nev41a f1h8hb77 f1x7u7e9 f10aw75t fsle3fq f17ae5zn\" style=\"color: #ffffff; text-decoration: underline;\" title=\"https:\/\/www.archspm.org\/togetheronthejourney\" href=\"https:\/\/www.archspm.org\/es\/togetheronthejourney\/\" target=\"_blank\" rel=\"noreferrer noopener\" aria-label=\"Enlace \u00a1Inscr\u00edbete aqu\u00ed!\">Inscr\u00edbete aqu\u00ed<\/a><\/strong><\/span><\/span><\/p>\t\t\t\t\t\t\t\t<\/div>\n\t\t\t\t<\/div>\n\t\t\t\t\t<\/div>\n\t\t\t\t<\/div>\n\t\t<div class=\"elementor-element elementor-element-406cdf0a e-flex e-con-boxed e-con e-parent\" data-id=\"406cdf0a\" data-element_type=\"container\" data-e-type=\"container\" data-settings=\"{&quot;jet_parallax_layout_list&quot;:[]}\">\n\t\t\t\t\t<div class=\"e-con-inner\">\n\t\t\t\t<div class=\"elementor-element elementor-element-152f55e8 elementor-widget elementor-widget-text-editor\" data-id=\"152f55e8\" data-element_type=\"widget\" data-e-type=\"widget\" data-widget_type=\"text-editor.default\">\n\t\t\t\t\t\t\t\t\t<h1>\u00bfQu\u00e9 son las reliquias y por qu\u00e9 las veneran los cat\u00f3licos?<\/h1><p><strong>\u00bfQu\u00e9 es una reliquia?<\/strong><br \/>Las reliquias se clasifican en de primera, segunda o tercera clase. Una reliquia de primera clase es una parte del cuerpo de un santo (por ejemplo, un hueso, sangre o carne). Las reliquias de segunda clase son objetos que pertenecieron a un santo, como ropa o algo que \u00e9l utiliz\u00f3. Las reliquias de tercera clase son objetos que han estado en contacto con una reliquia de primera, segunda o tercera clase de un santo.<\/p><p><strong>\u00bfPor qu\u00e9 venerar las reliquias?<\/strong><br \/>Hay muchos ejemplos de curaciones tras la exposici\u00f3n a reliquias, desde la Sagrada Escritura hasta fuentes en l\u00ednea. La curaci\u00f3n proviene de Dios; las reliquias son el medio a trav\u00e9s del cual \u00c9l act\u00faa. Todo bien que se produce a trav\u00e9s de una reliquia es obra de Dios. Al venerar u honrar a los santos a trav\u00e9s de quienes Dios ha obrado de manera extraordinaria, adoramos y glorificamos a Dios, quien actu\u00f3 de manera tan maravillosa en sus vidas. Nuestra veneraci\u00f3n de las reliquias tambi\u00e9n nos recuerda que formamos parte de la Comuni\u00f3n de los Santos, la gran nube de testigos que han corrido la carrera antes que nosotros (Heb. 12:1).<\/p><p><strong>Escuchar <a href=\"https:\/\/www.archspm.org\/es\/faith-and-discipleship\/practicing-catholic\/\">Cat\u00f3lico practicante<\/a> Para m\u00e1s informaci\u00f3n sobre las reliquias<\/strong><\/p><ul><li><a href=\"https:\/\/podcasters.spotify.com\/pod\/show\/practicing-catholic-show\/episodes\/Why-do-relics-matter--with-Sean-Pilcher-e299789\" target=\"_blank\" rel=\"noopener\">\u00bfPor qu\u00e9 son importantes las reliquias? (con Sean Pilcher)<\/a><\/li><\/ul>\t\t\t\t\t\t\t\t<\/div>\n\t\t\t\t\t<\/div>\n\t\t\t\t<\/div>\n\t\t\t\t<\/div>","protected":false},"excerpt":{"rendered":"<p>Subscribe to Together on the Journey from Archbishop Hebda! Receive a monthly video plus weekly updates from Archbishop Bernard Hebda. Sign up here! What are relics and why do Catholics venerate them? What Is a Relic? Relics are classified as first, second, or third class. A first class relic is part of a saint\u2019s body [&hellip;]<\/p>\n","protected":false},"author":2,"featured_media":6955,"parent":0,"menu_order":0,"comment_status":"closed","ping_status":"closed","template":"","meta":{"footnotes":""},"class_list":["post-1585","page","type-page","status-publish","has-post-thumbnail","hentry"],"_links":{"self":[{"href":"https:\/\/www.archspm.org\/es\/wp-json\/wp\/v2\/pages\/1585","targetHints":{"allow":["GET"]}}],"collection":[{"href":"https:\/\/www.archspm.org\/es\/wp-json\/wp\/v2\/pages"}],"about":[{"href":"https:\/\/www.archspm.org\/es\/wp-json\/wp\/v2\/types\/page"}],"author":[{"embeddable":true,"href":"https:\/\/www.archspm.org\/es\/wp-json\/wp\/v2\/users\/2"}],"replies":[{"embeddable":true,"href":"https:\/\/www.archspm.org\/es\/wp-json\/wp\/v2\/comments?post=1585"}],"version-history":[{"count":0,"href":"https:\/\/www.archspm.org\/es\/wp-json\/wp\/v2\/pages\/1585\/revisions"}],"wp:featuredmedia":[{"embeddable":true,"href":"https:\/\/www.archspm.org\/es\/wp-json\/wp\/v2\/media\/6955"}],"wp:attachment":[{"href":"https:\/\/www.archspm.org\/es\/wp-json\/wp\/v2\/media?parent=1585"}],"curies":[{"name":"wp","href":"https:\/\/api.w.org\/{rel}","templated":true}]}}