{"id":1590,"date":"2024-01-24T19:53:25","date_gmt":"2024-01-25T00:53:25","guid":{"rendered":"https:\/\/www.archspm.org\/connect\/"},"modified":"2026-04-06T08:07:28","modified_gmt":"2026-04-06T12:07:28","slug":"connect","status":"publish","type":"page","link":"https:\/\/www.archspm.org\/es\/connect\/","title":{"rendered":"Con\u00e9ctese con su iglesia local"},"content":{"rendered":"<div data-elementor-type=\"wp-page\" data-elementor-id=\"1590\" class=\"elementor elementor-1590\" data-elementor-post-type=\"page\">\n\t\t\t\t<div class=\"elementor-element elementor-element-4c8bdb52 e-flex e-con-boxed e-con e-parent\" data-id=\"4c8bdb52\" data-element_type=\"container\" data-e-type=\"container\" data-settings=\"{&quot;jet_parallax_layout_list&quot;:[]}\">\n\t\t\t\t\t<div class=\"e-con-inner\">\n\t\t\t\t<div class=\"elementor-element elementor-element-1421f129 elementor-widget elementor-widget-text-editor\" data-id=\"1421f129\" data-element_type=\"widget\" data-e-type=\"widget\" data-widget_type=\"text-editor.default\">\n\t\t\t\t\t\t\t\t\t<h3><em>Con cientos de miles de cat\u00f3licos repartidos por doce condados...<\/em><\/h3><p>Puede parecer dif\u00edcil sentirse conectado con nuestras hermanas y hermanos en Cristo en toda esta arquidi\u00f3cesis. El arzobispo Bernard Hebda le anima a mantenerse conectado con nuestra iglesia local de las siguientes maneras.<\/p>\t\t\t\t\t\t\t\t<\/div>\n\t\t\t\t\t<\/div>\n\t\t\t\t<\/div>\n\t\t<div class=\"elementor-element elementor-element-144a049 e-flex e-con-boxed e-con e-parent\" data-id=\"144a049\" data-element_type=\"container\" data-e-type=\"container\" data-settings=\"{&quot;jet_parallax_layout_list&quot;:[]}\">\n\t\t\t\t\t<div class=\"e-con-inner\">\n\t\t<div class=\"elementor-element elementor-element-4e5c5fd e-con-full e-flex e-con e-child\" data-id=\"4e5c5fd\" data-element_type=\"container\" data-e-type=\"container\" data-settings=\"{&quot;jet_parallax_layout_list&quot;:[]}\">\n\t\t\t\t<div class=\"elementor-element elementor-element-8d6cc5b elementor-widget elementor-widget-heading\" data-id=\"8d6cc5b\" data-element_type=\"widget\" data-e-type=\"widget\" data-widget_type=\"heading.default\">\n\t\t\t\t\t<h2 class=\"elementor-heading-title elementor-size-default\">Reciba mensajes semanales de nuestro pastor<\/h2>\t\t\t\t<\/div>\n\t\t\t\t<div class=\"elementor-element elementor-element-8ae03ce elementor-widget elementor-widget-video\" data-id=\"8ae03ce\" data-element_type=\"widget\" data-e-type=\"widget\" data-settings=\"{&quot;youtube_url&quot;:&quot;https:\\\/\\\/youtu.be\\\/Fhoyt9JJsq0&quot;,&quot;image_overlay&quot;:{&quot;url&quot;:&quot;https:\\\/\\\/www.archspm.org\\\/wp-content\\\/uploads\\\/2026\\\/04\\\/april-2026.webp&quot;,&quot;id&quot;:14877,&quot;size&quot;:&quot;&quot;,&quot;alt&quot;:&quot;&quot;,&quot;source&quot;:&quot;library&quot;},&quot;show_image_overlay&quot;:&quot;yes&quot;,&quot;video_type&quot;:&quot;youtube&quot;,&quot;controls&quot;:&quot;yes&quot;}\" data-widget_type=\"video.default\">\n\t\t\t\t\t\t\t<div class=\"elementor-wrapper elementor-open-inline\">\n\t\t\t<div class=\"elementor-video\"><\/div>\t\t\t\t<div class=\"elementor-custom-embed-image-overlay\" style=\"background-image: url(https:\/\/www.archspm.org\/wp-content\/uploads\/2026\/04\/april-2026.webp);\">\n\t\t\t\t\t\t\t\t\t\t\t\t\t\t\t\t<div class=\"elementor-custom-embed-play\" role=\"button\" aria-label=\"Reproducir video\" tabindex=\"0\" data-no-translation-aria-label=\"\">\n\t\t\t\t\t\t\t<i aria-hidden=\"true\" class=\"eicon-play\"><\/i>\t\t\t\t\t\t<\/div>\n\t\t\t\t\t\t\t\t\t<\/div>\n\t\t\t\t\t<\/div>\n\t\t\t\t\t\t<\/div>\n\t\t\t\t<div class=\"elementor-element elementor-element-37fd603 elementor-widget elementor-widget-text-editor\" data-id=\"37fd603\" data-element_type=\"widget\" data-e-type=\"widget\" data-widget_type=\"text-editor.default\">\n\t\t\t\t\t\t\t\t\t<p><span data-contrast=\"auto\">\u00danase a m\u00e1s de 87,000 cat\u00f3licos que reciben mensualmente <a href=\"\/es\/togetheronthejourney\/\">Juntos en el viaje<\/a> v\u00eddeos del arzobispo Hebda. Si se suscribe a continuaci\u00f3n, tambi\u00e9n recibir\u00e1 su bolet\u00edn Weekly Word.\u00a0<\/span><\/p>\t\t\t\t\t\t\t\t<\/div>\n\t\t\t\t<div class=\"elementor-element elementor-element-a7068bc elementor-align-center elementor-widget elementor-widget-button\" data-id=\"a7068bc\" data-element_type=\"widget\" data-e-type=\"widget\" data-widget_type=\"button.default\">\n\t\t\t\t\t\t\t\t\t\t<a class=\"elementor-button elementor-button-link elementor-size-sm\" href=\"https:\/\/archspm.flocknote.com\/ArchbishopsWeekl\" target=\"_blank\" rel=\"noopener\">\n\t\t\t\t\t\t<span class=\"elementor-button-content-wrapper\">\n\t\t\t\t\t\t\t\t\t<span class=\"elementor-button-text\">Recibir el bolet\u00edn del Arzobispo<\/span>\n\t\t\t\t\t<\/span>\n\t\t\t\t\t<\/a>\n\t\t\t\t\t\t\t\t<\/div>\n\t\t\t\t<\/div>\n\t\t<div class=\"elementor-element elementor-element-10d1189 e-con-full e-flex e-con e-child\" data-id=\"10d1189\" data-element_type=\"container\" data-e-type=\"container\" data-settings=\"{&quot;jet_parallax_layout_list&quot;:[]}\">\n\t\t\t\t<div class=\"elementor-element elementor-element-7865f4b elementor-widget elementor-widget-heading\" data-id=\"7865f4b\" data-element_type=\"widget\" data-e-type=\"widget\" data-widget_type=\"heading.default\">\n\t\t\t\t\t<h2 class=\"elementor-heading-title elementor-size-default\">\u00daltimas noticias cat\u00f3licas locales, nacionales y mundiales<\/h2>\t\t\t\t<\/div>\n\t\t\t\t<div class=\"elementor-element elementor-element-14e2e44 elementor-widget elementor-widget-text-editor\" data-id=\"14e2e44\" data-element_type=\"widget\" data-e-type=\"widget\" data-widget_type=\"text-editor.default\">\n\t\t\t\t\t\t\t\t\t<p>Lea las \u00faltimas noticias de <a href=\"https:\/\/www.thecatholicspirit.com\/\" target=\"_blank\" rel=\"noopener\">El esp\u00edritu cat\u00f3lico<\/a>. Suscr\u00edbase al bolet\u00edn por correo electr\u00f3nico y a la edici\u00f3n impresa.<\/p>\t\t\t\t\t\t\t\t<\/div>\n\t\t\t\t<div class=\"elementor-element elementor-element-342aaa2 elementor-align-center elementor-widget elementor-widget-button\" data-id=\"342aaa2\" data-element_type=\"widget\" data-e-type=\"widget\" data-widget_type=\"button.default\">\n\t\t\t\t\t\t\t\t\t\t<a class=\"elementor-button elementor-button-link elementor-size-sm\" href=\"https:\/\/archspm.flocknote.com\/CatholicSpiritNe\" target=\"_blank\" rel=\"noopener\">\n\t\t\t\t\t\t<span class=\"elementor-button-content-wrapper\">\n\t\t\t\t\t\t\t\t\t<span class=\"elementor-button-text\">Bolet\u00edn electr\u00f3nico<\/span>\n\t\t\t\t\t<\/span>\n\t\t\t\t\t<\/a>\n\t\t\t\t\t\t\t\t<\/div>\n\t\t\t\t<div class=\"elementor-element elementor-element-cd09da5 elementor-align-center elementor-widget elementor-widget-button\" data-id=\"cd09da5\" data-element_type=\"widget\" data-e-type=\"widget\" data-widget_type=\"button.default\">\n\t\t\t\t\t\t\t\t\t\t<a class=\"elementor-button elementor-button-link elementor-size-sm\" href=\"https:\/\/www.thecatholicspirit.com\/subscribe\/\" target=\"_blank\" rel=\"noopener\">\n\t\t\t\t\t\t<span class=\"elementor-button-content-wrapper\">\n\t\t\t\t\t\t\t\t\t<span class=\"elementor-button-text\">Suscr\u00edbase a la edici\u00f3n impresa<\/span>\n\t\t\t\t\t<\/span>\n\t\t\t\t\t<\/a>\n\t\t\t\t\t\t\t\t<\/div>\n\t\t\t\t<div class=\"elementor-element elementor-element-33af33f elementor-widget elementor-widget-spacer\" data-id=\"33af33f\" data-element_type=\"widget\" data-e-type=\"widget\" data-widget_type=\"spacer.default\">\n\t\t\t\t\t\t\t<div class=\"elementor-spacer\">\n\t\t\t<div class=\"elementor-spacer-inner\"><\/div>\n\t\t<\/div>\n\t\t\t\t\t\t<\/div>\n\t\t\t\t<div class=\"elementor-element elementor-element-946c5a4 elementor-widget elementor-widget-heading\" data-id=\"946c5a4\" data-element_type=\"widget\" data-e-type=\"widget\" data-widget_type=\"heading.default\">\n\t\t\t\t\t<h2 class=\"elementor-heading-title elementor-size-default\">El podcast sobre la vida cat\u00f3lica en nuestra iglesia local<\/h2>\t\t\t\t<\/div>\n\t\t\t\t<div class=\"elementor-element elementor-element-8793264 elementor-widget elementor-widget-text-editor\" data-id=\"8793264\" data-element_type=\"widget\" data-e-type=\"widget\" data-widget_type=\"text-editor.default\">\n\t\t\t\t\t\t\t\t\t<p>Al igual que en el Libro de Ester, Dios nos ha reunido a cada uno de nosotros en esta iglesia local \u201cpara un momento como este\u201d. Contin\u00faa tu camino de fe con nosotros: escucha \u00abPracticing Catholic\u00bb en Relevant Radio 1330 AM (<a href=\"https:\/\/www.archspm.org\/es\/faith-and-discipleship\/practicing-catholic\/\">ver horarios<\/a>) y en tus plataformas de streaming favoritas.<\/p>\t\t\t\t\t\t\t\t<\/div>\n\t\t\t\t<div class=\"elementor-element elementor-element-ca90c89 elementor-align-center elementor-widget elementor-widget-button\" data-id=\"ca90c89\" data-element_type=\"widget\" data-e-type=\"widget\" data-widget_type=\"button.default\">\n\t\t\t\t\t\t\t\t\t\t<a class=\"elementor-button elementor-button-link elementor-size-sm\" href=\"https:\/\/www.archspm.org\/es\/practicing-catholic-show\/\">\n\t\t\t\t\t\t<span class=\"elementor-button-content-wrapper\">\n\t\t\t\t\t\t\t\t\t<span class=\"elementor-button-text\">Escuchar Practicing Catholic<\/span>\n\t\t\t\t\t<\/span>\n\t\t\t\t\t<\/a>\n\t\t\t\t\t\t\t\t<\/div>\n\t\t\t\t<\/div>\n\t\t\t\t\t<\/div>\n\t\t\t\t<\/div>\n\t\t\t\t<\/div>","protected":false},"excerpt":{"rendered":"<p>With hundreds of thousands of Catholics spread across twelve counties&#8230; It may seem hard to feel connected with our sisters and brothers in Christ throughout this archdiocese. Archbishop Bernard Hebda encourages you to stay connected to our local church in the following ways. Receive Weekly Messages From Our Shepherd https:\/\/youtu.be\/Fhoyt9JJsq0 Join more than 87,000 Catholics [&hellip;]<\/p>\n","protected":false},"author":2,"featured_media":0,"parent":0,"menu_order":0,"comment_status":"closed","ping_status":"closed","template":"","meta":{"footnotes":""},"class_list":["post-1590","page","type-page","status-publish","hentry"],"_links":{"self":[{"href":"https:\/\/www.archspm.org\/es\/wp-json\/wp\/v2\/pages\/1590","targetHints":{"allow":["GET"]}}],"collection":[{"href":"https:\/\/www.archspm.org\/es\/wp-json\/wp\/v2\/pages"}],"about":[{"href":"https:\/\/www.archspm.org\/es\/wp-json\/wp\/v2\/types\/page"}],"author":[{"embeddable":true,"href":"https:\/\/www.archspm.org\/es\/wp-json\/wp\/v2\/users\/2"}],"replies":[{"embeddable":true,"href":"https:\/\/www.archspm.org\/es\/wp-json\/wp\/v2\/comments?post=1590"}],"version-history":[{"count":5,"href":"https:\/\/www.archspm.org\/es\/wp-json\/wp\/v2\/pages\/1590\/revisions"}],"predecessor-version":[{"id":14880,"href":"https:\/\/www.archspm.org\/es\/wp-json\/wp\/v2\/pages\/1590\/revisions\/14880"}],"wp:attachment":[{"href":"https:\/\/www.archspm.org\/es\/wp-json\/wp\/v2\/media?parent=1590"}],"curies":[{"name":"wp","href":"https:\/\/api.w.org\/{rel}","templated":true}]}}