{"id":1594,"date":"2024-03-04T23:02:55","date_gmt":"2024-03-05T04:02:55","guid":{"rendered":"https:\/\/www.archspm.org\/religious-sisters\/"},"modified":"2025-07-08T16:41:48","modified_gmt":"2025-07-08T20:41:48","slug":"religious-sisters","status":"publish","type":"page","link":"https:\/\/www.archspm.org\/es\/religious-sisters\/","title":{"rendered":"Hermanas religiosas"},"content":{"rendered":"<div data-elementor-type=\"wp-page\" data-elementor-id=\"1594\" class=\"elementor elementor-1594\" data-elementor-post-type=\"page\">\n\t\t\t\t<div class=\"elementor-element elementor-element-4330919a e-flex e-con-boxed e-con e-parent\" data-id=\"4330919a\" data-element_type=\"container\" data-e-type=\"container\" data-settings=\"{&quot;jet_parallax_layout_list&quot;:[]}\">\n\t\t\t\t\t<div class=\"e-con-inner\">\n\t\t\t\t<div class=\"elementor-element elementor-element-727496c4 elementor-widget elementor-widget-text-editor\" data-id=\"727496c4\" data-element_type=\"widget\" data-e-type=\"widget\" data-widget_type=\"text-editor.default\">\n\t\t\t\t\t\t\t\t\t<p><img fetchpriority=\"high\" decoding=\"async\" class=\"alignright size-medium wp-image-7355\" src=\"https:\/\/www.archspm.org\/wp-content\/uploads\/2025\/01\/Religious-Sisters-featured-1-300x200.jpg\" alt=\"\" width=\"300\" height=\"200\" srcset=\"https:\/\/www.archspm.org\/wp-content\/uploads\/2025\/01\/Religious-Sisters-featured-1-300x200.jpg 300w, https:\/\/www.archspm.org\/wp-content\/uploads\/2025\/01\/Religious-Sisters-featured-1.jpg 400w\" sizes=\"(max-width: 300px) 100vw, 300px\" \/>En nuestra Iglesia, incluida nuestra Arquidi\u00f3cesis, tenemos la bendici\u00f3n de contar con m\u00faltiples formas y expresiones de vida consagrada. Esto incluye a las numerosas hermanas religiosas que han vivido y siguen viviendo, dando testimonio y sirviendo en nuestra Arquidi\u00f3cesis. M\u00e1s all\u00e1 de lo que hacen las hermanas religiosas, su don reside en qui\u00e9nes son como mujeres consagradas. Con motivo de la Semana de las Hermanas Cat\u00f3licas 2024, hemos rendido homenaje a nuestras hermanas religiosas con esta serie de siete v\u00eddeos cortos: <em>Todo lo que siempre quisiste saber sobre las religiosas cat\u00f3licas\u2026 \u00a1pero nunca te atreviste a preguntar! <\/em>Te invitamos a que veas los siguientes videos y escuches las palabras de las hermanas religiosas en su propia voz.<\/p>\t\t\t\t\t\t\t\t<\/div>\n\t\t\t\t\t<\/div>\n\t\t\t\t<\/div>\n\t\t<div class=\"elementor-element elementor-element-417141b e-grid e-con-boxed e-con e-parent\" data-id=\"417141b\" data-element_type=\"container\" data-e-type=\"container\" data-settings=\"{&quot;jet_parallax_layout_list&quot;:[]}\">\n\t\t\t\t\t<div class=\"e-con-inner\">\n\t\t<div class=\"elementor-element elementor-element-f76e43a e-con-full e-flex e-con e-child\" data-id=\"f76e43a\" data-element_type=\"container\" data-e-type=\"container\" data-settings=\"{&quot;jet_parallax_layout_list&quot;:[]}\">\n\t\t\t\t\t\t\t<h2 \n\t\tdata-interaction-id=\"abbdb1e\" \n\t\tclass=\"e-heading-base\" \n\t\t \n\t\tdata-e-type=\"widget\" data-id=\"abbdb1e\"\n\t>\n\t\n\t\t\tMi mayor alegr\u00eda al responder a la llamada de Jes\u00fas para ser religiosa\n\t\t<\/h2>\n\t\t\t\t\t\t\t\t\t<div data-id=\"5ea3409\" data-interaction-id=\"5ea3409\" data-e-type=\"e-youtube\"  class=\"e-youtube-base\" data-settings=\"&#x7B;&quot;source&quot;&#x3A;&quot;https&#x3A;&#x5C;&#x2F;&#x5C;&#x2F;youtu.be&#x5C;&#x2F;wZN6DQugp-4&#x3F;si&#x3D;r9gsv7Xh_8nJEHCh&quot;,&quot;autoplay&quot;&#x3A;false,&quot;mute&quot;&#x3A;false,&quot;controls&quot;&#x3A;true,&quot;cc_load_policy&quot;&#x3A;false,&quot;loop&quot;&#x3A;false,&quot;rel&quot;&#x3A;true,&quot;start&quot;&#x3A;null,&quot;end&quot;&#x3A;null,&quot;privacy&quot;&#x3A;false,&quot;lazyload&quot;&#x3A;false&#x7D;\"><\/div>\n\t\t\t\t<\/div>\n\t\t<div class=\"elementor-element elementor-element-7fd6407 e-con-full e-flex e-con e-child\" data-id=\"7fd6407\" data-element_type=\"container\" data-e-type=\"container\" data-settings=\"{&quot;jet_parallax_layout_list&quot;:[]}\">\n\t\t\t\t<div class=\"elementor-element elementor-element-ff0410e elementor-widget elementor-widget-heading\" data-id=\"ff0410e\" data-element_type=\"widget\" data-e-type=\"widget\" data-widget_type=\"heading.default\">\n\t\t\t\t\t<h2 class=\"elementor-heading-title elementor-size-default\">\u00bfQu\u00e9 es un carisma?<\/h2>\t\t\t\t<\/div>\n\t\t\t\t\t\t\t\t\t<div data-id=\"e778aae\" data-interaction-id=\"e778aae\" data-e-type=\"e-youtube\"  class=\"e-youtube-base\" data-settings=\"&#x7B;&quot;source&quot;&#x3A;&quot;https&#x3A;&#x5C;&#x2F;&#x5C;&#x2F;youtu.be&#x5C;&#x2F;DF2lZwv_KjI&#x3F;si&#x3D;M0DG2ab7TS5Xq2MG&quot;,&quot;autoplay&quot;&#x3A;false,&quot;mute&quot;&#x3A;false,&quot;controls&quot;&#x3A;true,&quot;cc_load_policy&quot;&#x3A;false,&quot;loop&quot;&#x3A;false,&quot;rel&quot;&#x3A;true,&quot;start&quot;&#x3A;null,&quot;end&quot;&#x3A;null,&quot;privacy&quot;&#x3A;false,&quot;lazyload&quot;&#x3A;false&#x7D;\"><\/div>\n\t\t\t\t<\/div>\n\t\t<div class=\"elementor-element elementor-element-b07c4ca e-con-full e-flex e-con e-child\" data-id=\"b07c4ca\" data-element_type=\"container\" data-e-type=\"container\" data-settings=\"{&quot;jet_parallax_layout_list&quot;:[]}\">\n\t\t\t\t\t\t\t<h2 \n\t\tdata-interaction-id=\"1b37edf\" \n\t\tclass=\"e-heading-base\" \n\t\t \n\t\tdata-e-type=\"widget\" data-id=\"1b37edf\"\n\t>\n\t\n\t\t\tLos votos: La castidad\n\t\t<\/h2>\n\t\t\t\t\t\t\t\t\t<div data-id=\"8bca8f8\" data-interaction-id=\"8bca8f8\" data-e-type=\"e-youtube\"  class=\"e-youtube-base\" data-settings=\"&#x7B;&quot;source&quot;&#x3A;&quot;https&#x3A;&#x5C;&#x2F;&#x5C;&#x2F;youtu.be&#x5C;&#x2F;vAqvWXBVS3s&#x3F;si&#x3D;2GPdaxh-r2jUkAsi&quot;,&quot;autoplay&quot;&#x3A;false,&quot;mute&quot;&#x3A;false,&quot;controls&quot;&#x3A;true,&quot;cc_load_policy&quot;&#x3A;false,&quot;loop&quot;&#x3A;false,&quot;rel&quot;&#x3A;true,&quot;start&quot;&#x3A;null,&quot;end&quot;&#x3A;null,&quot;privacy&quot;&#x3A;false,&quot;lazyload&quot;&#x3A;false&#x7D;\"><\/div>\n\t\t\t\t<\/div>\n\t\t<div class=\"elementor-element elementor-element-e42c342 e-con-full e-flex e-con e-child\" data-id=\"e42c342\" data-element_type=\"container\" data-e-type=\"container\" data-settings=\"{&quot;jet_parallax_layout_list&quot;:[]}\">\n\t\t\t\t\t\t\t<h2 \n\t\tdata-interaction-id=\"8a72b41\" \n\t\tclass=\"e-heading-base\" \n\t\t \n\t\tdata-e-type=\"widget\" data-id=\"8a72b41\"\n\t>\n\t\n\t\t\tLos votos: La pobreza\n\t\t<\/h2>\n\t\t\t\t\t\t\t\t\t<div data-id=\"bfddb28\" data-interaction-id=\"bfddb28\" data-e-type=\"e-youtube\"  class=\"e-youtube-base\" data-settings=\"&#x7B;&quot;source&quot;&#x3A;&quot;https&#x3A;&#x5C;&#x2F;&#x5C;&#x2F;youtu.be&#x5C;&#x2F;UGbvcbDt5OY&#x3F;si&#x3D;ym60Pd76KfJaSbcF&quot;,&quot;autoplay&quot;&#x3A;false,&quot;mute&quot;&#x3A;false,&quot;controls&quot;&#x3A;true,&quot;cc_load_policy&quot;&#x3A;false,&quot;loop&quot;&#x3A;false,&quot;rel&quot;&#x3A;true,&quot;start&quot;&#x3A;null,&quot;end&quot;&#x3A;null,&quot;privacy&quot;&#x3A;false,&quot;lazyload&quot;&#x3A;false&#x7D;\"><\/div>\n\t\t\t\t<\/div>\n\t\t<div class=\"elementor-element elementor-element-ecf54a6 e-con-full e-flex e-con e-child\" data-id=\"ecf54a6\" data-element_type=\"container\" data-e-type=\"container\" data-settings=\"{&quot;jet_parallax_layout_list&quot;:[]}\">\n\t\t<div class=\"elementor-element elementor-element-8fda752 e-con-full e-flex e-con e-child\" data-id=\"8fda752\" data-element_type=\"container\" data-e-type=\"container\" data-settings=\"{&quot;jet_parallax_layout_list&quot;:[]}\">\n\t\t\t\t\t\t\t<h2 \n\t\tdata-interaction-id=\"e36a870\" \n\t\tclass=\"e-heading-base\" \n\t\t \n\t\tdata-e-type=\"widget\" data-id=\"e36a870\"\n\t>\n\t\n\t\t\tLos votos: La obediencia\n\t\t<\/h2>\n\t\t\t\t\t\t\t\t\t<div data-id=\"edd3895\" data-interaction-id=\"edd3895\" data-e-type=\"e-youtube\"  class=\"e-youtube-base\" data-settings=\"&#x7B;&quot;source&quot;&#x3A;&quot;https&#x3A;&#x5C;&#x2F;&#x5C;&#x2F;youtu.be&#x5C;&#x2F;qmTxK0r_Rmw&#x3F;si&#x3D;slCzukfg9KDqOmP6&quot;,&quot;autoplay&quot;&#x3A;false,&quot;mute&quot;&#x3A;false,&quot;controls&quot;&#x3A;true,&quot;cc_load_policy&quot;&#x3A;false,&quot;loop&quot;&#x3A;false,&quot;rel&quot;&#x3A;true,&quot;start&quot;&#x3A;null,&quot;end&quot;&#x3A;null,&quot;privacy&quot;&#x3A;false,&quot;lazyload&quot;&#x3A;false&#x7D;\"><\/div>\n\t\t\t\t<\/div>\n\t\t\t\t<\/div>\n\t\t<div class=\"elementor-element elementor-element-6bba3ca e-con-full e-flex e-con e-child\" data-id=\"6bba3ca\" data-element_type=\"container\" data-e-type=\"container\" data-settings=\"{&quot;jet_parallax_layout_list&quot;:[]}\">\n\t\t\t\t\t\t\t<h2 \n\t\tdata-interaction-id=\"a0de61b\" \n\t\tclass=\"e-heading-base\" \n\t\t \n\t\tdata-e-type=\"widget\" data-id=\"a0de61b\"\n\t>\n\t\n\t\t\tEl h\u00e1bito\n\t\t<\/h2>\n\t\t\t\t\t\t\t\t\t<div data-id=\"ff9de20\" data-interaction-id=\"ff9de20\" data-e-type=\"e-youtube\"  class=\"e-youtube-base\" data-settings=\"&#x7B;&quot;source&quot;&#x3A;&quot;https&#x3A;&#x5C;&#x2F;&#x5C;&#x2F;youtu.be&#x5C;&#x2F;oLwlSm16h64&#x3F;si&#x3D;BNvp0yaYozAeh2pj&quot;,&quot;autoplay&quot;&#x3A;false,&quot;mute&quot;&#x3A;false,&quot;controls&quot;&#x3A;true,&quot;cc_load_policy&quot;&#x3A;false,&quot;loop&quot;&#x3A;false,&quot;rel&quot;&#x3A;true,&quot;start&quot;&#x3A;null,&quot;end&quot;&#x3A;null,&quot;privacy&quot;&#x3A;false,&quot;lazyload&quot;&#x3A;false&#x7D;\"><\/div>\n\t\t\t\t<\/div>\n\t\t<div class=\"elementor-element elementor-element-5f8f74e e-con-full e-flex e-con e-child\" data-id=\"5f8f74e\" data-element_type=\"container\" data-e-type=\"container\" data-settings=\"{&quot;jet_parallax_layout_list&quot;:[]}\">\n\t\t\t\t\t\t\t<h2 \n\t\tdata-interaction-id=\"3eb4448\" \n\t\tclass=\"e-heading-base\" \n\t\t \n\t\tdata-e-type=\"widget\" data-id=\"3eb4448\"\n\t>\n\t\n\t\t\tDiscernir la vocaci\u00f3n a la vida consagrada\n\t\t<\/h2>\n\t\t\t\t\t\t\t\t\t<div data-id=\"40de73e\" data-interaction-id=\"40de73e\" data-e-type=\"e-youtube\"  class=\"e-youtube-base\" data-settings=\"&#x7B;&quot;source&quot;&#x3A;&quot;https&#x3A;&#x5C;&#x2F;&#x5C;&#x2F;youtu.be&#x5C;&#x2F;ZN-HCZwhpio&#x3F;si&#x3D;PHj2dmK0tWzRfR1k&quot;,&quot;autoplay&quot;&#x3A;false,&quot;mute&quot;&#x3A;false,&quot;controls&quot;&#x3A;true,&quot;cc_load_policy&quot;&#x3A;false,&quot;loop&quot;&#x3A;false,&quot;rel&quot;&#x3A;true,&quot;start&quot;&#x3A;null,&quot;end&quot;&#x3A;null,&quot;privacy&quot;&#x3A;false,&quot;lazyload&quot;&#x3A;false&#x7D;\"><\/div>\n\t\t\t\t<\/div>\n\t\t<div class=\"elementor-element elementor-element-1fbaf67 e-con-full e-flex e-con e-child\" data-id=\"1fbaf67\" data-element_type=\"container\" data-e-type=\"container\" data-settings=\"{&quot;jet_parallax_layout_list&quot;:[]}\">\n\t\t\t\t\t\t\t<h2 \n\t\tdata-interaction-id=\"bb29eec\" \n\t\tclass=\"e-heading-base\" \n\t\t \n\t\tdata-e-type=\"widget\" data-id=\"bb29eec\"\n\t>\n\t\n\t\t\tTodo lo que quer\u00edas saber sobre las Hermanas Cat\u00f3licas pero no te atrev\u00edas a preguntar\n\t\t<\/h2>\n\t\t\t\t\t\t\t\t\t<div data-id=\"ffa678a\" data-interaction-id=\"ffa678a\" data-e-type=\"e-youtube\"  class=\"e-youtube-base\" data-settings=\"&#x7B;&quot;source&quot;&#x3A;&quot;https&#x3A;&#x5C;&#x2F;&#x5C;&#x2F;youtu.be&#x5C;&#x2F;OxQzKKkXctQ&quot;,&quot;autoplay&quot;&#x3A;false,&quot;mute&quot;&#x3A;false,&quot;controls&quot;&#x3A;true,&quot;cc_load_policy&quot;&#x3A;false,&quot;loop&quot;&#x3A;false,&quot;rel&quot;&#x3A;true,&quot;start&quot;&#x3A;null,&quot;end&quot;&#x3A;null,&quot;privacy&quot;&#x3A;false,&quot;lazyload&quot;&#x3A;false&#x7D;\"><\/div>\n\t\t\t\t<\/div>\n\t\t\t\t\t<\/div>\n\t\t\t\t<\/div>\n\t\t<div class=\"elementor-element elementor-element-d8ba0c2 e-flex e-con-boxed e-con e-parent\" data-id=\"d8ba0c2\" data-element_type=\"container\" data-e-type=\"container\" data-settings=\"{&quot;jet_parallax_layout_list&quot;:[]}\">\n\t\t\t\t\t<div class=\"e-con-inner\">\n\t\t\t\t<div class=\"elementor-element elementor-element-0960b3c elementor-blockquote--skin-border elementor-blockquote--button-view-icon-text elementor-blockquote--button-skin-classic elementor-widget elementor-widget-blockquote\" data-id=\"0960b3c\" data-element_type=\"widget\" data-e-type=\"widget\" data-widget_type=\"blockquote.default\">\n\t\t\t\t\t\t\t<blockquote class=\"elementor-blockquote\">\n\t\t\t<p class=\"elementor-blockquote__content\">\n\t\t\t\tA lo largo de los siglos, han surgido otras muchas formas de vida religiosa, en las que innumerables personas, renunciando al mundo, se han consagrado a Dios mediante la profesi\u00f3n p\u00fablica de los consejos evang\u00e9licos, de acuerdo con un carisma espec\u00edfico y en una forma estable de vida en com\u00fan, con el fin de llevar a cabo diversas formas de servicio apost\u00f3lico al Pueblo de Dios... Este es un testimonio espl\u00e9ndido y variado, que refleja la multiplicidad de dones concedidos por Dios a los fundadores y fundadoras quienes, abiertos a la acci\u00f3n del Esp\u00edritu Santo, interpretaron con acierto los signos de los tiempos y respondieron sabiamente a las nuevas necesidades. Siguiendo sus pasos, muchas otras personas han buscado, con palabras y obras, encarnar el Evangelio en sus propias vidas, trayendo de nuevo a su tiempo la presencia viva de Jes\u00fas, el Consagrado por excelencia, el Enviado por el Padre. En cada \u00e9poca, los hombres y mujeres consagrados deben seguir siendo im\u00e1genes de Cristo Se\u00f1or, fomentando mediante la oraci\u00f3n una profunda comuni\u00f3n de esp\u00edritu con \u00c9l (cf. Fil 2, 5-11), para que toda su vida est\u00e9 impregnada de esp\u00edritu apost\u00f3lico y su labor apost\u00f3lica, de contemplaci\u00f3n. \t\t\t<\/p>\n\t\t\t\t\t\t\t<div class=\"e-q-footer\">\n\t\t\t\t\t\t\t\t\t\t\t<cite class=\"elementor-blockquote__author\">Vita Consecrata, 9<\/cite>\n\t\t\t\t\t\t\t\t\t\t\t\t\t\t\t\t<a href=\"https:\/\/twitter.com\/intent\/tweet?text=Down+the+centuries%2C+a+variety+of+other+expressions+of+religious+life%2C+in+which+countless+persons%2C+renouncing+the+world%2C+have+consecrated+themselves+to+God+through+the+public+profession+of+the+evangelical+counsels+in+accordance+with+a+specific+charism+and+in+a+stable+form+of+common+life%2C+for+the+sake+of+carrying+out+different+forms+of+apostolic+service+to+the+People+of+God...+This+is+a+splendid+and+varied+testimony%2C+reflecting+the+multiplicity+of+gifts+bestowed+by+God+on+founders+and+foundresses+who%2C+in+openness+to+the+working+of+the+Holy+Spirit%2C+successfully+interpreted+the+signs+of+the+times+and+responded+wisely+to+new+needs.+Following+in+their+footsteps%2C+many+other+people+have+sought+by+word+and+deed+to+embody+the+Gospel+in+their+own+lives%2C+bringing+anew+to+their+own+times+the+living+presence+of+Jesus%2C+the+Consecrated+One+par+excellence%2C+the+One+sent+by+the+Father.+In+every+age+consecrated+men+and+women+must+continue+to+be+images+of+Christ+the+Lord%2C+fostering+through+prayer+a+profound+communion+of+mind+with+him+%28cf.+Phil+2%3A5-11%29%2C+so+that+their+whole+lives+may+be+penetrated+by+an+apostolic+spirit+and+their+apostolic+work+with+contemplation.++%E2%80%94+Vita+Consecrata%2C+9&amp;url=https%3A%2F%2Fwww.archspm.org%2Freligious-sisters%2F\" class=\"elementor-blockquote__tweet-button\" target=\"_blank\">\n\t\t\t\t\t\t\t\t\t\t\t\t\t\t\t<i aria-hidden=\"true\" class=\"fab fa-twitter\"><\/i>\t\t\t\t\t\t\t\t\t\t\t\t\t\t\t\t\t\t\t\t\t\t\t\t\t\t\t\t\t\t<span class=\"elementor-blockquote__tweet-label\">Tweet<\/span>\n\t\t\t\t\t\t\t\t\t\t\t\t\t<\/a>\n\t\t\t\t\t\t\t\t\t<\/div>\n\t\t\t\t\t<\/blockquote>\n\t\t\t\t\t\t<\/div>\n\t\t\t\t\t<\/div>\n\t\t\t\t<\/div>\n\t\t\t\t<\/div>","protected":false},"excerpt":{"rendered":"<p>We are blessed in our Church, including in our Archdiocese, with multiple forms and expressions of consecrated life. This includes the many religious sisters who have and currently live, witness, and serve in our Archdiocese. More than what religious sisters do, their gift is who they are as consecrated women. For Catholic Sisters Week 2024, [&hellip;]<\/p>\n","protected":false},"author":2,"featured_media":7345,"parent":0,"menu_order":0,"comment_status":"closed","ping_status":"closed","template":"","meta":{"footnotes":""},"class_list":["post-1594","page","type-page","status-publish","has-post-thumbnail","hentry"],"_links":{"self":[{"href":"https:\/\/www.archspm.org\/es\/wp-json\/wp\/v2\/pages\/1594","targetHints":{"allow":["GET"]}}],"collection":[{"href":"https:\/\/www.archspm.org\/es\/wp-json\/wp\/v2\/pages"}],"about":[{"href":"https:\/\/www.archspm.org\/es\/wp-json\/wp\/v2\/types\/page"}],"author":[{"embeddable":true,"href":"https:\/\/www.archspm.org\/es\/wp-json\/wp\/v2\/users\/2"}],"replies":[{"embeddable":true,"href":"https:\/\/www.archspm.org\/es\/wp-json\/wp\/v2\/comments?post=1594"}],"version-history":[{"count":0,"href":"https:\/\/www.archspm.org\/es\/wp-json\/wp\/v2\/pages\/1594\/revisions"}],"wp:featuredmedia":[{"embeddable":true,"href":"https:\/\/www.archspm.org\/es\/wp-json\/wp\/v2\/media\/7345"}],"wp:attachment":[{"href":"https:\/\/www.archspm.org\/es\/wp-json\/wp\/v2\/media?parent=1594"}],"curies":[{"name":"wp","href":"https:\/\/api.w.org\/{rel}","templated":true}]}}