{"id":1598,"date":"2024-03-12T19:49:09","date_gmt":"2024-03-12T23:49:09","guid":{"rendered":"https:\/\/www.archspm.org\/chapter-two-for-those-entering-a-second-marriage\/"},"modified":"2025-10-23T15:43:31","modified_gmt":"2025-10-23T19:43:31","slug":"chapter-two-for-those-entering-a-second-marriage","status":"publish","type":"page","link":"https:\/\/www.archspm.org\/es\/marriage\/chapter-two-for-those-entering-a-second-marriage\/","title":{"rendered":"Cap\u00edtulo dos: Para quienes contraen un segundo matrimonio"},"content":{"rendered":"<div data-elementor-type=\"wp-page\" data-elementor-id=\"1598\" class=\"elementor elementor-1598\" data-elementor-post-type=\"page\">\n\t\t\t\t<div class=\"elementor-element elementor-element-3ea72a08 e-flex e-con-boxed e-con e-parent\" data-id=\"3ea72a08\" data-element_type=\"container\" data-e-type=\"container\" data-settings=\"{&quot;jet_parallax_layout_list&quot;:[]}\">\n\t\t\t\t\t<div class=\"e-con-inner\">\n\t\t\t\t<div class=\"elementor-element elementor-element-387363c4 elementor-widget elementor-widget-text-editor\" data-id=\"387363c4\" data-element_type=\"widget\" data-e-type=\"widget\" data-widget_type=\"text-editor.default\">\n\t\t\t\t\t\t\t\t\t<p><span class=\"TextRun SCXW151909920 BCX0\" lang=\"EN-US\" data-contrast=\"auto\"><span class=\"NormalTextRun SCXW151909920 BCX0\">El retiro de preparaci\u00f3n matrimonial \u00abCap\u00edtulo Dos\u00bb est\u00e1 dise\u00f1ado para parejas en las que uno de los <\/span><span class=\"NormalTextRun SCXW151909920 BCX0\">ambos son<\/span><span class=\"NormalTextRun SCXW151909920 BCX0\"> contraer un segundo matrimonio.<\/span><span class=\"NormalTextRun SCXW151909920 BCX0\"> Este retiro, destinado a la Arquidi\u00f3cesis de Saint Paul y Minneapolis y a las di\u00f3cesis vecinas, ayuda a las parejas a prepararse para recibir el sacramento del matrimonio mediante la reflexi\u00f3n sobre la belleza y la riqueza de la ense\u00f1anza de la Iglesia sobre el matrimonio y la familia, al tiempo que se analizan los desaf\u00edos y las complejidades propios de su situaci\u00f3n. Las charlas son impartidas por sacerdotes, <\/span><span class=\"NormalTextRun SCXW151909920 BCX0\">ed<\/span><span class=\"NormalTextRun SCXW151909920 BCX0\">educadores<\/span><span class=\"NormalTextRun SCXW151909920 BCX0\"> a<\/span><span class=\"NormalTextRun SCXW151909920 BCX0\">y los laicos.\u00a0<\/span><\/span><\/p><p><a href=\"https:\/\/www.churchofsaintpaul.com\/chapter-two\" target=\"_blank\" rel=\"noopener\">Ver detalles e inscribirse<\/a>.<\/p>\t\t\t\t\t\t\t\t<\/div>\n\t\t\t\t\t<\/div>\n\t\t\t\t<\/div>\n\t\t\t\t<\/div>","protected":false},"excerpt":{"rendered":"<p>Chapter Two Marriage Prep Retreat is designed for couples in which one or both are entering into a second marriage. This retreat, serving the Archdiocese of Saint Paul and Minneapolis and surrounding dioceses, helps couples prepare to receive the Sacrament of Matrimony through reflecting on the beauty and richness of the Church&#8217;s teaching on marriage [&hellip;]<\/p>\n","protected":false},"author":2,"featured_media":0,"parent":959,"menu_order":0,"comment_status":"closed","ping_status":"closed","template":"","meta":{"footnotes":""},"class_list":["post-1598","page","type-page","status-publish","hentry"],"_links":{"self":[{"href":"https:\/\/www.archspm.org\/es\/wp-json\/wp\/v2\/pages\/1598","targetHints":{"allow":["GET"]}}],"collection":[{"href":"https:\/\/www.archspm.org\/es\/wp-json\/wp\/v2\/pages"}],"about":[{"href":"https:\/\/www.archspm.org\/es\/wp-json\/wp\/v2\/types\/page"}],"author":[{"embeddable":true,"href":"https:\/\/www.archspm.org\/es\/wp-json\/wp\/v2\/users\/2"}],"replies":[{"embeddable":true,"href":"https:\/\/www.archspm.org\/es\/wp-json\/wp\/v2\/comments?post=1598"}],"version-history":[{"count":0,"href":"https:\/\/www.archspm.org\/es\/wp-json\/wp\/v2\/pages\/1598\/revisions"}],"up":[{"embeddable":true,"href":"https:\/\/www.archspm.org\/es\/wp-json\/wp\/v2\/pages\/959"}],"wp:attachment":[{"href":"https:\/\/www.archspm.org\/es\/wp-json\/wp\/v2\/media?parent=1598"}],"curies":[{"name":"wp","href":"https:\/\/api.w.org\/{rel}","templated":true}]}}