{"id":1600,"date":"2024-06-27T19:25:01","date_gmt":"2024-06-27T23:25:01","guid":{"rendered":"https:\/\/www.archspm.org\/year2events\/"},"modified":"2025-04-16T06:56:00","modified_gmt":"2025-04-16T10:56:00","slug":"year2events","status":"publish","type":"page","link":"https:\/\/www.archspm.org\/es\/year2events\/","title":{"rendered":"Acontecimientos para el a\u00f1o 2: La Misa"},"content":{"rendered":"<p>\u00danase a nuestra Iglesia Cat\u00f3lica local en estos eventos para profundizar su experiencia de la Misa y su relaci\u00f3n con Jes\u00fas en la Eucarist\u00eda. <a href=\"https:\/\/www.archspm.org\/es\/year2\/\">M\u00e1s informaci\u00f3n sobre el A\u00f1o 2<\/a>.<\/p>","protected":false},"excerpt":{"rendered":"<p>Join our local Catholic Church in these events to deepen your experience of the Mass and relationship with Jesus in the Eucharist. Learn more about Year 2.<\/p>","protected":false},"author":2,"featured_media":6798,"parent":0,"menu_order":0,"comment_status":"closed","ping_status":"closed","template":"","meta":{"footnotes":""},"class_list":["post-1600","page","type-page","status-publish","has-post-thumbnail","hentry"],"_links":{"self":[{"href":"https:\/\/www.archspm.org\/es\/wp-json\/wp\/v2\/pages\/1600","targetHints":{"allow":["GET"]}}],"collection":[{"href":"https:\/\/www.archspm.org\/es\/wp-json\/wp\/v2\/pages"}],"about":[{"href":"https:\/\/www.archspm.org\/es\/wp-json\/wp\/v2\/types\/page"}],"author":[{"embeddable":true,"href":"https:\/\/www.archspm.org\/es\/wp-json\/wp\/v2\/users\/2"}],"replies":[{"embeddable":true,"href":"https:\/\/www.archspm.org\/es\/wp-json\/wp\/v2\/comments?post=1600"}],"version-history":[{"count":0,"href":"https:\/\/www.archspm.org\/es\/wp-json\/wp\/v2\/pages\/1600\/revisions"}],"wp:featuredmedia":[{"embeddable":true,"href":"https:\/\/www.archspm.org\/es\/wp-json\/wp\/v2\/media\/6798"}],"wp:attachment":[{"href":"https:\/\/www.archspm.org\/es\/wp-json\/wp\/v2\/media?parent=1600"}],"curies":[{"name":"wp","href":"https:\/\/api.w.org\/{rel}","templated":true}]}}