{"id":1604,"date":"2024-11-12T22:46:50","date_gmt":"2024-11-13T03:46:50","guid":{"rendered":"https:\/\/www.archspm.org\/who-we-are\/"},"modified":"2026-03-30T15:21:30","modified_gmt":"2026-03-30T19:21:30","slug":"who-we-are","status":"publish","type":"page","link":"https:\/\/www.archspm.org\/es\/who-we-are\/","title":{"rendered":"Qui\u00e9nes somos"},"content":{"rendered":"<div data-elementor-type=\"wp-page\" data-elementor-id=\"1604\" class=\"elementor elementor-1604\" data-elementor-post-type=\"page\">\n\t\t\t\t<div class=\"elementor-element elementor-element-21d4381e e-flex e-con-boxed e-con e-parent\" data-id=\"21d4381e\" data-element_type=\"container\" data-e-type=\"container\" data-settings=\"{&quot;jet_parallax_layout_list&quot;:[]}\">\n\t\t\t\t\t<div class=\"e-con-inner\">\n\t\t\t\t<div class=\"elementor-element elementor-element-329aa60 elementor-widget elementor-widget-heading\" data-id=\"329aa60\" data-element_type=\"widget\" data-e-type=\"widget\" data-widget_type=\"heading.default\">\n\t\t\t\t\t<h1 class=\"elementor-heading-title elementor-size-default\">Qui\u00e9nes somos<\/h1>\t\t\t\t<\/div>\n\t\t\t\t<div class=\"elementor-element elementor-element-6e7f7ca7 elementor-widget elementor-widget-text-editor\" data-id=\"6e7f7ca7\" data-element_type=\"widget\" data-e-type=\"widget\" data-widget_type=\"text-editor.default\">\n\t\t\t\t\t\t\t\t\t<p>La Arquidi\u00f3cesis de Saint Paul y Minneapolis es el hogar de cientos de miles de cat\u00f3licos en el \u00e1rea metropolitana de las Ciudades Gemelas, que abarca 12 condados. Actualmente, la arquidi\u00f3cesis est\u00e1 dirigida por <a href=\"https:\/\/www.archspm.org\/es\/offices\/office-of-the-archbishop\/\">Arzobispo Bernard Hebda<\/a>Arzobispo de Saint Paul y Minneapolis.<\/p><p><strong>LIDERAZGO<\/strong><\/p><ul><li><a href=\"https:\/\/www.archspm.org\/es\/archbishop-bernard-hebda\/\">Arzobispo Bernard Hebda<\/a><\/li><li><a href=\"https:\/\/www.archspm.org\/es\/offices\/bishop-michael-izen\/\">Obispo Michael Izen<\/a><\/li><li><a href=\"https:\/\/www.archspm.org\/es\/offices\/bishop-kevin-kenney\/\">Obispo Kevin Kenney<\/a><\/li><li><a href=\"https:\/\/www.archspm.org\/es\/offices\/very-reverend-michael-tix\/\">Reverend\u00edsimo Michael Tix, Vicario General<\/a><\/li><li><a href=\"https:\/\/www.archspm.org\/es\/offices\/bill-lentsch-coo\/\">Bill Lentsch, Director de Operaciones<\/a><\/li><\/ul><p>M\u00e1s informaci\u00f3n <a href=\"https:\/\/www.archspm.org\/es\/past-bishops\/\">antiguos obispos<\/a>.<\/p><p><strong>CENTRO CAT\u00d3LICO ARQUIDIOCESANO<\/strong><\/p><ul><li><a href=\"https:\/\/www.archspm.org\/es\/offices\/\">Oficinas de la Archidi\u00f3cesis<\/a><\/li><li><a href=\"https:\/\/www.archspm.org\/es\/staff-directory\/\">Directorio del personal<\/a><\/li><li><a href=\"https:\/\/www.archspm.org\/es\/contact-us\/\">P\u00f3ngase en contacto con nosotros<\/a><\/li><\/ul><p><strong>\u00d3RGANOS CONSULTIVOS<\/strong><\/p><p>El Arzobispo se apoya en \u00f3rganos consultivos -formados por cl\u00e9rigos y laicos cat\u00f3licos- para que le ayuden en el gobierno de la Archidi\u00f3cesis. Estas mujeres y hombres ofrecen generosamente su tiempo y comparten su experiencia en muchas \u00e1reas. M\u00e1s informaci\u00f3n sobre el <a href=\"https:\/\/www.archspm.org\/es\/consultative-bodies\/\">\u00d3rganos consultivos de la Archidi\u00f3cesis<\/a>.<\/p><p><b>SOBRE LA ARCHIDI\u00d3CESIS<\/b><\/p><p>Establecida como di\u00f3cesis en 1850 (originalmente Minnesota y las Dakotas), la Santa Sede la elev\u00f3 a archidi\u00f3cesis en 1888. En la actualidad, los l\u00edmites de la archidi\u00f3cesis son los 12 condados del \u00e1rea metropolitana de las Ciudades Gemelas. La archidi\u00f3cesis alberga 186 parroquias y 89 escuelas cat\u00f3licas.<\/p><p>Lea nuestro <a href=\"https:\/\/www.archspm.org\/es\/our-history\/\">Historia de la archidi\u00f3cesis<\/a>.<\/p><p><strong>DECLARACI\u00d3N DE OBJETIVOS<\/strong><\/p><p>Enviados por el Esp\u00edritu Santo para dar a conocer a Jes\u00fas y hacerlo amar.<\/p><p><strong>DECLARACI\u00d3N DE OBJETIVOS DEL CENTRO CAT\u00d3LICO ARQUIDIOCESANO<\/strong><\/p><p>Asistir a la oficina del Arzobispo en su ministerio apost\u00f3lico y proporcionar apoyo a nuestros socios ministeriales, especialmente parroquias y escuelas, para que cumplan su misi\u00f3n.<\/p><p><strong>VALORES FUNDAMENTALES<\/strong><\/p><p>El Centro Cat\u00f3lico Arquidiocesano ha adoptado estos cinco valores fundamentales como parte de los esfuerzos continuos para mejorar el servicio a esta Arquidi\u00f3cesis: Centrado en Cristo. Respeto. Integridad. Administraci\u00f3n. Servicio.\u00a0<a href=\"https:\/\/www.archspm.org\/es\/corevalues\/\">M\u00e1s informaci\u00f3n<\/a>.<\/p><p><strong>M\u00c1S RECURSOS<\/strong><\/p><ul><li><a href=\"https:\/\/www.archspm.org\/es\/category\/ecumenical-guides\/\">Gu\u00edas ecum\u00e9nicas<\/a><\/li><li><a href=\"https:\/\/www.archspm.org\/es\/category\/pastoral-letters\/\">Cartas pastorales<\/a><\/li><\/ul>\t\t\t\t\t\t\t\t<\/div>\n\t\t\t\t\t<\/div>\n\t\t\t\t<\/div>\n\t\t\t\t<\/div>","protected":false},"excerpt":{"rendered":"<p>Who We Are The Archdiocese of Saint Paul and Minneapolis is home to hundreds of thousands of Catholics in the 12-county greater Twin Cities metropolitan area. The archdiocese is currently led by Archbishop Bernard Hebda, Archbishop of Saint Paul and Minneapolis. LEADERSHIP Archbishop Bernard Hebda Bishop Michael Izen Bishop Kevin Kenney Very Reverend Michael Tix, [&hellip;]<\/p>\n","protected":false},"author":2,"featured_media":6644,"parent":0,"menu_order":0,"comment_status":"closed","ping_status":"closed","template":"","meta":{"footnotes":""},"class_list":["post-1604","page","type-page","status-publish","has-post-thumbnail","hentry"],"_links":{"self":[{"href":"https:\/\/www.archspm.org\/es\/wp-json\/wp\/v2\/pages\/1604","targetHints":{"allow":["GET"]}}],"collection":[{"href":"https:\/\/www.archspm.org\/es\/wp-json\/wp\/v2\/pages"}],"about":[{"href":"https:\/\/www.archspm.org\/es\/wp-json\/wp\/v2\/types\/page"}],"author":[{"embeddable":true,"href":"https:\/\/www.archspm.org\/es\/wp-json\/wp\/v2\/users\/2"}],"replies":[{"embeddable":true,"href":"https:\/\/www.archspm.org\/es\/wp-json\/wp\/v2\/comments?post=1604"}],"version-history":[{"count":5,"href":"https:\/\/www.archspm.org\/es\/wp-json\/wp\/v2\/pages\/1604\/revisions"}],"predecessor-version":[{"id":14820,"href":"https:\/\/www.archspm.org\/es\/wp-json\/wp\/v2\/pages\/1604\/revisions\/14820"}],"wp:featuredmedia":[{"embeddable":true,"href":"https:\/\/www.archspm.org\/es\/wp-json\/wp\/v2\/media\/6644"}],"wp:attachment":[{"href":"https:\/\/www.archspm.org\/es\/wp-json\/wp\/v2\/media?parent=1604"}],"curies":[{"name":"wp","href":"https:\/\/api.w.org\/{rel}","templated":true}]}}