{"id":1608,"date":"2024-10-30T22:03:59","date_gmt":"2024-10-31T02:03:59","guid":{"rendered":"https:\/\/www.archspm.org\/why-is-receiving-communion-vital-to-the-catholic-faith\/"},"modified":"2024-10-30T22:03:59","modified_gmt":"2024-10-31T02:03:59","slug":"why-is-receiving-communion-vital-to-the-catholic-faith","status":"publish","type":"page","link":"https:\/\/www.archspm.org\/es\/why-is-receiving-communion-vital-to-the-catholic-faith\/","title":{"rendered":"\u00bfPor qu\u00e9 recibir la Comuni\u00f3n es vital para la fe cat\u00f3lica?"},"content":{"rendered":"<p>La Sagrada Comuni\u00f3n es \u201cla fuente y el culmen de la vida cristiana\u201d (CIC 1324). Los ap\u00f3stoles y las primeras comunidades cristianas se reun\u00edan en comunidad para celebrar la Eucarist\u00eda. En los Hechos de los Ap\u00f3stoles leemos: \u201cSe dedicaban a la ense\u00f1anza de los ap\u00f3stoles y a la vida en comunidad, a la<strong>\u00a0<\/strong>\u201dpartir el pan y a las oraciones\u201c (Hechos 2:42). San Pablo tambi\u00e9n se refiere a la celebraci\u00f3n de la comuni\u00f3n al escribir: \u201d\u00bfAcaso la copa de bendici\u00f3n que bendecimos no es una participaci\u00f3n en la sangre de Cristo? \u00bfY el pan que partimos no es una participaci\u00f3n en el cuerpo de Cristo?\u00bb (1 Corintios 10:16).<\/p>\n<p>Jes\u00fas eligi\u00f3 ese momento para revelar su identidad poco despu\u00e9s de la resurrecci\u00f3n, tras haber caminado junto a dos viajeros en el camino a Ema\u00fas: \u201cY sucedi\u00f3 que, mientras estaba con ellos a la mesa, tom\u00f3 el pan, dio las gracias, lo parti\u00f3 y se lo dio. Entonces se les abrieron los ojos y lo reconocieron, pero \u00e9l se les ocult\u00f3 de la vista\u2026 Entonces los dos contaron lo que hab\u00eda sucedido en el camino y c\u00f3mo se les hab\u00eda dado a conocer al partir el pan\u201d (Lucas 24: 30-31, 35).<\/p>","protected":false},"excerpt":{"rendered":"<p>Holy Communion\u00a0is\u00a0\u201cthe source and summit of the Christian Life.\u201d (CCC 1324).\u00a0The Apostles and earliest Christian communities joined in community for celebration of the Eucharist. In the Acts of the Apostles, we read, \u201cThey\u00a0devoted themselves to the teaching of the apostles and to the communal life, to the\u00a0breaking of the bread\u00a0and to the prayers\u201d\u00a0(Acts 2:42).\u00a0St. Paul [&hellip;]<\/p>\n","protected":false},"author":2,"featured_media":6955,"parent":0,"menu_order":0,"comment_status":"closed","ping_status":"closed","template":"","meta":{"footnotes":""},"class_list":["post-1608","page","type-page","status-publish","has-post-thumbnail","hentry"],"_links":{"self":[{"href":"https:\/\/www.archspm.org\/es\/wp-json\/wp\/v2\/pages\/1608","targetHints":{"allow":["GET"]}}],"collection":[{"href":"https:\/\/www.archspm.org\/es\/wp-json\/wp\/v2\/pages"}],"about":[{"href":"https:\/\/www.archspm.org\/es\/wp-json\/wp\/v2\/types\/page"}],"author":[{"embeddable":true,"href":"https:\/\/www.archspm.org\/es\/wp-json\/wp\/v2\/users\/2"}],"replies":[{"embeddable":true,"href":"https:\/\/www.archspm.org\/es\/wp-json\/wp\/v2\/comments?post=1608"}],"version-history":[{"count":0,"href":"https:\/\/www.archspm.org\/es\/wp-json\/wp\/v2\/pages\/1608\/revisions"}],"wp:featuredmedia":[{"embeddable":true,"href":"https:\/\/www.archspm.org\/es\/wp-json\/wp\/v2\/media\/6955"}],"wp:attachment":[{"href":"https:\/\/www.archspm.org\/es\/wp-json\/wp\/v2\/media?parent=1608"}],"curies":[{"name":"wp","href":"https:\/\/api.w.org\/{rel}","templated":true}]}}