{"id":1609,"date":"2024-10-30T22:06:01","date_gmt":"2024-10-31T02:06:01","guid":{"rendered":"https:\/\/www.archspm.org\/if-i-can-work-from-home-why-cant-i-worship-from-home\/"},"modified":"2024-10-30T22:06:01","modified_gmt":"2024-10-31T02:06:01","slug":"if-i-can-work-from-home-why-cant-i-worship-from-home","status":"publish","type":"page","link":"https:\/\/www.archspm.org\/es\/if-i-can-work-from-home-why-cant-i-worship-from-home\/","title":{"rendered":"Si puedo trabajar desde casa, \u00bfpor qu\u00e9 no puedo rendir culto desde casa?"},"content":{"rendered":"<p>Es muy poderoso cuando nos reunimos para orar. Jes\u00fas nos dice: \u201cPorque donde dos o tres se re\u00fanen en mi nombre, all\u00ed estoy yo en medio de ellos\u201d (Mateo 18:20). Sin duda, podemos orar en cualquier lugar; el Se\u00f1or nos invita a tener una relaci\u00f3n con \u00c9l. Pero hay algo muy especial en reunirnos para adorar durante el d\u00eda de reposo (de la tarde del s\u00e1bado al domingo) en el santuario. San Juan Cris\u00f3stomo dijo: \u201cNo se puede orar en casa como en la iglesia, donde hay una gran multitud, donde se elevan exclamaciones a Dios como de un solo gran coraz\u00f3n, y donde hay algo m\u00e1s: la uni\u00f3n de las mentes, la armon\u00eda de las almas, el v\u00ednculo de la caridad, las oraciones de los sacerdotes\u201d (CCC 2179).<\/p>","protected":false},"excerpt":{"rendered":"<p>It is powerful when we come together to pray. Jesus tells us, \u201cFor where two or three are gathered together in my name, there am I in the midst of them.\u201d (Matthew 18:20) Certainly, we can pray anywhere; the Lord invites us to relationship with Him.\u00a0But there is something extra special about coming together in [&hellip;]<\/p>\n","protected":false},"author":2,"featured_media":6955,"parent":0,"menu_order":0,"comment_status":"closed","ping_status":"closed","template":"","meta":{"footnotes":""},"class_list":["post-1609","page","type-page","status-publish","has-post-thumbnail","hentry"],"_links":{"self":[{"href":"https:\/\/www.archspm.org\/es\/wp-json\/wp\/v2\/pages\/1609","targetHints":{"allow":["GET"]}}],"collection":[{"href":"https:\/\/www.archspm.org\/es\/wp-json\/wp\/v2\/pages"}],"about":[{"href":"https:\/\/www.archspm.org\/es\/wp-json\/wp\/v2\/types\/page"}],"author":[{"embeddable":true,"href":"https:\/\/www.archspm.org\/es\/wp-json\/wp\/v2\/users\/2"}],"replies":[{"embeddable":true,"href":"https:\/\/www.archspm.org\/es\/wp-json\/wp\/v2\/comments?post=1609"}],"version-history":[{"count":0,"href":"https:\/\/www.archspm.org\/es\/wp-json\/wp\/v2\/pages\/1609\/revisions"}],"wp:featuredmedia":[{"embeddable":true,"href":"https:\/\/www.archspm.org\/es\/wp-json\/wp\/v2\/media\/6955"}],"wp:attachment":[{"href":"https:\/\/www.archspm.org\/es\/wp-json\/wp\/v2\/media?parent=1609"}],"curies":[{"name":"wp","href":"https:\/\/api.w.org\/{rel}","templated":true}]}}