{"id":1612,"date":"2024-11-15T18:10:01","date_gmt":"2024-11-15T23:10:01","guid":{"rendered":"https:\/\/www.archspm.org\/how-to-join-the-church\/"},"modified":"2026-03-09T23:25:28","modified_gmt":"2026-03-10T03:25:28","slug":"how-to-join-the-church","status":"publish","type":"page","link":"https:\/\/www.archspm.org\/es\/how-to-join-the-church\/","title":{"rendered":"C\u00f3mo unirse a la Iglesia"},"content":{"rendered":"<div data-elementor-type=\"wp-page\" data-elementor-id=\"1612\" class=\"elementor elementor-1612\" data-elementor-post-type=\"page\">\n\t\t\t\t<div class=\"elementor-element elementor-element-592f2d1b e-flex e-con-boxed e-con e-parent\" data-id=\"592f2d1b\" data-element_type=\"container\" data-e-type=\"container\" data-settings=\"{&quot;jet_parallax_layout_list&quot;:[]}\">\n\t\t\t\t\t<div class=\"e-con-inner\">\n\t\t\t\t<div class=\"elementor-element elementor-element-5f5687ea elementor-widget elementor-widget-text-editor\" data-id=\"5f5687ea\" data-element_type=\"widget\" data-e-type=\"widget\" data-widget_type=\"text-editor.default\">\n\t\t\t\t\t\t\t\t\t\u00bfListo para aprender m\u00e1s sobre Jes\u00fas y la Iglesia que fund\u00f3, o considerando unirse a la Iglesia Cat\u00f3lica? Te unir\u00e1s a 1.200 millones de hermanas y hermanos cat\u00f3licos de todo el mundo. He aqu\u00ed c\u00f3mo:\r\n<ol>\r\n \t<li><a href=\"https:\/\/www.archspm.org\/es\/locations\/?q=&amp;rad=Any&amp;type%5B%5D=3479\"><strong>Encontrar una parroquia local<\/strong><\/a>. Esta es la comunidad a trav\u00e9s de la cual aprender\u00e1s m\u00e1s sobre la fe cat\u00f3lica, tendr\u00e1s oportunidades para encontrarte con Cristo y prepararte para unirte en plena comuni\u00f3n con la Iglesia.<\/li>\r\n \t<li><strong>Pregunte por el programa OCIA<\/strong>. OCIA significa \"Orden de Iniciaci\u00f3n Cristiana de Adultos\", y es un camino en el que, a lo largo del a\u00f1o (de oto\u00f1o a primavera), se puede aprender sobre la fe cat\u00f3lica, prepararse para los sacramentos y recibirlos. Nuestro Se\u00f1or instituy\u00f3 los sacramentos, que son signos externos de una gracia interior, y hay <a href=\"https:\/\/www.archspm.org\/es\/faith-and-discipleship\/catholic-faith\/what-is-a-sacrament-and-what-are-the-seven-sacraments-in-the-catholic-church\/\">siete en total<\/a>. El proceso de OCIA incluye recibir el sacramento de la reconciliaci\u00f3n (tambi\u00e9n llamado penitencia), y despu\u00e9s, en la Vigilia Pascual, recibir los sacramentos de iniciaci\u00f3n: bautismo (para los que a\u00fan no han sido bautizados), confirmaci\u00f3n y sagrada comuni\u00f3n.<\/li>\r\n \t<li><strong>\u00bfTiene dudas sobre el bautismo u otros sacramentos para ni\u00f1os?<\/strong> Aunque OCIA es para adultos, su parroquia tambi\u00e9n puede compartir c\u00f3mo los ni\u00f1os y j\u00f3venes que a\u00fan no han sido bautizados o recibido la primera comuni\u00f3n pueden prepararse para recibir los sacramentos.<\/li>\r\n<\/ol>\t\t\t\t\t\t\t\t<\/div>\n\t\t\t\t\t<\/div>\n\t\t\t\t<\/div>\n\t\t\t\t<\/div>","protected":false},"excerpt":{"rendered":"<p>Ready to learn more about Jesus and the Church he founded, or considering joining the Catholic Church? You&#8217;ll be joining 1.2 billion Catholic sisters and brothers throughout the world! Here&#8217;s how: Find a local parish. This is the community through which you&#8217;ll learn more about the Catholic faith, have opportunities to encounter Christ, and prepare [&hellip;]<\/p>\n","protected":false},"author":2,"featured_media":3674,"parent":0,"menu_order":0,"comment_status":"closed","ping_status":"closed","template":"","meta":{"footnotes":""},"class_list":["post-1612","page","type-page","status-publish","has-post-thumbnail","hentry"],"_links":{"self":[{"href":"https:\/\/www.archspm.org\/es\/wp-json\/wp\/v2\/pages\/1612","targetHints":{"allow":["GET"]}}],"collection":[{"href":"https:\/\/www.archspm.org\/es\/wp-json\/wp\/v2\/pages"}],"about":[{"href":"https:\/\/www.archspm.org\/es\/wp-json\/wp\/v2\/types\/page"}],"author":[{"embeddable":true,"href":"https:\/\/www.archspm.org\/es\/wp-json\/wp\/v2\/users\/2"}],"replies":[{"embeddable":true,"href":"https:\/\/www.archspm.org\/es\/wp-json\/wp\/v2\/comments?post=1612"}],"version-history":[{"count":5,"href":"https:\/\/www.archspm.org\/es\/wp-json\/wp\/v2\/pages\/1612\/revisions"}],"predecessor-version":[{"id":14516,"href":"https:\/\/www.archspm.org\/es\/wp-json\/wp\/v2\/pages\/1612\/revisions\/14516"}],"wp:featuredmedia":[{"embeddable":true,"href":"https:\/\/www.archspm.org\/es\/wp-json\/wp\/v2\/media\/3674"}],"wp:attachment":[{"href":"https:\/\/www.archspm.org\/es\/wp-json\/wp\/v2\/media?parent=1612"}],"curies":[{"name":"wp","href":"https:\/\/api.w.org\/{rel}","templated":true}]}}