{"id":1613,"date":"2024-11-15T17:04:38","date_gmt":"2024-11-15T22:04:38","guid":{"rendered":"https:\/\/www.archspm.org\/what-is-a-sacrament-and-what-are-the-seven-sacraments-in-the-catholic-church\/"},"modified":"2024-11-15T17:04:38","modified_gmt":"2024-11-15T22:04:38","slug":"what-is-a-sacrament-and-what-are-the-seven-sacraments-in-the-catholic-church","status":"publish","type":"page","link":"https:\/\/www.archspm.org\/es\/what-is-a-sacrament-and-what-are-the-seven-sacraments-in-the-catholic-church\/","title":{"rendered":"\u00bfQu\u00e9 es un sacramento y cu\u00e1les son los siete sacramentos de la Iglesia Cat\u00f3lica?"},"content":{"rendered":"<p><em>De \u201cSacramentos: el lenguaje de los signos cat\u00f3lico\u201d, de Jeff Cavins, en el <a href=\"https:\/\/www.thecatholicspirit.com\/digital-edition\/digital-edition-july-3-2013\/\" target=\"_blank\" rel=\"noopener\">N\u00famero del 3 de julio de 2013<\/a> de The Catholic Spirit<\/em><\/p>\n<p>Un sacramento es un signo sagrado instituido por Cristo para otorgar la gracia. Como signo, un sacramento no solo remite a algo real que trasciende su propia naturaleza, sino que tambi\u00e9n act\u00faa como canal de salvaci\u00f3n para el mundo. Se podr\u00eda decir que los sacramentos hablan un \u201clenguaje de signos\u201d propio.<\/p>\n<p>Hay siete sacramentos, divididos en tres categor\u00edas, que abarcan todos los momentos fundamentales de la vida cristiana:<\/p>\n<ul>\n<li>Sacramentos de iniciaci\u00f3n: el bautismo, la confirmaci\u00f3n y la sagrada comuni\u00f3n.<\/li>\n<li>Sacramentos de sanaci\u00f3n: la reconciliaci\u00f3n y la unci\u00f3n de los enfermos.<\/li>\n<li>Sacramentos de servicio: el orden sacerdotal y el matrimonio.<\/li>\n<\/ul>\n<p>Estos siete sacramentos nos brindan la oportunidad de recibir la gracia en momentos clave de nuestra vida. Desde el nacimiento hasta la preparaci\u00f3n para la muerte, Dios sale a nuestro encuentro y nos fortalece, nos sana y nos prepara para llevar una vida fruct\u00edfera.<\/p>\n<p>Entonces, \u00bfqu\u00e9 hay de real m\u00e1s all\u00e1 del signo del sacramento? Lo que es real es un encuentro con Jesucristo, Aquel que instituy\u00f3 los sacramentos en primer lugar. Cuando participamos en cualquiera de los siete sacramentos, se trata de un encuentro real con Cristo. No es magia; no es algo imaginario ni una mera esperanza. Es un encuentro genuino e interpersonal con el Dios vivo.<\/p>\n<p>Dios desea tener estos encuentros con nosotros y sabe que necesitamos su vida en nuestro camino por la vida y hacia el cielo. San Agust\u00edn dijo una vez: \u201cDios tiene sed de que tengamos sed de \u00c9l\u201d. El sacramento es un encuentro eficaz en medio de esa sed.<\/p>\n<p><em>Lee el art\u00edculo completo en la edici\u00f3n del 3 de julio de 2013, a partir de la p\u00e1gina 17, en <a href=\"https:\/\/www.thecatholicspirit.com\/digital-edition\/digital-edition-july-3-2013\/\" target=\"_blank\" rel=\"noopener\">El esp\u00edritu cat\u00f3lico<\/a>.<\/em><\/p>","protected":false},"excerpt":{"rendered":"<p>From \u201cSacraments: Catholic sign language,\u201d by Jeff Cavins, in the July 3, 2013 issue of The Catholic Spirit A sacrament is a sacred sign that was instituted by Christ to give grace. As a sign, a sacrament both signifies something real beyond itself and acts as a channel of salvation to the world. One could [&hellip;]<\/p>\n","protected":false},"author":2,"featured_media":6955,"parent":0,"menu_order":0,"comment_status":"closed","ping_status":"closed","template":"","meta":{"footnotes":""},"class_list":["post-1613","page","type-page","status-publish","has-post-thumbnail","hentry"],"_links":{"self":[{"href":"https:\/\/www.archspm.org\/es\/wp-json\/wp\/v2\/pages\/1613","targetHints":{"allow":["GET"]}}],"collection":[{"href":"https:\/\/www.archspm.org\/es\/wp-json\/wp\/v2\/pages"}],"about":[{"href":"https:\/\/www.archspm.org\/es\/wp-json\/wp\/v2\/types\/page"}],"author":[{"embeddable":true,"href":"https:\/\/www.archspm.org\/es\/wp-json\/wp\/v2\/users\/2"}],"replies":[{"embeddable":true,"href":"https:\/\/www.archspm.org\/es\/wp-json\/wp\/v2\/comments?post=1613"}],"version-history":[{"count":0,"href":"https:\/\/www.archspm.org\/es\/wp-json\/wp\/v2\/pages\/1613\/revisions"}],"wp:featuredmedia":[{"embeddable":true,"href":"https:\/\/www.archspm.org\/es\/wp-json\/wp\/v2\/media\/6955"}],"wp:attachment":[{"href":"https:\/\/www.archspm.org\/es\/wp-json\/wp\/v2\/media?parent=1613"}],"curies":[{"name":"wp","href":"https:\/\/api.w.org\/{rel}","templated":true}]}}