{"id":2148,"date":"2025-01-16T00:00:00","date_gmt":"2025-01-16T05:00:00","guid":{"rendered":"https:\/\/www.archspm.org\/100-ministerial-standardssafe-environment\/"},"modified":"2025-03-11T13:29:17","modified_gmt":"2025-03-11T17:29:17","slug":"100-ministerial-standardssafe-environment","status":"publish","type":"page","link":"https:\/\/www.archspm.org\/es\/policies\/100-ministerial-standardssafe-environment\/","title":{"rendered":"100 - Normas ministeriales\/Entorno seguro"},"content":{"rendered":"<p><a href=\"https:\/\/safe-environment.archspm.org\/100-ministerial-standardssafe-environment\/101-background-check-archdiocese\/\" target=\"_blank\" rel=\"noopener\">101 - Verificaci\u00f3n de antecedentes - Arquidi\u00f3cesis - 9\/29\/2016<\/a><\/p>\n<p><a href=\"https:\/\/safe-environment.archspm.org\/100-ministerial-standardssafe-environment\/102-background-check-model-policy-schools-parishes\/\" target=\"_blank\" rel=\"noopener\">102 - Verificaci\u00f3n de antecedentes - Modelo de pol\u00edtica para escuelas y parroquias - 9\/29\/2016<\/a><\/p>\n<p><a href=\"https:\/\/safe-environment.archspm.org\/100-ministerial-standardssafe-environment\/103-ministerial-review-board\/\" target=\"_blank\" rel=\"noopener\">103 - Junta de revisi\u00f3n ministerial - 22\/11\/2016<\/a><\/p>\n<p><a href=\"https:\/\/safe-environment.archspm.org\/100-ministerial-standardssafe-environment\/104-code-conduct-clergy\/\" target=\"_blank\" rel=\"noopener\">104 - C\u00f3digo de conducta del clero - 12\/2016<\/a><\/p>\n<p><a href=\"https:\/\/safe-environment.archspm.org\/100-ministerial-standardssafe-environment\/105-code-conduct-church-personnel\/\" target=\"_blank\" rel=\"noopener\">105 - C\u00f3digo de conducta del personal eclesi\u00e1stico - 12\/2016<\/a><\/p>\n<p><a href=\"https:\/\/safe-environment.archspm.org\/100-ministerial-standardssafe-environment\/106-code-conduct-adult-volunteers-interact-minors-vulnerable-adults\/\" target=\"_blank\" rel=\"noopener\">106 - C\u00f3digo de conducta para voluntarios adultos que interact\u00faan con menores o adultos vulnerables - 12\/2016<\/a><\/p>\n<p><a href=\"https:\/\/safe-environment.archspm.org\/100-ministerial-standardssafe-environment\/107-code-conduct-youth-employees-youth-volunteers-interact-children-youth-vulnerable-adults\/\" target=\"_blank\" rel=\"noopener\">107 - C\u00f3digo de conducta para j\u00f3venes empleados y j\u00f3venes voluntarios que interact\u00faan con ni\u00f1os, otros j\u00f3venes o adultos vulnerables - 6\/2015<\/a><\/p>\n<p><a href=\"https:\/\/safe-environment.archspm.org\/100-ministerial-standardssafe-environment\/108-whistleblower-policy\/\" target=\"_blank\" rel=\"noopener\">108 - Denuncia de irregularidades - Pol\u00edtica de protecci\u00f3n de los \"denunciantes\" - 22\/2\/2024<\/a><\/p>\n<p><a href=\"https:\/\/safe-environment.archspm.org\/100-ministerial-standardssafe-environment\/109-handling-evidence-policy\/\" target=\"_blank\" rel=\"noopener\">109 - Pol\u00edtica de manipulaci\u00f3n de pruebas - 12\/9\/2016<\/a><\/p>\n<p><a href=\"https:\/\/safe-environment.archspm.org\/100-ministerial-standardssafe-environment\/110-sexual-abuse-policy\/\" target=\"_blank\" rel=\"noopener\">110 - Pol\u00edtica en materia de abusos sexuales - 15\/12\/2016<\/a><\/p>\n<p><a href=\"https:\/\/safe-environment.archspm.org\/100-ministerial-standardssafe-environment\/111-sex-offender-policy\/\" target=\"_blank\" rel=\"noopener\">111 - Pol\u00edtica sobre delincuentes sexuales - 4\/5\/2022<\/a><\/p>\n<p><a href=\"https:\/\/safe-environment.archspm.org\/100-ministerial-standardssafe-environment\/112-addressing-allegations-of-misconduct-against-an-archbishop-or-bishop\/\" target=\"_blank\" rel=\"noopener\">112 - Tratamiento de las acusaciones de mala conducta contra un arzobispo u obispo - 4\/5\/2022<\/a><\/p>","protected":false},"excerpt":{"rendered":"<p>101 \u2013 Background Check \u2013 Archdiocese \u2013 9\/29\/2016 102 \u2013 Background Check \u2013 Model Policy for Schools &amp; Parishes \u2013 9\/29\/2016 103 \u2013 Ministerial Review Board \u00a0\u2013 11\/22\/2016 104 \u2013 Code of Conduct for Clergy \u2013 12\/2016 105 \u2013 Code of Conduct for Church Personnel \u2013 12\/2016 106 \u2013 Code of Conduct for Adult Volunteers [&hellip;]<\/p>\n","protected":false},"author":2,"featured_media":0,"parent":2211,"menu_order":0,"comment_status":"closed","ping_status":"closed","template":"","meta":{"footnotes":""},"class_list":["post-2148","page","type-page","status-publish","hentry"],"_links":{"self":[{"href":"https:\/\/www.archspm.org\/es\/wp-json\/wp\/v2\/pages\/2148","targetHints":{"allow":["GET"]}}],"collection":[{"href":"https:\/\/www.archspm.org\/es\/wp-json\/wp\/v2\/pages"}],"about":[{"href":"https:\/\/www.archspm.org\/es\/wp-json\/wp\/v2\/types\/page"}],"author":[{"embeddable":true,"href":"https:\/\/www.archspm.org\/es\/wp-json\/wp\/v2\/users\/2"}],"replies":[{"embeddable":true,"href":"https:\/\/www.archspm.org\/es\/wp-json\/wp\/v2\/comments?post=2148"}],"version-history":[{"count":0,"href":"https:\/\/www.archspm.org\/es\/wp-json\/wp\/v2\/pages\/2148\/revisions"}],"up":[{"embeddable":true,"href":"https:\/\/www.archspm.org\/es\/wp-json\/wp\/v2\/pages\/2211"}],"wp:attachment":[{"href":"https:\/\/www.archspm.org\/es\/wp-json\/wp\/v2\/media?parent=2148"}],"curies":[{"name":"wp","href":"https:\/\/api.w.org\/{rel}","templated":true}]}}