{"id":2159,"date":"2025-01-16T00:00:00","date_gmt":"2025-01-16T05:00:00","guid":{"rendered":"https:\/\/www.archspm.org\/200-administration\/"},"modified":"2025-10-10T01:18:41","modified_gmt":"2025-10-10T05:18:41","slug":"200-administration","status":"publish","type":"page","link":"https:\/\/www.archspm.org\/es\/policies\/200-administration\/","title":{"rendered":"200 - Administraci\u00f3n"},"content":{"rendered":"<p><a href=\"https:\/\/safe-environment.archspm.org\/200-administration\/201-acceptable-use-technology\/\" target=\"_blank\" rel=\"noopener\">201 - Pol\u00edtica de responsabilidad y uso aceptable de las comunicaciones electr\u00f3nicas - 15\/12\/2016<\/a><\/p>\n<p><a href=\"https:\/\/safe-environment.archspm.org\/200-administration\/202-employee-handbook-archdiocese\/\" target=\"_blank\" rel=\"noopener\">202 - Manual del Empleado (Empleados de la Archidi\u00f3cesis) - 8\/1\/2024<\/a><\/p>\n<p><a href=\"https:\/\/safe-environment.archspm.org\/200-administration\/203-employee-handbook-parishes-parish-regional-schools\/\" target=\"_blank\" rel=\"noopener\">203 - Manual del empleado (parroquias y escuelas parroquiales o regionales) - 5\/6\/2020<\/a><\/p>\n<p><a href=\"https:\/\/safe-environment.archspm.org\/200-administration\/204-records-retention-policy\/\" target=\"_blank\" rel=\"noopener\">204 - Pol\u00edtica de conservaci\u00f3n de documentos <\/a><a href=\"https:\/\/safe-environment.archspm.org\/200-administration\/204-records-retention-policy\/\" target=\"_blank\" rel=\"noopener\">\u2013 15\/10\/2025<\/a><\/p>\n<p><a href=\"https:\/\/safe-environment.archspm.org\/200-administration\/205-qualifications-for-selecting-speakers-recipients-of-award-honors-or-designations-and-exhibitors-and-vendors\/\" target=\"_blank\" rel=\"noopener\">205 - Requisitos para la selecci\u00f3n de ponentes, galardonados con premios, honores o designaciones, y expositores y vendedores - 11\/8\/2019<\/a><\/p>\n<p><a href=\"https:\/\/safe-environment.archspm.org\/200-administration\/206-sale-purchase-lease-parish-property\/\" target=\"_blank\" rel=\"noopener\">206 \u2013 Venta, compra y arrendamiento de bienes parroquiales \u2013 15\/10\/2025<\/a><\/p>\n<p><a href=\"https:\/\/safe-environment.archspm.org\/200-administration\/207-parish-finance-council-requirements\/\" target=\"_blank\" rel=\"noopener\">207 - Requisitos del Consejo Parroquial de Finanzas <\/a><a href=\"https:\/\/safe-environment.archspm.org\/200-administration\/207-parish-finance-council-requirements\/\" target=\"_blank\" rel=\"noopener\">- 12\/27\/2024<\/a><\/p>\n<p><a href=\"https:\/\/safe-environment.archspm.org\/200-administration\/209-parish-pastoral-council-requirements\/\" target=\"_blank\" rel=\"noopener\">209 - Requisitos del Consejo Pastoral Parroquial <\/a><a href=\"https:\/\/safe-environment.archspm.org\/200-administration\/209-parish-pastoral-council-requirements\/\" target=\"_blank\" rel=\"noopener\">- 11\/16\/2018<\/a><\/p>\n<p><a href=\"https:\/\/safe-environment.archspm.org\/200-administration\/210-litigation-hold-policy-for-archdiocese\/\" target=\"_blank\" rel=\"noopener\">210 - Pol\u00edtica de retenci\u00f3n de litigios para la Archidi\u00f3cesis <\/a><a href=\"https:\/\/safe-environment.archspm.org\/200-administration\/210-litigation-hold-policy-for-archdiocese\/\" target=\"_blank\" rel=\"noopener\">- 10\/18\/2018<\/a><\/p>\n<p><a href=\"https:\/\/safe-environment.archspm.org\/200-administration\/211-litigation-hold-model-policy-for-parishes\/\" target=\"_blank\" rel=\"noopener\">211 - Retenci\u00f3n de litigios - Modelo de pol\u00edtica para las parroquias <\/a><a href=\"https:\/\/safe-environment.archspm.org\/200-administration\/211-litigation-hold-model-policy-for-parishes\/\" target=\"_blank\" rel=\"noopener\">- 11\/9\/2018<\/a><\/p>\n<p><a href=\"https:\/\/safe-environment.archspm.org\/200-administration\/212-parish-trustees\/\" target=\"_blank\" rel=\"noopener\">212 - Administradores Parroquiales <\/a><a href=\"https:\/\/safe-environment.archspm.org\/200-administration\/212-parish-trustees\/\" target=\"_blank\" rel=\"noopener\">- 11\/27\/2018<\/a><\/p>\n<p><a href=\"https:\/\/safe-environment.archspm.org\/200-administration\/213-parish-cemeteries-and-columbaria\/\" target=\"_blank\" rel=\"noopener\">213 - Cementerios parroquiales y columbarios - 10\/11\/2019<\/a><\/p>\n<p><a href=\"https:\/\/safe-environment.archspm.org\/200-administration\/215-employment-review-board-archdiocese-parishes-schools\/\" target=\"_blank\" rel=\"noopener\">215 - Junta de Revisi\u00f3n de Empleo (Arquidi\u00f3cesis, Parroquias y Escuelas) - 9\/10\/2019<\/a><\/p>\n<p><a href=\"https:\/\/safe-environment.archspm.org\/200-administration\/216-required-approvals-for-parish-corporate-actions-proxies\/\" target=\"_blank\" rel=\"noopener\">216 - Aprobaciones requeridas para acciones corporativas parroquiales (poderes) - 1\/14\/2025<\/a><\/p>\n<p><a href=\"https:\/\/safe-environment.archspm.org\/200-administration\/217-archdiocesan-gift-acceptance-policy\/\" target=\"_blank\" rel=\"noopener\">217 - Pol\u00edtica Arquidiocesana de Aceptaci\u00f3n de Regalos - 3\/7\/2023<\/a><\/p>","protected":false},"excerpt":{"rendered":"<p>201 \u2013 Acceptable Use and Responsibility Policy for Electronic Communications \u2013 12\/15\/2016 202 \u2013 Employee Handbook (Employees of the Archdiocese) \u2013 8\/1\/2024 203 \u2013 Employee Handbook (Parishes and Parish or Regional Schools) \u2013 5\/6\/2020 204 \u2013 Records Retention Policy \u2013 10\/15\/2025 205 \u2013 Qualifications for Selecting Speakers, Recipients of Award, Honors or Designations, and Exhibitors [&hellip;]<\/p>\n","protected":false},"author":2,"featured_media":0,"parent":2211,"menu_order":0,"comment_status":"closed","ping_status":"closed","template":"","meta":{"footnotes":""},"class_list":["post-2159","page","type-page","status-publish","hentry"],"_links":{"self":[{"href":"https:\/\/www.archspm.org\/es\/wp-json\/wp\/v2\/pages\/2159","targetHints":{"allow":["GET"]}}],"collection":[{"href":"https:\/\/www.archspm.org\/es\/wp-json\/wp\/v2\/pages"}],"about":[{"href":"https:\/\/www.archspm.org\/es\/wp-json\/wp\/v2\/types\/page"}],"author":[{"embeddable":true,"href":"https:\/\/www.archspm.org\/es\/wp-json\/wp\/v2\/users\/2"}],"replies":[{"embeddable":true,"href":"https:\/\/www.archspm.org\/es\/wp-json\/wp\/v2\/comments?post=2159"}],"version-history":[{"count":0,"href":"https:\/\/www.archspm.org\/es\/wp-json\/wp\/v2\/pages\/2159\/revisions"}],"up":[{"embeddable":true,"href":"https:\/\/www.archspm.org\/es\/wp-json\/wp\/v2\/pages\/2211"}],"wp:attachment":[{"href":"https:\/\/www.archspm.org\/es\/wp-json\/wp\/v2\/media?parent=2159"}],"curies":[{"name":"wp","href":"https:\/\/api.w.org\/{rel}","templated":true}]}}