{"id":2168,"date":"2025-01-16T00:00:00","date_gmt":"2025-01-16T05:00:00","guid":{"rendered":"https:\/\/www.archspm.org\/209-parish-pastoral-council-requirements\/"},"modified":"2025-04-09T16:09:08","modified_gmt":"2025-04-09T20:09:08","slug":"209-parish-pastoral-council-requirements","status":"publish","type":"page","link":"https:\/\/www.archspm.org\/es\/policies\/200-administration\/209-parish-pastoral-council-requirements\/","title":{"rendered":"209 - Requisitos del Consejo Pastoral Parroquial"},"content":{"rendered":"<h4 style=\"text-align: center;\">\u00daltima actualizaci\u00f3n: 16\/11\/2018<\/h4>\n<div class=\"policy_button_container\"><a title=\"209 \u2013 Requisitos del Consejo Pastoral Parroquial|\" href=\"https:\/\/s3.amazonaws.com\/archspmpolicies\/200\/209+-+Parish+Pastoral+Council+Requirements_Policy+Only.pdf\" target=\"_blank\" rel=\"noopener\">Descargar PDF<\/a><\/div>\n<div class=\"policy_button_container\"><a title=\"Descargar plantilla|\" href=\"https:\/\/archspmpolicies.s3.us-east-1.amazonaws.com\/200\/Template+for+Parish+Pastoral+Council+Constitution+and+Bylaws_April+2025.docx\" target=\"_blank\" rel=\"noopener\">Descarga de plantillas<\/a><\/div>\n<h2>I. Objetivo<\/h2>\n<p>C\u00f3digo de Derecho Can\u00f3nico de 1983, can. 536 \u00a7 1. Si el obispo diocesano lo juzga oportuno, despu\u00e9s de haber consultado al consejo presbiteral, se establecer\u00e1 en cada parroquia un consejo pastoral, presidido por el p\u00e1rroco, en el que los fieles cristianos, junto con quienes participan en el cuidado pastoral en virtud de su cargo en la parroquia, colaboren en el fomento de la actividad pastoral.<br \/>\n\u00a72. El consejo pastoral solo tiene voto consultivo y se rige por las normas establecidas por el obispo diocesano.<\/p>\n<p>El Consejo Pastoral Parroquial participa en la responsabilidad del ministerio pastoral de la parroquia. Su prop\u00f3sito y sus objetivos son amplios. Debe investigar las necesidades, ideas, esperanzas, vida y actividad del pueblo de Dios, para que toda la comunidad parroquial pueda llevar a cabo eficazmente la misi\u00f3n de la parroquia y participar plenamente en la conversi\u00f3n continua que es fundamental para su vida. El Consejo Pastoral Parroquial debe evaluar constantemente la parroquia en su conformidad con el Evangelio y aquellos elementos constitutivos del Evangelio que exigen comprender las implicaciones de la justicia. En este sentido, el Consejo Pastoral Parroquial participa en el proceso de toma de decisiones que ayuda al p\u00e1rroco y a los administradores a desempe\u00f1ar el papel de liderazgo que les corresponde dentro de la parroquia.<\/p>\n<p>El Consejo Pastoral Parroquial ayuda al p\u00e1rroco y a los administradores a alcanzar estos objetivos ofreci\u00e9ndoles asesoramiento. Esta responsabilidad consultiva se basa en la obligaci\u00f3n de todos los bautizados de buscar el bien com\u00fan de la Iglesia. Est\u00e1 presente en el consenso emergente que surge de los dones combinados y las m\u00faltiples experiencias del pueblo de Dios.<\/p>\n<h2>II. Definiciones<\/h2>\n<p><strong>\u201cArzobispo\u201d<\/strong> significa el arzobispo titular de San Pablo y Minneapolis (o el administrador apost\u00f3lico designado).<\/p>\n<p><strong>\"Archidi\u00f3cesis\"<\/strong> significa cierta entidad corporativa formada, mantenida y existente bajo la Secci\u00f3n 315.16 de Minnesota con el Nombre Comercial de Minnesota: \"La Archidi\u00f3cesis de St. Paul y Minneapolis\".<\/p>\n<p><strong>\"Parroquia\"<\/strong> significa una parroquia dentro del territorio de la Arquidi\u00f3cesis que est\u00e1 reconocida por la Arquidi\u00f3cesis como cat\u00f3lica.<\/p>\n<p><strong>\u201cConsejo Pastoral Parroquial\u201d<\/strong> Se refiere al \u00f3rgano consultivo can\u00f3nico establecido en una parroquia de conformidad con el canon 536 del C\u00f3digo de Derecho Can\u00f3nico de 1983 y la pol\u00edtica de la Arquidi\u00f3cesis, que asesora al p\u00e1rroco a partir de una muestra representativa de feligreses para compartir ideas y opiniones al servicio de la misi\u00f3n de una parroquia espec\u00edfica.<\/p>\n<p><strong>\"Pastor\"<\/strong> P\u00e1rroco o administrador parroquial, seg\u00fan el caso.<\/p>\n<p><strong>\"Fideicomisarios\"<\/strong> Se refiere a los dos miembros laicos de la parroquia designados para servir como miembros y funcionarios de la corporaci\u00f3n parroquial por el arzobispo, el vicario general y el p\u00e1rroco, o por la mayor\u00eda de ellos.<\/p>\n<h2>III. Pol\u00edtica<\/h2>\n<p>Cada parroquia debe contar con un Consejo Pastoral Parroquial constituido y activo para ayudar y apoyar al p\u00e1rroco y a los administradores en la administraci\u00f3n de los recursos de la parroquia. Las parroquias que forman un grupo (que comparten un p\u00e1rroco pero siguen siendo entidades jur\u00eddicas y can\u00f3nicas independientes) pueden formar y mantener un Consejo Pastoral Parroquial colectivo con la aprobaci\u00f3n de los administradores de cada parroquia individual. Un grupo que forme un Consejo Pastoral Parroquial debe tener una Constituci\u00f3n y unos Estatutos como se ha descrito anteriormente.<\/p>\n<p>El Consejo Pastoral Parroquial debe reunirse al menos una vez al trimestre. El Consejo Pastoral Parroquial debe funcionar de conformidad con la Constituci\u00f3n y los Estatutos vigentes que hayan sido aprobados por el Arzobispo o su representante.<\/p>\n<p>El Consejo Pastoral Parroquial permanece en funciones cuando hay un cambio de p\u00e1rroco o administrador parroquial. El nuevo p\u00e1rroco o administrador parroquial debe reunirse con el Consejo Pastoral Parroquial en un plazo de 90 d\u00edas a partir de su nombramiento.<\/p>\n<p>Un nuevo p\u00e1rroco o administrador parroquial que sea asignado a una parroquia sin consejo pastoral parroquial est\u00e1 obligado a formar un consejo pastoral parroquial en el plazo de un a\u00f1o desde su nombramiento.<\/p>\n<p>Una sugerencia <a href=\"https:\/\/archspmpolicies.s3.us-east-1.amazonaws.com\/200\/Template+for+Parish+Pastoral+Council+Constitution+and+Bylaws_April+2025.docx\" target=\"_blank\" rel=\"noopener\">Plantilla para la Constituci\u00f3n y los Estatutos de un Consejo Pastoral Parroquial<\/a> se adjunta a esta pol\u00edtica. Las parroquias pueden formar y desarrollar sus consejos pastorales para adaptarse a las necesidades espec\u00edficas de la comunidad parroquial, siempre que el consejo se mantenga dentro de su \u00e1mbito de competencia, tal y como se define en el derecho can\u00f3nico y en la Constituci\u00f3n y los Estatutos que han sido aprobados.<\/p>\n<p>Los miembros del Consejo Pastoral Parroquial deben estar al d\u00eda con los requisitos esenciales para un entorno seguro de la Arquidi\u00f3cesis.<\/p>\n<p>Un p\u00e1rroco que desee suprimir un Consejo Pastoral Parroquial deber\u00e1 presentar una solicitud al Canciller de Asuntos Can\u00f3nicos que incluya un plan para formar un nuevo Consejo Pastoral Parroquial.<\/p>","protected":false},"excerpt":{"rendered":"<p>Last Updated: 11\/16\/2018 PDF Download Template Download I. Purpose 1983 Code of Canon Law Can. 536 \u00a7 1. If the diocesan bishop judges it opportune after he has heard the presbyteral council, a pastoral council is to be established in each parish, over which the pastor presides and in which the Christian faithful, together with [&hellip;]<\/p>\n","protected":false},"author":2,"featured_media":0,"parent":2159,"menu_order":0,"comment_status":"closed","ping_status":"closed","template":"","meta":{"footnotes":""},"class_list":["post-2168","page","type-page","status-publish","hentry"],"_links":{"self":[{"href":"https:\/\/www.archspm.org\/es\/wp-json\/wp\/v2\/pages\/2168","targetHints":{"allow":["GET"]}}],"collection":[{"href":"https:\/\/www.archspm.org\/es\/wp-json\/wp\/v2\/pages"}],"about":[{"href":"https:\/\/www.archspm.org\/es\/wp-json\/wp\/v2\/types\/page"}],"author":[{"embeddable":true,"href":"https:\/\/www.archspm.org\/es\/wp-json\/wp\/v2\/users\/2"}],"replies":[{"embeddable":true,"href":"https:\/\/www.archspm.org\/es\/wp-json\/wp\/v2\/comments?post=2168"}],"version-history":[{"count":0,"href":"https:\/\/www.archspm.org\/es\/wp-json\/wp\/v2\/pages\/2168\/revisions"}],"up":[{"embeddable":true,"href":"https:\/\/www.archspm.org\/es\/wp-json\/wp\/v2\/pages\/2159"}],"wp:attachment":[{"href":"https:\/\/www.archspm.org\/es\/wp-json\/wp\/v2\/media?parent=2168"}],"curies":[{"name":"wp","href":"https:\/\/api.w.org\/{rel}","templated":true}]}}