{"id":2169,"date":"2025-01-16T00:00:00","date_gmt":"2025-01-16T05:00:00","guid":{"rendered":"https:\/\/www.archspm.org\/300-clergy\/"},"modified":"2025-08-13T11:29:46","modified_gmt":"2025-08-13T15:29:46","slug":"300-clergy","status":"publish","type":"page","link":"https:\/\/www.archspm.org\/es\/policies\/300-clergy\/","title":{"rendered":"300 - Clero"},"content":{"rendered":"<p><em>Ver el <a href=\"https:\/\/safe-environment.archspm.org\/400-finance\/404-clergy-compensation-policy\/\" target=\"_blank\" rel=\"noopener\">Pol\u00edtica y calendario de remuneraci\u00f3n del clero<\/a>.<\/em><\/p>\n<hr \/>\n<p><a href=\"https:\/\/safe-environment.archspm.org\/300-clergy\/301-regulations-visiting-clergy\/\" target=\"_blank\" rel=\"noopener\">301 - Reglamento para el clero visitante <\/a><a href=\"https:\/\/safe-environment.archspm.org\/300-clergy\/301-regulations-visiting-clergy\/\" target=\"_blank\" rel=\"noopener\">- 10\/30\/2016<\/a><\/p>\n<p><a href=\"https:\/\/safe-environment.archspm.org\/300-clergy\/302-clergy-records-policy\/\" target=\"_blank\" rel=\"noopener\">302 - Pol\u00edtica de registros del clero <\/a><a href=\"https:\/\/safe-environment.archspm.org\/300-clergy\/302-clergy-records-policy\/\" target=\"_blank\" rel=\"noopener\">- 12\/14\/2016<\/a><\/p>\n<p><a href=\"https:\/\/safe-environment.archspm.org\/300-clergy\/303-comprehensive-assignment-board\/\" target=\"_blank\" rel=\"noopener\">303 - Junta de asignaci\u00f3n global <\/a><a href=\"https:\/\/safe-environment.archspm.org\/300-clergy\/303-comprehensive-assignment-board\/\" target=\"_blank\" rel=\"noopener\">- 9\/10\/2009<\/a><\/p>\n<p><a href=\"https:\/\/safe-environment.archspm.org\/300-clergy\/304-incardination-priests\/\" target=\"_blank\" rel=\"noopener\">304 - Incardinaci\u00f3n de sacerdotes <\/a><a href=\"https:\/\/safe-environment.archspm.org\/300-clergy\/304-incardination-priests\/\" target=\"_blank\" rel=\"noopener\">- 7\/6\/2012<\/a><\/p>\n<p><a href=\"https:\/\/safe-environment.archspm.org\/300-clergy\/305-pagella-faculties-deacons\/\" target=\"_blank\" rel=\"noopener\">305 - Pagella - Facultades de los Di\u00e1conos <\/a><a href=\"https:\/\/safe-environment.archspm.org\/300-clergy\/305-pagella-faculties-deacons\/\" target=\"_blank\" rel=\"noopener\">- 5\/4\/2011<\/a><\/p>\n<p><a href=\"https:\/\/safe-environment.archspm.org\/300-clergy\/306-pagella-faculties-priests\/\" target=\"_blank\" rel=\"noopener\">306 - Pagella - Facultades de los sacerdotes <\/a><a href=\"https:\/\/safe-environment.archspm.org\/300-clergy\/306-pagella-faculties-priests\/\" target=\"_blank\" rel=\"noopener\">- 5\/26\/2011<\/a><\/p>\n<p><a href=\"https:\/\/safe-environment.archspm.org\/300-clergy\/307-permanent-deacons-clerical-dress-means-address\/\" target=\"_blank\" rel=\"noopener\">307 - Di\u00e1conos permanentes - Vestimenta clerical y modo de dirigirse <\/a><a href=\"https:\/\/safe-environment.archspm.org\/300-clergy\/307-permanent-deacons-clerical-dress-means-address\/\" target=\"_blank\" rel=\"noopener\">- 11\/11\/2009<\/a><\/p>\n<p><a href=\"https:\/\/safe-environment.archspm.org\/300-clergy\/308-permanent-deacons-incardination-excardination\/\" target=\"_blank\" rel=\"noopener\">308 - Di\u00e1conos permanentes - Incardinaci\u00f3n y excardinaci\u00f3n <\/a><a href=\"https:\/\/safe-environment.archspm.org\/300-clergy\/308-permanent-deacons-incardination-excardination\/\" target=\"_blank\" rel=\"noopener\">- 1\/29\/2013<\/a><\/p>\n<p><a href=\"https:\/\/safe-environment.archspm.org\/300-clergy\/309-permanent-deacons-regulations-ministry-permanent-deacon\/\" target=\"_blank\" rel=\"noopener\">309 - Di\u00e1conos permanentes - Reglamento para el ministerio de di\u00e1cono permanente\u00a0 <\/a><a href=\"https:\/\/safe-environment.archspm.org\/300-clergy\/309-permanent-deacons-regulations-ministry-permanent-deacon\/\" target=\"_blank\" rel=\"noopener\">- 1\/29\/2013<\/a><\/p>\n<p><a href=\"https:\/\/safe-environment.archspm.org\/300-clergy\/310-priest-sabbatical\/\" target=\"_blank\" rel=\"noopener\">310 - Sacerdote Sab\u00e1tico <\/a><a href=\"https:\/\/safe-environment.archspm.org\/300-clergy\/310-priest-sabbatical\/\" target=\"_blank\" rel=\"noopener\">- 1\/30\/2017<\/a><\/p>\n<p><a href=\"https:\/\/safe-environment.archspm.org\/300-clergy\/311-regional-vicars-regional-vicariates\/\" target=\"_blank\" rel=\"noopener\">311 - Vicarios Regionales y Vicariatos Regionales <\/a><a href=\"https:\/\/safe-environment.archspm.org\/300-clergy\/311-regional-vicars-regional-vicariates\/\" target=\"_blank\" rel=\"noopener\">- 12\/29\/2017<\/a><\/p>\n<p><a href=\"https:\/\/safe-environment.archspm.org\/300-clergy\/312-term-limits-pastors\/\" target=\"_blank\" rel=\"noopener\">312 - Limitaci\u00f3n del mandato de los p\u00e1rrocos <\/a><a href=\"https:\/\/safe-environment.archspm.org\/300-clergy\/312-term-limits-pastors\/\" target=\"_blank\" rel=\"noopener\">- 4\/10\/2011<\/a><\/p>\n<p><a href=\"https:\/\/safe-environment.archspm.org\/300-clergy\/313-vacations-priests\/\" target=\"_blank\" rel=\"noopener\">313 - Vacaciones de los sacerdotes <\/a><a href=\"https:\/\/safe-environment.archspm.org\/300-clergy\/313-vacations-priests\/\" target=\"_blank\" rel=\"noopener\">- 8\/7\/1989<\/a><\/p>\n<p><a href=\"https:\/\/safe-environment.archspm.org\/300-clergy\/314-priestly-residence-model-policy-parishes\/\" target=\"_blank\" rel=\"noopener\">314 - Residencia sacerdotal - Modelo de pol\u00edtica parroquial<\/a><\/p>\n<p><a href=\"https:\/\/safe-environment.archspm.org\/300-clergy\/316-residence-priests-seminarians\/\" target=\"_blank\" rel=\"noopener\">316 - Pol\u00edtica de residencia - Para sacerdotes y seminaristas - 8\/9\/2021<\/a><\/p>\n<p><a href=\"https:\/\/safe-environment.archspm.org\/300-clergy\/317-deans-role-responsibility\/\" target=\"_blank\" rel=\"noopener\">317 - Decanos - Funci\u00f3n y responsabilidad <\/a><a href=\"https:\/\/safe-environment.archspm.org\/300-clergy\/317-deans-role-responsibility\/\" target=\"_blank\" rel=\"noopener\">- 12\/29\/2017<\/a><\/p>\n<p><a href=\"https:\/\/safe-environment.archspm.org\/300-clergy\/318-deanery-structure-policy\/\" target=\"_blank\" rel=\"noopener\">318 - Pol\u00edtica de estructuras de decanato\u00a0 <\/a><a href=\"https:\/\/safe-environment.archspm.org\/300-clergy\/318-deanery-structure-policy\/\" target=\"_blank\" rel=\"noopener\">- 12\/29\/2017<\/a><\/p>\n<p><a href=\"https:\/\/safe-environment.archspm.org\/300-clergy\/319-international-clergy\/\" target=\"_blank\" rel=\"noopener\">319 \u2013 Clero internacional \u2013 1 de julio de 2025<\/a><\/p>","protected":false},"excerpt":{"rendered":"<p>View the Clergy Compensation Policy and Schedule. 301 \u2013 Regulations for Visiting Clergy \u2013 10\/30\/2016 302 \u2013 Clergy Records Policy \u2013 12\/14\/2016 303 \u2013 Comprehensive Assignment Board \u2013 9\/10\/2009 304 \u2013 Incardination of Priests \u2013 7\/6\/2012 305 \u2013 Pagella \u2013 Faculties for Deacons \u2013 5\/4\/2011 306 \u2013 Pagella \u2013 Faculties for Priests \u2013 5\/26\/2011 307 [&hellip;]<\/p>\n","protected":false},"author":2,"featured_media":0,"parent":2211,"menu_order":0,"comment_status":"closed","ping_status":"closed","template":"","meta":{"footnotes":""},"class_list":["post-2169","page","type-page","status-publish","hentry"],"_links":{"self":[{"href":"https:\/\/www.archspm.org\/es\/wp-json\/wp\/v2\/pages\/2169","targetHints":{"allow":["GET"]}}],"collection":[{"href":"https:\/\/www.archspm.org\/es\/wp-json\/wp\/v2\/pages"}],"about":[{"href":"https:\/\/www.archspm.org\/es\/wp-json\/wp\/v2\/types\/page"}],"author":[{"embeddable":true,"href":"https:\/\/www.archspm.org\/es\/wp-json\/wp\/v2\/users\/2"}],"replies":[{"embeddable":true,"href":"https:\/\/www.archspm.org\/es\/wp-json\/wp\/v2\/comments?post=2169"}],"version-history":[{"count":0,"href":"https:\/\/www.archspm.org\/es\/wp-json\/wp\/v2\/pages\/2169\/revisions"}],"up":[{"embeddable":true,"href":"https:\/\/www.archspm.org\/es\/wp-json\/wp\/v2\/pages\/2211"}],"wp:attachment":[{"href":"https:\/\/www.archspm.org\/es\/wp-json\/wp\/v2\/media?parent=2169"}],"curies":[{"name":"wp","href":"https:\/\/api.w.org\/{rel}","templated":true}]}}