{"id":2172,"date":"2025-01-16T00:00:00","date_gmt":"2025-01-16T05:00:00","guid":{"rendered":"https:\/\/www.archspm.org\/303-comprehensive-assignment-board\/"},"modified":"2025-03-11T13:29:17","modified_gmt":"2025-03-11T17:29:17","slug":"303-comprehensive-assignment-board","status":"publish","type":"page","link":"https:\/\/www.archspm.org\/es\/policies\/300-clergy\/303-comprehensive-assignment-board\/","title":{"rendered":"303 - Junta de asignaci\u00f3n global"},"content":{"rendered":"<h4 style=\"text-align: center;\">\u00daltima actualizaci\u00f3n: 10 de septiembre de 2009<\/h4>\n<div class=\"policy_button_container\"><a href=\"https:\/\/s3.amazonaws.com\/archspmpolicies\/300\/303_Comprehensive+Assignment+Board\" target=\"_blank\" title=\"303 \u2013 Tabl\u00f3n de tareas completo|\" rel=\"noopener\">Descargar PDF<\/a><\/div>\n<p style=\"text-align: center;\"><strong>ARCHIDI\u00d3CESIS DE SAINT PAUL Y MINNEAPOLIS <\/strong><br \/>\n<strong>BOLET\u00cdN DEL CLERO<\/strong><br \/>\n<strong>10 de septiembre de 2009<\/strong><br \/>\n<strong>TABLERO DE TARJETAS INTEGRAL<\/strong><\/p>\n<p>Reverendos y queridos Padres,<\/p>\n<p>El 6 de noviembre de 2002, el Reverend\u00edsimo Harry J. Flynn, arzobispo de Saint Paul y Minneapolis, cre\u00f3 la Junta Integral de Asignaciones (CAB) de la Arquidi\u00f3cesis de Saint Paul y Minneapolis. Si bien el Ordinario de la di\u00f3cesis tiene el derecho exclusivo de nombrar a sacerdotes y di\u00e1conos para cargos can\u00f3nicos, la Junta Integral de Asignaciones se cre\u00f3 para ayudar al arzobispo en el proceso de selecci\u00f3n, brind\u00e1ndole asesoramiento y ofreciendo recomendaciones sobre nombramientos espec\u00edficos.<\/p>\n<p>Ahora que han pasado varios a\u00f1os, creo que es hora de introducir las aclaraciones y modificaciones previstas en las normas de funcionamiento del CAB. En primer lugar, a partir de ahora, el CAB estar\u00e1 compuesto por un m\u00ednimo de nueve miembros, todos ellos nombrados por el arzobispo.<\/p>\n<p>El presidente de la Junta de Asignaciones Generales es el arzobispo.<\/p>\n<p>El director de los Servicios de Colocaci\u00f3n de Cl\u00e9rigos desempe\u00f1ar\u00e1 sus funciones <em>de oficio, <\/em>lo mismo ocurrir\u00e1 con el director del Diaconado, el director de la Oficina para la Vida y el Ministerio Sacerdotal y el director del Equipo de Servicios Parroquiales. En ocasiones, uno o varios de estos cargos pueden ser ocupados por la misma persona.<\/p>\n<p>Tambi\u00e9n se nombrar\u00e1n cinco sacerdotes para formar parte de la Junta, y el Consejo Presbiteral presentar\u00e1 al arzobispo las candidaturas para esos cinco puestos. Se recomienda que el Consejo Presbiteral proponga a m\u00e1s de cinco personas, de modo que el arzobispo pueda ejercer debidamente su facultad discrecional a la hora de realizar los nombramientos. El arzobispo, a su discreci\u00f3n, podr\u00e1 optar por nombrar a m\u00e1s de cinco sacerdotes para que presten servicio durante un per\u00edodo determinado.<\/p>\n<p>Un di\u00e1cono, propuesto por el Consejo de Di\u00e1conos pero nombrado por el arzobispo, tambi\u00e9n formar\u00e1 parte del CAB. Una vez m\u00e1s, se recomienda al Consejo de Di\u00e1conos que proponga a m\u00e1s de una persona cuando sea necesario un reemplazo.<\/p>\n<p>Cuando las circunstancias pastorales lo requieran, el arzobispo tambi\u00e9n podr\u00e1 nombrar a un ministro eclesial laico para formar parte de la Junta de Asignaciones Generales.<\/p>\n<p>A excepci\u00f3n de la <em>de oficio <\/em>En cuanto a los cargos, las personas designadas por el arzobispo para formar parte del CAB ejercer\u00e1n sus funciones durante un mandato inicial de tres a\u00f1os, renovable por un mandato adicional, <em>a discreci\u00f3n del obispo.<\/em><\/p>\n<p>Dado en Saint Paul, Minnesota, el d\u00eda 10 de septiembre del a\u00f1o de Nuestro Se\u00f1or de 2009. Sin perjuicio de cualquier disposici\u00f3n en contrario.<\/p>\n<p>Reverend\u00edsimo John C. Nienstedt<\/p>\n<p>Arzobispo de San Pablo y Minneapolis<\/p>\n<p>Jennifer Haselberger<\/p>\n<p>Canciller para Asuntos Can\u00f3nicos<\/p>","protected":false},"excerpt":{"rendered":"<p>Last Updated: 9\/10\/2009 PDF Download ARCHDIOCESE OF SAINT PAUL AND MINNEAPOLIS CLERGY BULLETIN September 10, 2009 COMPREHENSIVE ASSIGNMENT BOARD Reverend and dear Fathers, On November 6, 2002, the Most Reverend Harry J. Flynn, Archbishop of Saint Paul and Minneapolis, established the Comprehensive Assignment Board (CAB) of the Archdiocese of Saint Paul and Minneapolis. While the [&hellip;]<\/p>\n","protected":false},"author":2,"featured_media":0,"parent":2169,"menu_order":0,"comment_status":"closed","ping_status":"closed","template":"","meta":{"footnotes":""},"class_list":["post-2172","page","type-page","status-publish","hentry"],"_links":{"self":[{"href":"https:\/\/www.archspm.org\/es\/wp-json\/wp\/v2\/pages\/2172","targetHints":{"allow":["GET"]}}],"collection":[{"href":"https:\/\/www.archspm.org\/es\/wp-json\/wp\/v2\/pages"}],"about":[{"href":"https:\/\/www.archspm.org\/es\/wp-json\/wp\/v2\/types\/page"}],"author":[{"embeddable":true,"href":"https:\/\/www.archspm.org\/es\/wp-json\/wp\/v2\/users\/2"}],"replies":[{"embeddable":true,"href":"https:\/\/www.archspm.org\/es\/wp-json\/wp\/v2\/comments?post=2172"}],"version-history":[{"count":0,"href":"https:\/\/www.archspm.org\/es\/wp-json\/wp\/v2\/pages\/2172\/revisions"}],"up":[{"embeddable":true,"href":"https:\/\/www.archspm.org\/es\/wp-json\/wp\/v2\/pages\/2169"}],"wp:attachment":[{"href":"https:\/\/www.archspm.org\/es\/wp-json\/wp\/v2\/media?parent=2172"}],"curies":[{"name":"wp","href":"https:\/\/api.w.org\/{rel}","templated":true}]}}