{"id":2180,"date":"2025-01-16T00:00:00","date_gmt":"2025-01-16T05:00:00","guid":{"rendered":"https:\/\/www.archspm.org\/311-regional-vicars-regional-vicariates\/"},"modified":"2025-05-28T16:38:12","modified_gmt":"2025-05-28T20:38:12","slug":"311-regional-vicars-regional-vicariates","status":"publish","type":"page","link":"https:\/\/www.archspm.org\/es\/policies\/300-clergy\/311-regional-vicars-regional-vicariates\/","title":{"rendered":"311 - Vicarios Regionales y Vicariatos Regionales"},"content":{"rendered":"<h4 style=\"text-align: center;\">\u00daltima actualizaci\u00f3n: 29\/12\/2017<\/h4>\n<div class=\"policy_button_container\"><a title=\"311 \u2013 Vicarios regionales y vicariatos regionales|\" href=\"https:\/\/s3.amazonaws.com\/archspmpolicies\/300\/311_Regional+Vicariate+Policy.pdf\" target=\"_blank\" rel=\"noopener\">Descargar PDF (incluye mapa de los l\u00edmites de las vicarias regionales)<\/a><\/div>\n<h2>I. Objetivo<\/h2>\n<p>Establecer y definir el papel y las responsabilidades de los vicarios regionales y los vicariatos regionales en la Arquidi\u00f3cesis de Saint Paul y Minneapolis.<\/p>\n<p>&nbsp;<\/p>\n<h2>II. Definiciones<\/h2>\n<p><strong>Vicario regional:<\/strong> Un pastor con experiencia que es seleccionado y nombrado por el arzobispo, por un per\u00edodo de tres a\u00f1os, adem\u00e1s de sus asignaciones parroquiales. Un vicario regional presta servicio en la zona geogr\u00e1fica que se le ha asignado.<\/p>\n<p><strong>Vicariato regional:<\/strong> Agrupaci\u00f3n de decanatos geogr\u00e1ficos vecinos, reunidos de manera que cada decanato pertenezca a la Regi\u00f3n 1 (noreste), la Regi\u00f3n 2 (sur) o la Regi\u00f3n 3 (noroeste).<\/p>\n<p>&nbsp;<\/p>\n<h2>III. Pol\u00edtica<\/h2>\n<p>La estructura del vicariato regional se estableci\u00f3 como una forma de organizar a todas las parroquias de la Arquidi\u00f3cesis en materia de gobernanza, programaci\u00f3n y administraci\u00f3n financiera. Los vicarios regionales ayudan a fomentar la comunicaci\u00f3n entre el arzobispo y el clero y las parroquias de la Arquidi\u00f3cesis de Saint Paul y Minneapolis.<\/p>\n<p>Los vicarios regionales deben vivir dentro de los l\u00edmites del vicariato regional. Los vicarios regionales participar\u00e1n en la vida de las distintas parroquias, escuelas e instituciones de su regi\u00f3n o \u00e1rea de responsabilidad. La Junta de Asignaci\u00f3n Integral podr\u00e1 consultar al vicario regional sobre los nombramientos del clero dentro de su vicariato regional.<\/p>\n<p>Una de las principales responsabilidades del Vicario Regional es realizar visitas can\u00f3nicas a las parroquias dentro de sus respectivas vicarias (c. 396 del C\u00f3digo de Derecho Can\u00f3nico de 1983). Los Vicarios Regionales tambi\u00e9n forman parte del Consejo del Arzobispo y llevan a cabo cualquier otra responsabilidad can\u00f3nica y administrativa que les delegue el Arzobispo. El Vicario Regional asiste al Arzobispo en su funci\u00f3n administrativa, ayudando a garantizar que las parroquias cumplan con las pol\u00edticas de la Arquidi\u00f3cesis.<\/p>\n<p>Los vicarios regionales deben facilitar la comunicaci\u00f3n entre los decanos del vicariato regional, as\u00ed como facilitar la programaci\u00f3n regional para las parroquias.<\/p>\n<p>Adjunto a esta pol\u00edtica se encuentra un <a href=\"https:\/\/s3.amazonaws.com\/archspmpolicies\/300\/Documents\/311__RegionalVicariateMap092717.pdf\" target=\"_blank\" rel=\"noopener\">mapa de los l\u00edmites de la Vicar\u00eda Regional<\/a>.<\/p>","protected":false},"excerpt":{"rendered":"<p>Last Updated: 12\/29\/2017 PDF Download (Includes Map of Regional Vicariate Borders) I. Purpose Establish and define the role and responsibilities of Regional Vicars and Regional Vicariates in the Archdiocese of Saint Paul and Minneapolis. &nbsp; II. Definitions Regional Vicar: An experienced pastor who is selected and appointed by the Archbishop, for a term of three [&hellip;]<\/p>\n","protected":false},"author":2,"featured_media":0,"parent":2169,"menu_order":0,"comment_status":"closed","ping_status":"closed","template":"","meta":{"footnotes":""},"class_list":["post-2180","page","type-page","status-publish","hentry"],"_links":{"self":[{"href":"https:\/\/www.archspm.org\/es\/wp-json\/wp\/v2\/pages\/2180","targetHints":{"allow":["GET"]}}],"collection":[{"href":"https:\/\/www.archspm.org\/es\/wp-json\/wp\/v2\/pages"}],"about":[{"href":"https:\/\/www.archspm.org\/es\/wp-json\/wp\/v2\/types\/page"}],"author":[{"embeddable":true,"href":"https:\/\/www.archspm.org\/es\/wp-json\/wp\/v2\/users\/2"}],"replies":[{"embeddable":true,"href":"https:\/\/www.archspm.org\/es\/wp-json\/wp\/v2\/comments?post=2180"}],"version-history":[{"count":0,"href":"https:\/\/www.archspm.org\/es\/wp-json\/wp\/v2\/pages\/2180\/revisions"}],"up":[{"embeddable":true,"href":"https:\/\/www.archspm.org\/es\/wp-json\/wp\/v2\/pages\/2169"}],"wp:attachment":[{"href":"https:\/\/www.archspm.org\/es\/wp-json\/wp\/v2\/media?parent=2180"}],"curies":[{"name":"wp","href":"https:\/\/api.w.org\/{rel}","templated":true}]}}