{"id":2186,"date":"2025-01-16T00:00:00","date_gmt":"2025-01-16T05:00:00","guid":{"rendered":"https:\/\/www.archspm.org\/400-finance\/"},"modified":"2026-04-17T16:38:32","modified_gmt":"2026-04-17T20:38:32","slug":"400-finance","status":"publish","type":"page","link":"https:\/\/www.archspm.org\/es\/policies\/400-finance\/","title":{"rendered":"400 - Finanzas"},"content":{"rendered":"<p><a href=\"https:\/\/safe-environment.archspm.org\/400-finance\/401-mass-stipends\/\" target=\"_blank\" rel=\"noopener\">401 - Estipendios de misa <\/a><a href=\"https:\/\/safe-environment.archspm.org\/400-finance\/401-mass-stipends\/\" target=\"_blank\" rel=\"noopener\">- 6\/6\/1989<\/a><\/p>\n<p><a href=\"https:\/\/safe-environment.archspm.org\/400-finance\/403-parish-assessment-policy\/\" target=\"_blank\" rel=\"noopener\">403 - Pol\u00edtica de evaluaci\u00f3n parroquial - 2\/12\/2024<\/a><\/p>\n<p><a href=\"https:\/\/safe-environment.archspm.org\/400-finance\/404-clergy-compensation-policy\/\" target=\"_blank\" rel=\"noopener\">404 \u2013 Pol\u00edtica de remuneraci\u00f3n del clero \u2013 4 de abril de 2022<\/a><\/p>\n<p><a href=\"https:\/\/safe-environment.archspm.org\/400-finance\/405-annual-representation-letter\/\" target=\"_blank\" rel=\"noopener\">405 - Carta de representaci\u00f3n anual - 20\/7\/2022<\/a><\/p>\n<p><a href=\"https:\/\/safe-environment.archspm.org\/400-finance\/406-audit-review-guidelines\/\" target=\"_blank\" rel=\"noopener\">406 - Pol\u00edtica de auditor\u00eda, revisi\u00f3n y procedimientos acordados<\/a><a href=\"https:\/\/safe-environment.archspm.org\/400-finance\/406-audit-review-guidelines\/\" target=\"_blank\" rel=\"noopener\"> - 3\/14\/2024<\/a><\/p>\n<p><a href=\"https:\/\/safe-environment.archspm.org\/400-finance\/407-parish-financial-requirements\/\" target=\"_blank\" rel=\"noopener\">407 - Requisitos financieros de la parroquia - 14\/1\/2025<\/a><\/p>","protected":false},"excerpt":{"rendered":"<p>401 \u2013 Honorarios por misa \u2013 6 de junio de 1989 403 \u2013 Pol\u00edtica de cuotas parroquiales \u2013 12 de febrero de 2024 404 \u2013 Pol\u00edtica de remuneraci\u00f3n del clero \u2013 4 de abril de 2022 405 \u2013 Carta de representaci\u00f3n anual \u2013 20\/7\/2022 406 \u2013 Pol\u00edtica de auditor\u00eda, revisi\u00f3n y procedimientos acordados \u2013 14\/3\/2024 407 \u2013 Requisitos financieros de la parroquia \u2013 14\/1\/2025<\/p>","protected":false},"author":2,"featured_media":0,"parent":2211,"menu_order":0,"comment_status":"closed","ping_status":"closed","template":"","meta":{"footnotes":""},"class_list":["post-2186","page","type-page","status-publish","hentry"],"_links":{"self":[{"href":"https:\/\/www.archspm.org\/es\/wp-json\/wp\/v2\/pages\/2186","targetHints":{"allow":["GET"]}}],"collection":[{"href":"https:\/\/www.archspm.org\/es\/wp-json\/wp\/v2\/pages"}],"about":[{"href":"https:\/\/www.archspm.org\/es\/wp-json\/wp\/v2\/types\/page"}],"author":[{"embeddable":true,"href":"https:\/\/www.archspm.org\/es\/wp-json\/wp\/v2\/users\/2"}],"replies":[{"embeddable":true,"href":"https:\/\/www.archspm.org\/es\/wp-json\/wp\/v2\/comments?post=2186"}],"version-history":[{"count":2,"href":"https:\/\/www.archspm.org\/es\/wp-json\/wp\/v2\/pages\/2186\/revisions"}],"predecessor-version":[{"id":15084,"href":"https:\/\/www.archspm.org\/es\/wp-json\/wp\/v2\/pages\/2186\/revisions\/15084"}],"up":[{"embeddable":true,"href":"https:\/\/www.archspm.org\/es\/wp-json\/wp\/v2\/pages\/2211"}],"wp:attachment":[{"href":"https:\/\/www.archspm.org\/es\/wp-json\/wp\/v2\/media?parent=2186"}],"curies":[{"name":"wp","href":"https:\/\/api.w.org\/{rel}","templated":true}]}}