{"id":2189,"date":"2025-01-16T00:00:00","date_gmt":"2025-01-16T05:00:00","guid":{"rendered":"https:\/\/www.archspm.org\/403-parish-assessment-policy\/"},"modified":"2025-03-11T13:29:17","modified_gmt":"2025-03-11T17:29:17","slug":"403-parish-assessment-policy","status":"publish","type":"page","link":"https:\/\/www.archspm.org\/es\/policies\/400-finance\/403-parish-assessment-policy\/","title":{"rendered":"403 - Pol\u00edtica de evaluaci\u00f3n parroquial"},"content":{"rendered":"<h4 style=\"text-align: center;\">\u00daltima actualizaci\u00f3n: 12\/02\/2024<\/h4>\n<div class=\"policy_button_container\"><a href=\"https:\/\/archspm1.sharepoint.com\/:b:\/s\/ResourceLibrary\/ETvFbd5sYU9HoMJ5D2JrZTcBkuDx45Ab0WdZOMIznNURQA\" target=\"_blank\" title=\"403 \u2013 F\u00f3rmula de evaluaci\u00f3n parroquial\" rel=\"noopener\">Descargar PDF<\/a><\/div>\n<h2>I. Objetivo<\/h2>\n<p>La pol\u00edtica de evaluaci\u00f3n parroquial establece las disposiciones de la f\u00f3rmula de evaluaci\u00f3n que se aplica a todas las parroquias de la Arquidi\u00f3cesis de Saint Paul y Minneapolis, de conformidad con las disposiciones del canon 1263 del\u00a0<em>C\u00f3digo de Derecho Can\u00f3nico<\/em>.<\/p>\n<h2>II. Definiciones<\/h2>\n<p><strong>\u201cA\u00f1o fiscal\u201d<\/strong> significa el periodo de 12 meses que comienza el 1 de julio y termina el 30 de junio.<\/p>\n<p><strong>\"Parroquia\"<\/strong> significa una organizaci\u00f3n ubicada dentro de la Arquidi\u00f3cesis y creada en virtud del Estatuto de Minnesota \u00a7315.15 o reconocida como tal por la Arquidi\u00f3cesis.<\/p>\n<p><strong>\u201cEscuela parroquial\u201d<\/strong> significa una escuela cat\u00f3lica que funciona como un ministerio de una sola parroquia y sobre la cual el p\u00e1rroco tiene supervisi\u00f3n, y que cuenta con el apoyo de su parroquia patrocinadora, la cual asume todas las responsabilidades.<\/p>\n<p><strong>\"Escuela\"<\/strong> significa una escuela primaria o secundaria ubicada f\u00edsicamente dentro del territorio de la Arquidi\u00f3cesis que el Arzobispo reconoce como cat\u00f3lica.<\/p>\n<h2>III. Pol\u00edtica<\/h2>\n<p>La siguiente f\u00f3rmula de evaluaci\u00f3n se aplica a todos los casos. <u>Parroquias<\/u> efectivo para los resultados financieros de la <u>A\u00f1o fiscal<\/u> que finaliza el 30 de junio de 2023, y a partir de entonces, ser\u00e1 facturado por la Arquidi\u00f3cesis con un retraso de dos a\u00f1os.<\/p>\n<p>I. <u>Parroquias<\/u> sin un <u>Escuela Parroquial<\/u>:<\/p>\n<p>a. Los ingresos anuales por placas y sobres se calculan en 10% para <u>Parroquias<\/u> que:<\/p>\n<ol>\n<li>No utilice un <u>Escuela Parroquial<\/u>; y<\/li>\n<li>No aportaron al menos 15% de sus ingresos anuales por placas y sobres a una o m\u00e1s organizaciones. <span style=\"text-decoration: underline;\">Escuelas<\/span> en la medici\u00f3n <span style=\"text-decoration: underline;\">A\u00f1o fiscal<\/span>.<\/li>\n<\/ol>\n<p>b. <u>Parroquias<\/u> que aporten una cantidad inferior a 151 TP3T de ingresos anuales por placas y sobres a una o m\u00e1s escuelas recibir\u00e1n una reducci\u00f3n equivalente al importe aportado en la renta imponible.<\/p>\n<p>c. Lo mismo. <u>Parroquias<\/u> Tambi\u00e9n se aplicar\u00e1 una tasa del 10% sobre otros ingresos, incluidos, entre otros, los ingresos por alquiler derivados de escuelas concertadas u otras escuelas.<\/p>\n<p>II. <u>Parroquias<\/u> con un <u>Escuela Parroquial<\/u>:<\/p>\n<p>a. Los ingresos anuales por placas y sobres se calculan con un descuento del 8% para <u>Parroquias<\/u> que:<\/p>\n<ol>\n<li>Operar un <u>Escuela Parroquial<\/u>; o<\/li>\n<li>Han aportado efectivo por un valor igual o superior a 151 TP3T del <span style=\"text-decoration: underline;\">Parroquia<\/span>\u2019los ingresos anuales por placas y sobres a un <span style=\"text-decoration: underline;\">Escuela<\/span> en la medici\u00f3n <span style=\"text-decoration: underline;\">A\u00f1o fiscal<\/span>.<\/li>\n<\/ol>\n<p>b. Estos mismos <u>Parroquias<\/u> tambi\u00e9n se gravar\u00e1 a una tasa del 81 % sobre otros ingresos, incluidos, entre otros, los ingresos por alquiler derivados de las escuelas concertadas.<\/p>\n<p>Todos <u>Parroquias<\/u> se gravan a una tasa del 21 % sobre los fondos recaudados a trav\u00e9s de una campa\u00f1a de capital y los fondos se utilizan para <u>Parroquia<\/u> proyectos de inversi\u00f3n.<\/p>\n<p>Algunos ingresos espec\u00edficos se excluyen de los ingresos imponibles, y los gastos se compensan con otros ingresos espec\u00edficos al determinar los ingresos imponibles. En el <u>Informe financiero anual de la parroquia (APFR)<\/u> Manual.<\/p>\n<p>Cualquier solicitud de exenci\u00f3n o ajuste a esta pol\u00edtica puede presentarse ante el <u>Arzobispo<\/u> para su consideraci\u00f3n.<\/p>\n<hr \/>\n<p>M\u00e1s informaci\u00f3n sobre la evaluaci\u00f3n arquidiocesana:<\/p>\n<p>Visita <a href=\"https:\/\/missionsupport.archspm.org\/\" target=\"_blank\" rel=\"noopener\">https:\/\/missionsupport.archspm.org\/<\/a> y busque \u201cAPFR\u201d para encontrar el Manual del Informe Financiero Anual de la Parroquia (APFR) actual, una gu\u00eda r\u00e1pida sobre la evaluaci\u00f3n arquidiocesana.<\/p>","protected":false},"excerpt":{"rendered":"<p>Last Updated: 2\/12\/2024 PDF Download I. Purpose The Parish Assessment policy sets forth the provisions of the assessment formula that applies to all parishes of the Archdiocese of Saint Paul and Minneapolis in accord with the provisions of canon 1263 of the\u00a0Code of Canon Law. II. Definitions \u201cFiscal Year\u201d means the 12-month period beginning July [&hellip;]<\/p>\n","protected":false},"author":2,"featured_media":0,"parent":2186,"menu_order":0,"comment_status":"closed","ping_status":"closed","template":"","meta":{"footnotes":""},"class_list":["post-2189","page","type-page","status-publish","hentry"],"_links":{"self":[{"href":"https:\/\/www.archspm.org\/es\/wp-json\/wp\/v2\/pages\/2189","targetHints":{"allow":["GET"]}}],"collection":[{"href":"https:\/\/www.archspm.org\/es\/wp-json\/wp\/v2\/pages"}],"about":[{"href":"https:\/\/www.archspm.org\/es\/wp-json\/wp\/v2\/types\/page"}],"author":[{"embeddable":true,"href":"https:\/\/www.archspm.org\/es\/wp-json\/wp\/v2\/users\/2"}],"replies":[{"embeddable":true,"href":"https:\/\/www.archspm.org\/es\/wp-json\/wp\/v2\/comments?post=2189"}],"version-history":[{"count":0,"href":"https:\/\/www.archspm.org\/es\/wp-json\/wp\/v2\/pages\/2189\/revisions"}],"up":[{"embeddable":true,"href":"https:\/\/www.archspm.org\/es\/wp-json\/wp\/v2\/pages\/2186"}],"wp:attachment":[{"href":"https:\/\/www.archspm.org\/es\/wp-json\/wp\/v2\/media?parent=2189"}],"curies":[{"name":"wp","href":"https:\/\/api.w.org\/{rel}","templated":true}]}}