{"id":2193,"date":"2025-01-16T00:00:00","date_gmt":"2025-01-16T05:00:00","guid":{"rendered":"https:\/\/www.archspm.org\/500-sacraments\/"},"modified":"2025-01-20T23:05:07","modified_gmt":"2025-01-21T04:05:07","slug":"500-sacraments","status":"publish","type":"page","link":"https:\/\/www.archspm.org\/es\/policies\/500-sacraments\/","title":{"rendered":"500 - Sacramentos"},"content":{"rendered":"<p><a href=\"https:\/\/safe-environment.archspm.org\/500-sacraments\/501-baptism\/\" target=\"_blank\" rel=\"noopener\">501 - Bautismo<\/a><a href=\"https:\/\/safe-environment.archspm.org\/500-sacraments\/501-baptism\/\" target=\"_blank\" rel=\"noopener\">\u00a0- 11\/10\/2011<\/a><\/p>\n<p><a href=\"https:\/\/safe-environment.archspm.org\/500-sacraments\/502-christmas-eve-time-masses\/\" target=\"_blank\" rel=\"noopener\">502 - Nochebuena - Hora de misas<\/a><a href=\"https:\/\/safe-environment.archspm.org\/500-sacraments\/502-christmas-eve-time-masses\/\" target=\"_blank\" rel=\"noopener\">\u00a0- 11\/12\/2009<\/a><\/p>\n<p><a href=\"https:\/\/safe-environment.archspm.org\/500-sacraments\/503-confirmation\/\" target=\"_blank\" rel=\"noopener\">503 - Confirmaci\u00f3n<\/a><a href=\"https:\/\/safe-environment.archspm.org\/500-sacraments\/503-confirmation\/\" target=\"_blank\" rel=\"noopener\">\u00a0- 11\/10\/2011<\/a><\/p>\n<p><a href=\"https:\/\/safe-environment.archspm.org\/500-sacraments\/504-confirmation-priest-minister\/\" target=\"_blank\" rel=\"noopener\">504 - Confirmaci\u00f3n - El sacerdote como ministro<\/a><a href=\"https:\/\/safe-environment.archspm.org\/500-sacraments\/504-confirmation-priest-minister\/\" target=\"_blank\" rel=\"noopener\">\u00a0- 4\/11\/2011<\/a><\/p>\n<p><a href=\"https:\/\/safe-environment.archspm.org\/500-sacraments\/505-extraordinary-ministers-holy-communion\/\" target=\"_blank\" rel=\"noopener\">505 - Ministros extraordinarios de la Sagrada Comuni\u00f3n<\/a><a href=\"https:\/\/safe-environment.archspm.org\/500-sacraments\/505-extraordinary-ministers-holy-communion\/\" target=\"_blank\" rel=\"noopener noreferrer\">\u00a0- 4\/9\/2013<\/a><\/p>\n<p><a href=\"https:\/\/safe-environment.archspm.org\/500-sacraments\/506-frequency-celebration-mass\/\" target=\"_blank\" rel=\"noopener\">506 - Frecuencia de la celebraci\u00f3n de la misa<\/a><a href=\"https:\/\/safe-environment.archspm.org\/500-sacraments\/506-frequency-celebration-mass\/\" target=\"_blank\" rel=\"noopener\">\u00a0- 4\/10\/2011<\/a><\/p>\n<p><a href=\"https:\/\/safe-environment.archspm.org\/500-sacraments\/507-marriage-celebration-dispensations-permissions\/\" target=\"_blank\" rel=\"noopener\">507 - Matrimonio - Celebraci\u00f3n, Dispensas, Permisos<\/a><a href=\"https:\/\/safe-environment.archspm.org\/500-sacraments\/507-marriage-celebration-dispensations-permissions\/\" target=\"_blank\" rel=\"noopener\">\u00a0- 4\/18\/2012<\/a><\/p>\n<p><a href=\"https:\/\/safe-environment.archspm.org\/500-sacraments\/508-marriage-preparation-procedure-requirements\/\" target=\"_blank\" rel=\"noopener\">508 - Matrimonio - Procedimiento de preparaci\u00f3n y requisitos - 30\/09\/2006<\/a><\/p>\n<p><a href=\"https:\/\/safe-environment.archspm.org\/500-sacraments\/509-penancereconcilliation-first-holy-communion-regulations-celebration\/\" target=\"_blank\" rel=\"noopener\">509 - Penitencia\/Reconciliaci\u00f3n y Primera Comuni\u00f3n - Reglamento para la celebraci\u00f3n<\/a><a href=\"https:\/\/safe-environment.archspm.org\/500-sacraments\/509-penancereconcilliation-first-holy-communion-regulations-celebration\/\" target=\"_blank\" rel=\"noopener\">\u00a0- 11\/10\/2011<\/a><\/p>","protected":false},"excerpt":{"rendered":"<p>501 \u2013 Baptism\u00a0\u2013 11\/10\/2011 502 \u2013 Christmas Eve \u2013 Time for Masses\u00a0\u2013 11\/12\/2009 503 \u2013 Confirmation\u00a0\u2013 11\/10\/2011 504 \u2013 Confirmation \u2013 Priest as Minister\u00a0\u2013 4\/11\/2011 505 \u2013 Extraordinary Ministers of Holy Communion\u00a0\u2013 4\/9\/2013 506 \u2013 Frequency of the Celebration of Mass\u00a0\u2013 4\/10\/2011 507 \u2013 Marriage \u2013 Celebration, Dispensations, Permissions\u00a0\u2013 4\/18\/2012 508 \u2013 Marriage \u2013 Preparation [&hellip;]<\/p>\n","protected":false},"author":2,"featured_media":0,"parent":2211,"menu_order":0,"comment_status":"closed","ping_status":"closed","template":"","meta":{"footnotes":""},"class_list":["post-2193","page","type-page","status-publish","hentry"],"_links":{"self":[{"href":"https:\/\/www.archspm.org\/es\/wp-json\/wp\/v2\/pages\/2193","targetHints":{"allow":["GET"]}}],"collection":[{"href":"https:\/\/www.archspm.org\/es\/wp-json\/wp\/v2\/pages"}],"about":[{"href":"https:\/\/www.archspm.org\/es\/wp-json\/wp\/v2\/types\/page"}],"author":[{"embeddable":true,"href":"https:\/\/www.archspm.org\/es\/wp-json\/wp\/v2\/users\/2"}],"replies":[{"embeddable":true,"href":"https:\/\/www.archspm.org\/es\/wp-json\/wp\/v2\/comments?post=2193"}],"version-history":[{"count":0,"href":"https:\/\/www.archspm.org\/es\/wp-json\/wp\/v2\/pages\/2193\/revisions"}],"up":[{"embeddable":true,"href":"https:\/\/www.archspm.org\/es\/wp-json\/wp\/v2\/pages\/2211"}],"wp:attachment":[{"href":"https:\/\/www.archspm.org\/es\/wp-json\/wp\/v2\/media?parent=2193"}],"curies":[{"name":"wp","href":"https:\/\/api.w.org\/{rel}","templated":true}]}}