{"id":2194,"date":"2025-01-16T00:00:00","date_gmt":"2025-01-16T05:00:00","guid":{"rendered":"https:\/\/www.archspm.org\/504-confirmation-priest-minister\/"},"modified":"2025-03-11T13:29:17","modified_gmt":"2025-03-11T17:29:17","slug":"504-confirmation-priest-minister","status":"publish","type":"page","link":"https:\/\/www.archspm.org\/es\/policies\/500-sacraments\/504-confirmation-priest-minister\/","title":{"rendered":"504 - Confirmaci\u00f3n - El sacerdote como ministro"},"content":{"rendered":"<h4 style=\"line-height: 15.55pt; text-align: center;\"><span style=\"font-family: 'Arial',sans-serif; font-weight: normal;\">\u00daltima actualizaci\u00f3n: 4\/11\/2011<\/span><\/h4>\n<div class=\"policy_button_container\"><a href=\"https:\/\/s3.amazonaws.com\/archspmpolicies\/500\/504_Confirmation+%E2%80%93+Priests+as+Ministers\" target=\"_blank\" title=\"504 - Confirmaci\u00f3n - Sacerdotes como Ministros|\" rel=\"noopener\">Descargar PDF<\/a><\/div>\n<p style=\"text-align: center;\"><strong>ARCHIDI\u00d3CESIS DE SAINT PAUL Y MINNEAPOLIS<\/strong><\/p>\n<p style=\"text-align: center;\"><strong>BOLET\u00cdN DEL CLERO<\/strong><\/p>\n<p style=\"text-align: center;\"><strong>10 de abril de 2011 <\/strong><\/p>\n<p style=\"text-align: center;\"><strong>Volumen XV, N\u00famero 1, Revisado<\/strong><\/p>\n<p style=\"text-align: center;\"><span style=\"text-decoration: underline;\"><strong>CONFIRMACI\u00d3N: EL SACERDOTE COMO MINISTRO<\/strong><\/span><\/p>\n<p>Reverendos y queridos Padres,<\/p>\n<p>En 1983, la revisi\u00f3n <em>C\u00f3digo de Derecho Can\u00f3nico <\/em>modific\u00f3 la legislaci\u00f3n can\u00f3nica que regula todos los sacramentos e incluy\u00f3 varias normas nuevas y las ocasiones en que los presb\u00edteros pueden administrar v\u00e1lida y l\u00edcitamente el sacramento de la Confirmaci\u00f3n. Aunque la costumbre y el derecho can\u00f3nico establecen que el ministro ordinario de la Confirmaci\u00f3n es el Obispo (C. 882), un presb\u00edtero puede confirmar cuando recibe esta facultad del propio derecho o cuando el Obispo diocesano le concede facultades especiales (C.882). Debe tenerse en cuenta que el presb\u00edtero que ha recibido la delegaci\u00f3n para confirmar debe usarla para aquellas personas en cuyo favor se concedi\u00f3 la facultad (C.885.2).<\/p>\n<p>Desde 1983, la experiencia pastoral ha demostrado que hay varias situaciones, adem\u00e1s de las previstas en el derecho universal de la Iglesia, en las que un presb\u00edtero puede ser llamado a administrar el sacramento de la Confirmaci\u00f3n. Con el fin de eliminar la confusi\u00f3n y proporcionar un ministerio pastoral eficaz, por la presente hago las siguientes disposiciones:<\/p>\n<ul>\n<li>Concedo a los presb\u00edteros con las facultades de la Arquidi\u00f3cesis de Saint Paul y Minneapolis, y que tienen el cuidado pastoral de un grupo de fieles por medio de una asignaci\u00f3n parroquial, la delegaci\u00f3n de confirmar a los cat\u00f3licos de dieciocho a\u00f1os o m\u00e1s que han estado en el programa de RICA en su parroquia. Esta facultad puede ser usada s\u00f3lo si el cat\u00f3lico que busca la Confirmaci\u00f3n est\u00e1 debidamente dispuesto, no est\u00e1 atado por ning\u00fan impedimento can\u00f3nico, ha tenido un extenso curso de preparaci\u00f3n a trav\u00e9s del RICA u otro programa aprobado. A tales cat\u00f3licos se les anima a ser confirmados en una ceremonia distinta a la Vigilia Pascual.<\/li>\n<\/ul>\n<ul>\n<li>Puesto que a un cat\u00f3lico que se prepara para el matrimonio se le urge recibir el sacramento de la Confirmaci\u00f3n antes del matrimonio, a menos que esto cree serios inconvenientes, concedo a los presb\u00edteros con facultades de la Archidi\u00f3cesis de San Pablo y Minneapolis, y que tienen el cuidado pastoral de un grupo de fieles por medio de una asignaci\u00f3n parroquial, la delegaci\u00f3n de confirmar a los cat\u00f3licos que se preparan para el matrimonio, siempre que la instrucci\u00f3n se complete adecuada y completamente y el sacramento de la Confirmaci\u00f3n se administre antes de que se celebre la boda.<\/li>\n<\/ul>\n<p>Adem\u00e1s, cuando se enfrenta a una situaci\u00f3n pastoral no permitida en esta pol\u00edtica, y en la que un presb\u00edtero no tiene la facultad de confirmar por la propia ley (es decir, al bautizar a un adulto, recibir a un adulto en la plena comuni\u00f3n, o en situaciones en las que el destinatario est\u00e1 en peligro de muerte), un sacerdote tiene la opci\u00f3n de solicitar directamente al Arzobispo la facultad delegada para confirmar en ese caso particular.<\/p>\n<p>Dado en Saint Paul, Minnesota, este 10<sup>th<\/sup> d\u00eda de abril del a\u00f1o de Nuestro Se\u00f1or 2011. A pesar de todo lo contrario.<\/p>\n<p>Reverend\u00edsimo John C. Nienstedt<\/p>\n<p>Arzobispo de San Pablo y Minneapolis<\/p>\n<p>Jennifer Haselberger<\/p>\n<p>Canciller para Asuntos Can\u00f3nicos<\/p>","protected":false},"excerpt":{"rendered":"<p>Last Updated: 4\/11\/2011 PDF Download ARCHDIOCESE OF SAINT PAUL AND MINNEAPOLIS CLERGY BULLETIN April 10, 2011 Volume XV, Number 1, Revised CONFIRMATION: PRIEST AS MINISTER Reverend and dear Fathers, In 1983, the revised Code of Canon Law modified the canonical legislation regulating all the sacraments and including several new norms and the occasions when priests [&hellip;]<\/p>\n","protected":false},"author":2,"featured_media":0,"parent":2193,"menu_order":0,"comment_status":"closed","ping_status":"closed","template":"","meta":{"footnotes":""},"class_list":["post-2194","page","type-page","status-publish","hentry"],"_links":{"self":[{"href":"https:\/\/www.archspm.org\/es\/wp-json\/wp\/v2\/pages\/2194","targetHints":{"allow":["GET"]}}],"collection":[{"href":"https:\/\/www.archspm.org\/es\/wp-json\/wp\/v2\/pages"}],"about":[{"href":"https:\/\/www.archspm.org\/es\/wp-json\/wp\/v2\/types\/page"}],"author":[{"embeddable":true,"href":"https:\/\/www.archspm.org\/es\/wp-json\/wp\/v2\/users\/2"}],"replies":[{"embeddable":true,"href":"https:\/\/www.archspm.org\/es\/wp-json\/wp\/v2\/comments?post=2194"}],"version-history":[{"count":0,"href":"https:\/\/www.archspm.org\/es\/wp-json\/wp\/v2\/pages\/2194\/revisions"}],"up":[{"embeddable":true,"href":"https:\/\/www.archspm.org\/es\/wp-json\/wp\/v2\/pages\/2193"}],"wp:attachment":[{"href":"https:\/\/www.archspm.org\/es\/wp-json\/wp\/v2\/media?parent=2194"}],"curies":[{"name":"wp","href":"https:\/\/api.w.org\/{rel}","templated":true}]}}