{"id":2196,"date":"2025-01-16T00:00:00","date_gmt":"2025-01-16T05:00:00","guid":{"rendered":"https:\/\/www.archspm.org\/502-christmas-eve-time-masses\/"},"modified":"2025-03-11T13:29:17","modified_gmt":"2025-03-11T17:29:17","slug":"502-christmas-eve-time-masses","status":"publish","type":"page","link":"https:\/\/www.archspm.org\/es\/policies\/500-sacraments\/502-christmas-eve-time-masses\/","title":{"rendered":"502 - Nochebuena - Hora de misas"},"content":{"rendered":"<h4 style=\"line-height: 15.55pt; text-align: center;\"><span style=\"font-family: 'Arial',sans-serif; font-weight: normal;\">\u00daltima actualizaci\u00f3n: 11\/12\/2009<\/span><\/h4>\n<div class=\"policy_button_container\"><a href=\"https:\/\/s3.amazonaws.com\/archspmpolicies\/500\/502_Christmas+Eve+%E2%80%93+Time+for+Masses\" target=\"_blank\" title=\"502 - Nochebuena - Hora de misas|\" rel=\"noopener\">Descargar PDF<\/a><\/div>\n<p style=\"text-align: center;\"><strong>ARCHIDI\u00d3CESIS DE SAINT PAUL Y MINNEAPOLIS<\/strong><br \/>\n<strong>BOLET\u00cdN DEL CLERO<\/strong><br \/>\n<strong>12 de noviembre de 2009<\/strong><br \/>\n<strong>Volumen I, N\u00famero 5, Revisado<\/strong><\/p>\n<p style=\"text-align: center;\"><strong><u>Misas anticipadas de Nochebuena<\/u><\/strong><\/p>\n<p><u><\/u>Reverendos y queridos Padres,<\/p>\n<p>Soy consciente de que, desde hace varios a\u00f1os, varias parroquias de la Archidi\u00f3cesis ofrecen Misas de Vigilia de Navidad antes de las 16:00 horas durante el d\u00eda 24 de diciembre, con el fin de dar cabida al gran n\u00famero de personas que se unen a la Iglesia para rezar en este momento sagrado. El deseo de dar cabida a los visitantes en una ocasi\u00f3n tan importante es loable, y todos debemos estar agradecidos de que tales soluciones incluso tengan que ser consideradas con el fin de dar la bienvenida a tantos, algunos de los cuales no han asistido a Misa desde hace bastante tiempo. Sin embargo, me preocupa que la pr\u00e1ctica de ofrecer Misas tan temprano el 24 de diciembre haya contribuido, de hecho, a una p\u00e9rdida gradual de conciencia entre los fieles acerca de la importancia sagrada del propio d\u00eda de Navidad, y haya llevado a un malentendido sobre la naturaleza de una Misa de Vigilia. Por lo tanto, impulsado tanto por mis propias preocupaciones como por el aliento de los p\u00e1rrocos que han pedido aclaraciones sobre este asunto, <strong>Es pol\u00edtica de la Arquidi\u00f3cesis de Saint Paul y Minneapolis que las Misas de Vigilia de Navidad no se celebren antes de las 4:00 p.m. del 24 de diciembre.<\/strong><\/p>\n<p>Creo que los textos en ingl\u00e9s proporcionados por la Iglesia para la celebraci\u00f3n de la Vigilia de Navidad son \u00fatiles a la hora de determinar el momento m\u00e1s adecuado para celebrar esta Misa en particular.  Tanto en la oraci\u00f3n inicial alternativa como en la oraci\u00f3n sobre las ofrendas que la Iglesia nos ha proporcionado para esta Vigilia, se hace referencia a la espera de la aurora, una hermosa alusi\u00f3n a esas per\u00edcopas de la Escritura en las que la espera de la llegada de la ma\u00f1ana que pondr\u00e1 fin a una larga noche es semejante a la espera paciente de la salvaci\u00f3n del Se\u00f1or. Por otra parte, en el primer prefacio de Navidad, se indica significativamente al celebrante que incluya la frase \"celebramos esa noche\" cuando utilice la Plegaria eucar\u00edstica I y celebre la Vigilia de Navidad. As\u00ed pues, parece m\u00e1s apropiado ofrecer estas oraciones despu\u00e9s de la puesta del sol.<\/p>\n<p>El Bolet\u00edn del Clero de 1975 de mi predecesor, el Reverend\u00edsimo John R. Roach, relativo a las Misas de Navidad, todav\u00eda debe seguirse. Este documento (Volumen I, N\u00famero 5) puede encontrarse en la p\u00e1gina 237 del Bolet\u00edn del Clero Arquidiocesano. Se deja a los p\u00e1rrocos decidir qu\u00e9 celebraci\u00f3n, si la Vigilia de Navidad o la Misa de Noche, se ofrecer\u00e1 despu\u00e9s de las 4:30 p.m. Aunque creo que lo m\u00e1s apropiado ser\u00eda celebrar la Vigilia de Navidad hasta la medianoche o poco antes de esta hora, la Iglesia permite acomodaciones pastorales en esta \u00e1rea.<\/p>\n<p>Les agradezco su cooperaci\u00f3n en este asunto. Creo que celebrar la Vigilia de Navidad no antes de las 16.00 horas nos permitir\u00e1 a todos respetar mejor la intenci\u00f3n, as\u00ed como la antigua tradici\u00f3n de la Iglesia de santificar la propia fiesta.<\/p>\n<p>Dado en Saint Paul, Minnesota, el 12 de noviembre de 2009, a\u00f1o de Nuestro Se\u00f1or. No obstante cualquier disposici\u00f3n en contrario.<\/p>\n<p>Reverend\u00edsimo John C. Nienstedt<\/p>\n<p>Arzobispo de San Pablo y Minneapolis<\/p>\n<p>Jennifer Haselberger<\/p>\n<p>Canciller para Asuntos Can\u00f3nicos<\/p>\n<p><strong><u>\u00a0<\/u><\/strong><\/p>","protected":false},"excerpt":{"rendered":"<p>Last Updated: 11\/12\/2009 PDF Download ARCHDIOCESE OF SAINT PAUL AND MINNEAPOLIS CLERGY BULLETIN November 12, 2009 Volume I, Number 5, Revised Early Masses on Christmas Eve Reverend and dear Fathers, I am aware that for several years now, a number of parishes around the Archdiocese have been offering Christmas Vigil Masses earlier than 4:00 p.m. [&hellip;]<\/p>\n","protected":false},"author":2,"featured_media":0,"parent":2193,"menu_order":0,"comment_status":"closed","ping_status":"closed","template":"","meta":{"footnotes":""},"class_list":["post-2196","page","type-page","status-publish","hentry"],"_links":{"self":[{"href":"https:\/\/www.archspm.org\/es\/wp-json\/wp\/v2\/pages\/2196","targetHints":{"allow":["GET"]}}],"collection":[{"href":"https:\/\/www.archspm.org\/es\/wp-json\/wp\/v2\/pages"}],"about":[{"href":"https:\/\/www.archspm.org\/es\/wp-json\/wp\/v2\/types\/page"}],"author":[{"embeddable":true,"href":"https:\/\/www.archspm.org\/es\/wp-json\/wp\/v2\/users\/2"}],"replies":[{"embeddable":true,"href":"https:\/\/www.archspm.org\/es\/wp-json\/wp\/v2\/comments?post=2196"}],"version-history":[{"count":0,"href":"https:\/\/www.archspm.org\/es\/wp-json\/wp\/v2\/pages\/2196\/revisions"}],"up":[{"embeddable":true,"href":"https:\/\/www.archspm.org\/es\/wp-json\/wp\/v2\/pages\/2193"}],"wp:attachment":[{"href":"https:\/\/www.archspm.org\/es\/wp-json\/wp\/v2\/media?parent=2196"}],"curies":[{"name":"wp","href":"https:\/\/api.w.org\/{rel}","templated":true}]}}