{"id":2199,"date":"2025-01-16T00:00:00","date_gmt":"2025-01-16T05:00:00","guid":{"rendered":"https:\/\/www.archspm.org\/506-frequency-celebration-mass\/"},"modified":"2025-03-11T13:29:17","modified_gmt":"2025-03-11T17:29:17","slug":"506-frequency-celebration-mass","status":"publish","type":"page","link":"https:\/\/www.archspm.org\/es\/policies\/500-sacraments\/506-frequency-celebration-mass\/","title":{"rendered":"506 - Frecuencia de la celebraci\u00f3n de la misa"},"content":{"rendered":"<h4 style=\"line-height: 15.55pt; text-align: center;\"><span style=\"font-family: 'Arial',sans-serif; font-weight: normal;\">\u00daltima actualizaci\u00f3n: 4\/10\/2011<\/span><\/h4>\n<div class=\"policy_button_container\"><a href=\"https:\/\/s3.amazonaws.com\/archspmpolicies\/500\/506_Frequency+of+the+Celebration+of+Mass\" target=\"_blank\" title=\"506 - Frecuencia de la Celebraci\u00f3n de la Misa|\" rel=\"noopener\">Descargar PDF<\/a><\/div>\n<p style=\"text-align: center;\"><strong>ARCHIDI\u00d3CESIS DE SAINT PAUL Y MINNEAPOLIS<\/strong><br \/>\n<strong>BOLET\u00cdN DEL CLERO<\/strong><br \/>\n<strong>10 de abril de 2011<\/strong><br \/>\n<strong>Volumen XI, N\u00famero 5, Revisado<\/strong><\/p>\n<p style=\"text-align: center;\"><strong><u>La frecuencia de la celebraci\u00f3n de la misa<\/u><\/strong><\/p>\n<p>Reverendos y queridos Padres,<\/p>\n<p>Como ustedes saben, uno de los objetivos del Plan Estrat\u00e9gico para esta Arquidi\u00f3cesis era proporcionar estructuras para ayudar a los sacerdotes a centrarse en su ministerio esencial: imitar el misterio de la Eucarist\u00eda que est\u00e1n llamados a celebrar con y para los fieles confiados a su cuidado pastoral. Al comenzar el proceso de fusi\u00f3n y agrupaci\u00f3n de parroquias, debe considerarse cuidadosamente la frecuencia con la que se ofrece la Misa en una parroquia o lugar de culto concreto.<\/p>\n<p>Para ayudar a los p\u00e1rrocos y l\u00edderes parroquiales laicos en la elaboraci\u00f3n de pol\u00edticas apropiadas con respecto a la celebraci\u00f3n de la Eucarist\u00eda, deseo recordar a los p\u00e1rrocos y al personal de la parroquia las siguientes normas, que se pueden encontrar en la <em>C\u00f3digo de Derecho Can\u00f3nico<\/em><em>.<\/em><\/p>\n<p style=\"padding-left: 30px;\">Can. 905 \u00a71. A un sacerdote no le est\u00e1 permitido celebrar la Eucarist\u00eda m\u00e1s de una vez al d\u00eda, excepto en los casos en que el derecho le permite celebrar o concelebrar m\u00e1s de una vez en el mismo d\u00eda.<\/p>\n<p style=\"padding-left: 30px;\">\u00a72. En caso de escasez de sacerdotes, el Ordinario del lugar puede permitir que, por justa causa, los sacerdotes celebren dos veces al d\u00eda o, si la necesidad pastoral lo requiere, incluso tres veces los domingos y d\u00edas de precepto.<\/p>\n<p>Habiendo discutido esto con el Consejo Presbiteral, y a la luz de las circunstancias pastorales de esta Arquidi\u00f3cesis, por la presente concedo permiso para celebrar Misa dos veces entre semana a todos los sacerdotes asignados al ministerio parroquial. Adem\u00e1s, concedo permiso para que los mismos sacerdotes celebren Misa tres veces los domingos y otros d\u00edas de precepto. Los sacerdotes pueden contar las Misas de Vigilia celebradas los s\u00e1bados por la noche y el d\u00eda anterior a otro d\u00eda santo de precepto para el d\u00eda en que se celebr\u00f3 la Misa (es decir, el s\u00e1bado).<\/p>\n<p>Se advierte a los p\u00e1rrocos, asociados y responsables parroquiales que no est\u00e1 permitido celebrar m\u00e1s de dos Misas en un d\u00eda laborable, ni m\u00e1s de tres Misas en un domingo u otro d\u00eda de precepto, sin la expresa autorizaci\u00f3n de la Santa Sede. Por lo tanto, puede ser necesario que algunas parroquias ajusten su horario de Misas para cumplir con estos requisitos. Esto es especialmente probable en aquellas parroquias implicadas en fusiones o agrupaciones.<\/p>\n<p>Dado en Saint Paul, Minnesota, el 10 de abril de 2011, a\u00f1o de Nuestro Se\u00f1or. A pesar de todo lo contrario.<\/p>\n<p>Reverend\u00edsimo John C. Nienstedt<\/p>\n<p>Arzobispo de San Pablo y Minneapolis<\/p>\n<p>Jennifer Haselberger<\/p>\n<p>Canciller para Asuntos Can\u00f3nicos<\/p>\n<p>&nbsp;<\/p>","protected":false},"excerpt":{"rendered":"<p>Last Updated: 4\/10\/2011 PDF Download ARCHDIOCESE OF SAINT PAUL AND MINNEAPOLIS CLERGY BULLETIN April 10, 2011 Volume XI, Number 5, Revised The Frequency of the Celebration of the Mass Reverend and dear Fathers, As you are aware, one of the goals of the Strategic Plan for this Archdiocese was to provide structures to assist priests [&hellip;]<\/p>\n","protected":false},"author":2,"featured_media":0,"parent":2193,"menu_order":0,"comment_status":"closed","ping_status":"closed","template":"","meta":{"footnotes":""},"class_list":["post-2199","page","type-page","status-publish","hentry"],"_links":{"self":[{"href":"https:\/\/www.archspm.org\/es\/wp-json\/wp\/v2\/pages\/2199","targetHints":{"allow":["GET"]}}],"collection":[{"href":"https:\/\/www.archspm.org\/es\/wp-json\/wp\/v2\/pages"}],"about":[{"href":"https:\/\/www.archspm.org\/es\/wp-json\/wp\/v2\/types\/page"}],"author":[{"embeddable":true,"href":"https:\/\/www.archspm.org\/es\/wp-json\/wp\/v2\/users\/2"}],"replies":[{"embeddable":true,"href":"https:\/\/www.archspm.org\/es\/wp-json\/wp\/v2\/comments?post=2199"}],"version-history":[{"count":0,"href":"https:\/\/www.archspm.org\/es\/wp-json\/wp\/v2\/pages\/2199\/revisions"}],"up":[{"embeddable":true,"href":"https:\/\/www.archspm.org\/es\/wp-json\/wp\/v2\/pages\/2193"}],"wp:attachment":[{"href":"https:\/\/www.archspm.org\/es\/wp-json\/wp\/v2\/media?parent=2199"}],"curies":[{"name":"wp","href":"https:\/\/api.w.org\/{rel}","templated":true}]}}