{"id":2201,"date":"2025-01-16T00:00:00","date_gmt":"2025-01-16T05:00:00","guid":{"rendered":"https:\/\/www.archspm.org\/700-spanish\/"},"modified":"2025-01-20T23:05:39","modified_gmt":"2025-01-21T04:05:39","slug":"700-spanish","status":"publish","type":"page","link":"https:\/\/www.archspm.org\/es\/policies\/700-spanish\/","title":{"rendered":"700 - Espa\u00f1ol (P\u00f3lizas)"},"content":{"rendered":"<p><a href=\"https:\/\/safe-environment.archspm.org\/700-spanish\/701-baptism\/\" target=\"_blank\" rel=\"noopener\">701 - Bautismo<\/a><a href=\"https:\/\/safe-environment.archspm.org\/700-spanish\/701-baptism\/\" target=\"_blank\" rel=\"noopener\">\u00a0- 11\/10\/2011<\/a><\/p>\n<p><a href=\"https:\/\/safe-environment.archspm.org\/700-spanish\/702-confirmation\/\" target=\"_blank\" rel=\"noopener\">702 - Confirmaci\u00f3n<\/a><a href=\"https:\/\/safe-environment.archspm.org\/700-spanish\/702-confirmation\/\" target=\"_blank\" rel=\"noopener\">\u00a0- 11\/10\/2011<\/a><\/p>\n<p><a href=\"https:\/\/safe-environment.archspm.org\/700-spanish\/703-code-conduct-youth-volunteers\/\" target=\"_blank\" rel=\"noopener\">703 - C\u00f3digo de conducta para j\u00f3venes voluntarios<\/a><a href=\"https:\/\/safe-environment.archspm.org\/700-spanish\/703-code-conduct-youth-volunteers\/\" target=\"_blank\" rel=\"noopener\">\u00a0- 6\/2015<\/a><\/p>\n<p><a href=\"https:\/\/safe-environment.archspm.org\/700-spanish\/704-code-conduct-adult-volunteers\/\" target=\"_blank\" rel=\"noopener\">704 - C\u00f3digo de conducta para voluntarios adultos<\/a><a href=\"https:\/\/safe-environment.archspm.org\/700-spanish\/704-code-conduct-adult-volunteers\/\" target=\"_blank\" rel=\"noopener\">\u00a0- 12\/2016<\/a><\/p>\n<p><a href=\"https:\/\/safe-environment.archspm.org\/700-spanish\/706-marriage-celebration-dispensations-permissions\/\" target=\"_blank\" rel=\"noopener\">706 - Matrimonio - Celebraci\u00f3n, Dispensas, Permisos<\/a><a href=\"https:\/\/safe-environment.archspm.org\/700-spanish\/706-marriage-celebration-dispensations-permissions\/\" target=\"_blank\" rel=\"noopener\"> - 4\/18\/2012<\/a><\/p>\n<p><a href=\"https:\/\/safe-environment.archspm.org\/700-spanish\/707-marriage-preparation-procedure-requirements\/\" target=\"_blank\" rel=\"noopener\">707 - Matrimonio - Procedimiento de preparaci\u00f3n y requisitos<\/a><a href=\"https:\/\/safe-environment.archspm.org\/700-spanish\/707-marriage-preparation-procedure-requirements\/\" target=\"_blank\" rel=\"noopener\">\u00a0- 9\/30\/2006<\/a><\/p>\n<p><a href=\"https:\/\/safe-environment.archspm.org\/700-spanish\/708-penancereconcilliation-first-holy-communion-regulations-celebration\/\" target=\"_blank\" rel=\"noopener\">708 - Penitencia\/Reconciliaci\u00f3n y Primera Comuni\u00f3n - Reglamento para la celebraci\u00f3n<\/a><a href=\"https:\/\/safe-environment.archspm.org\/700-spanish\/708-penancereconcilliation-first-holy-communion-regulations-celebration\/\" target=\"_blank\" rel=\"noopener\">\u00a0- 11\/10\/2011<\/a><\/p>\n<p><a href=\"https:\/\/safe-environment.archspm.org\/700-spanish\/709-code-conduct-clergy\/\" target=\"_blank\" rel=\"noopener\">709 - C\u00f3digo de conducta del clero<\/a><a href=\"https:\/\/safe-environment.archspm.org\/700-spanish\/709-code-conduct-clergy\/\" target=\"_blank\" rel=\"noopener\">\u00a0- 12\/2016<\/a><\/p>\n<p><a href=\"https:\/\/safe-environment.archspm.org\/700-spanish\/710-code-conduct-church-personnel\/\" target=\"_blank\" rel=\"noopener\">710 - C\u00f3digo de conducta del personal eclesi\u00e1stico<\/a><a href=\"https:\/\/safe-environment.archspm.org\/700-spanish\/710-code-conduct-church-personnel\/\" target=\"_blank\" rel=\"noopener\">\u00a0- 12\/2016<\/a><\/p>","protected":false},"excerpt":{"rendered":"<p>701 \u2013 Baptism\u00a0\u2013 11\/10\/2011 702 \u2013 Confirmation\u00a0\u2013 11\/10\/2011 703 \u2013 Code of Conduct for Youth Volunteers\u00a0\u2013 6\/2015 704 \u2013 Code of Conduct for Adult Volunteers\u00a0\u2013 12\/2016 706 \u2013 Marriage \u2013 Celebration, Dispensations, Permissions \u2013 4\/18\/2012 707 \u2013 Marriage \u2013 Preparation Procedure and Requirements\u00a0\u2013 9\/30\/2006 708 \u2013 Penance\/Reconciliation and First Holy Communion \u2013 Regulations for Celebration\u00a0\u2013 [&hellip;]<\/p>\n","protected":false},"author":2,"featured_media":0,"parent":2211,"menu_order":0,"comment_status":"closed","ping_status":"closed","template":"","meta":{"footnotes":""},"class_list":["post-2201","page","type-page","status-publish","hentry"],"_links":{"self":[{"href":"https:\/\/www.archspm.org\/es\/wp-json\/wp\/v2\/pages\/2201","targetHints":{"allow":["GET"]}}],"collection":[{"href":"https:\/\/www.archspm.org\/es\/wp-json\/wp\/v2\/pages"}],"about":[{"href":"https:\/\/www.archspm.org\/es\/wp-json\/wp\/v2\/types\/page"}],"author":[{"embeddable":true,"href":"https:\/\/www.archspm.org\/es\/wp-json\/wp\/v2\/users\/2"}],"replies":[{"embeddable":true,"href":"https:\/\/www.archspm.org\/es\/wp-json\/wp\/v2\/comments?post=2201"}],"version-history":[{"count":0,"href":"https:\/\/www.archspm.org\/es\/wp-json\/wp\/v2\/pages\/2201\/revisions"}],"up":[{"embeddable":true,"href":"https:\/\/www.archspm.org\/es\/wp-json\/wp\/v2\/pages\/2211"}],"wp:attachment":[{"href":"https:\/\/www.archspm.org\/es\/wp-json\/wp\/v2\/media?parent=2201"}],"curies":[{"name":"wp","href":"https:\/\/api.w.org\/{rel}","templated":true}]}}