{"id":2214,"date":"2025-01-16T00:00:00","date_gmt":"2025-01-16T05:00:00","guid":{"rendered":"https:\/\/www.archspm.org\/710-code-conduct-church-personnel\/"},"modified":"2025-03-11T13:29:17","modified_gmt":"2025-03-11T17:29:17","slug":"710-code-conduct-church-personnel","status":"publish","type":"page","link":"https:\/\/www.archspm.org\/es\/policies\/700-spanish\/710-code-conduct-church-personnel\/","title":{"rendered":"710 - C\u00f3digo de conducta del personal eclesi\u00e1stico"},"content":{"rendered":"<h4 style=\"line-height: 15.55pt; text-align: center;\"><span style=\"font-family: 'Arial',sans-serif; font-weight: normal;\">\u00daltima actualizaci\u00f3n: 12\/2016<\/span><\/h4>\n<div class=\"policy_button_container\"><a href=\"https:\/\/s3.amazonaws.com\/archspmpolicies\/700\/710_SPANISH+Code+of+Conduct+for+Church+Personnel+2016.pdf\" target=\"_blank\" title=\"710 \u2013 C\u00f3digo de conducta para el personal de la Iglesia|\" rel=\"noopener\">Descargar PDF<\/a><\/div>\n<p>Para ver esta p\u00f3liza, descargue el archivo PDF. (Por favor, descargue el PDF para ver esta p\u00f3liza).<\/p>","protected":false},"excerpt":{"rendered":"<p>\u00daltima actualizaci\u00f3n: diciembre de 2016 Descargar PDF Para consultar esta p\u00f3liza, descargue el archivo PDF. (Descargue el PDF para consultar esta p\u00f3liza.)<\/p>","protected":false},"author":2,"featured_media":0,"parent":2201,"menu_order":0,"comment_status":"closed","ping_status":"closed","template":"","meta":{"footnotes":""},"class_list":["post-2214","page","type-page","status-publish","hentry"],"_links":{"self":[{"href":"https:\/\/www.archspm.org\/es\/wp-json\/wp\/v2\/pages\/2214","targetHints":{"allow":["GET"]}}],"collection":[{"href":"https:\/\/www.archspm.org\/es\/wp-json\/wp\/v2\/pages"}],"about":[{"href":"https:\/\/www.archspm.org\/es\/wp-json\/wp\/v2\/types\/page"}],"author":[{"embeddable":true,"href":"https:\/\/www.archspm.org\/es\/wp-json\/wp\/v2\/users\/2"}],"replies":[{"embeddable":true,"href":"https:\/\/www.archspm.org\/es\/wp-json\/wp\/v2\/comments?post=2214"}],"version-history":[{"count":0,"href":"https:\/\/www.archspm.org\/es\/wp-json\/wp\/v2\/pages\/2214\/revisions"}],"up":[{"embeddable":true,"href":"https:\/\/www.archspm.org\/es\/wp-json\/wp\/v2\/pages\/2201"}],"wp:attachment":[{"href":"https:\/\/www.archspm.org\/es\/wp-json\/wp\/v2\/media?parent=2214"}],"curies":[{"name":"wp","href":"https:\/\/api.w.org\/{rel}","templated":true}]}}