{"id":2216,"date":"2025-01-16T00:00:00","date_gmt":"2025-01-16T05:00:00","guid":{"rendered":"https:\/\/www.archspm.org\/600-catholic-education\/"},"modified":"2025-01-20T23:05:25","modified_gmt":"2025-01-21T04:05:25","slug":"600-catholic-education","status":"publish","type":"page","link":"https:\/\/www.archspm.org\/es\/policies\/600-catholic-education\/","title":{"rendered":"600 - Educaci\u00f3n cat\u00f3lica"},"content":{"rendered":"<p><a href=\"https:\/\/safe-environment.archspm.org\/600-catholic-education\/601-significant-change-existing-catholic-schools\/\" target=\"_blank\" rel=\"noopener\">601 - Cambio significativo en las escuelas cat\u00f3licas existentes<\/a><a href=\"https:\/\/safe-environment.archspm.org\/600-catholic-education\/601-significant-change-existing-catholic-schools\/\" target=\"_blank\" rel=\"noopener\">\u00a0- 10\/10\/2018<\/a><\/p>\n<p><a href=\"https:\/\/safe-environment.archspm.org\/600-catholic-education\/602-policy-establishment-new-catholic-schools\/\" target=\"_blank\" rel=\"noopener\">602 - Pol\u00edtica de creaci\u00f3n de nuevas escuelas cat\u00f3licas<\/a><a href=\"https:\/\/safe-environment.archspm.org\/600-catholic-education\/602-policy-establishment-new-catholic-schools\/\" target=\"_blank\" rel=\"noopener\">\u00a0- 10\/10\/2018<\/a><\/p>","protected":false},"excerpt":{"rendered":"<p>601 \u2013 Cambios significativos en las escuelas cat\u00f3licas existentes \u2013 10\/10\/2018 602 \u2013 Pol\u00edtica para la creaci\u00f3n de nuevas escuelas cat\u00f3licas \u2013 10\/10\/2018<\/p>","protected":false},"author":2,"featured_media":0,"parent":2211,"menu_order":0,"comment_status":"closed","ping_status":"closed","template":"","meta":{"footnotes":""},"class_list":["post-2216","page","type-page","status-publish","hentry"],"_links":{"self":[{"href":"https:\/\/www.archspm.org\/es\/wp-json\/wp\/v2\/pages\/2216","targetHints":{"allow":["GET"]}}],"collection":[{"href":"https:\/\/www.archspm.org\/es\/wp-json\/wp\/v2\/pages"}],"about":[{"href":"https:\/\/www.archspm.org\/es\/wp-json\/wp\/v2\/types\/page"}],"author":[{"embeddable":true,"href":"https:\/\/www.archspm.org\/es\/wp-json\/wp\/v2\/users\/2"}],"replies":[{"embeddable":true,"href":"https:\/\/www.archspm.org\/es\/wp-json\/wp\/v2\/comments?post=2216"}],"version-history":[{"count":0,"href":"https:\/\/www.archspm.org\/es\/wp-json\/wp\/v2\/pages\/2216\/revisions"}],"up":[{"embeddable":true,"href":"https:\/\/www.archspm.org\/es\/wp-json\/wp\/v2\/pages\/2211"}],"wp:attachment":[{"href":"https:\/\/www.archspm.org\/es\/wp-json\/wp\/v2\/media?parent=2216"}],"curies":[{"name":"wp","href":"https:\/\/api.w.org\/{rel}","templated":true}]}}