{"id":2217,"date":"2025-01-16T00:00:00","date_gmt":"2025-01-16T05:00:00","guid":{"rendered":"https:\/\/www.archspm.org\/601-significant-change-existing-catholic-schools\/"},"modified":"2025-03-11T13:29:17","modified_gmt":"2025-03-11T17:29:17","slug":"601-significant-change-existing-catholic-schools","status":"publish","type":"page","link":"https:\/\/www.archspm.org\/es\/policies\/600-catholic-education\/601-significant-change-existing-catholic-schools\/","title":{"rendered":"601 - Cambio significativo en las escuelas cat\u00f3licas existentes"},"content":{"rendered":"<h4 style=\"line-height: 15.55pt; text-align: center;\"><span style=\"font-family: 'Arial',sans-serif; font-weight: normal;\">\u00daltima actualizaci\u00f3n: 10\/10\/2018<\/span><\/h4>\n<div class=\"policy_button_container\"><a href=\"https:\/\/s3.amazonaws.com\/archspmpolicies\/600\/601_Significant+Change+to+Catholic+School_Policy+Only.pdf\" target=\"_blank\" title=\"601 - Cambio significativo en las escuelas cat\u00f3licas existentes|\" rel=\"noopener\">Descargar PDF<\/a><\/div>\n<div class=\"policy_button_container\"><a href=\"https:\/\/s3.amazonaws.com\/archspmpolicies\/600\/601_Process_Approval+Process+for+the+Implementation+of+Significant+Changes+to+Catholic+Schools.pdf\" target=\"_blank\" title=\"Ver el proceso de cambios significativos\" rel=\"noopener\">Ver el proceso de cambios significativos<\/a><\/div>\n<h2>I. Objetivo<\/h2>\n<p>Esta pol\u00edtica establece los requisitos para una escuela cat\u00f3lica existente que desee realizar un cambio significativo.<\/p>\n<h2>II. Definiciones<\/h2>\n<p><strong>\"Archidi\u00f3cesis\"<\/strong> significa cierta entidad corporativa formada, mantenida y existente bajo la Secci\u00f3n 315.16 de Minnesota con el Nombre Comercial de Minnesota: \"La Archidi\u00f3cesis de St. Paul y Minneapolis\".<\/p>\n<p><strong>\"Escuela\"<\/strong> significa una escuela primaria o una escuela secundaria dentro del territorio de la Archidi\u00f3cesis que est\u00e1 reconocida por la Archidi\u00f3cesis como cat\u00f3lica.<\/p>\n<p><strong>\"Cambio significativo\"<\/strong> significa una ampliaci\u00f3n, modificaci\u00f3n o reducci\u00f3n importante de los servicios prestados por las escuelas cat\u00f3licas existentes o un cambio en la ubicaci\u00f3n geogr\u00e1fica, el nombre, el gobierno o la declaraci\u00f3n de misi\u00f3n de una escuela existente.<\/p>\n<h2>III. Pol\u00edtica<\/h2>\n<p>Todas las escuelas cat\u00f3licas de la archidi\u00f3cesis est\u00e1n obligadas a seguir el <a href=\"https:\/\/s3.amazonaws.com\/archspmpolicies\/600\/601_Process_Approval+Process+for+the+Implementation+of+Significant+Changes+to+Catholic+Schools.pdf\" target=\"_blank\" rel=\"noopener\">Proceso de cambio significativo<\/a> de acuerdo con la Oficina para la Misi\u00f3n de la Educaci\u00f3n Cat\u00f3lica.<\/p>","protected":false},"excerpt":{"rendered":"<p>Last Updated: 10\/10\/2018 PDF Download View Process for Significant Change I. Purpose This policy states the requirements for an existing Catholic school seeking to make a Significant Change. II. Definitions &#8220;Archdiocese&#8221; means that certain corporate entity formed, maintained and existing under Minnesota Section 315.16 with the Minnesota Business Name: &#8220;The Archdiocese of St. Paul and [&hellip;]<\/p>\n","protected":false},"author":2,"featured_media":0,"parent":2216,"menu_order":0,"comment_status":"closed","ping_status":"closed","template":"","meta":{"footnotes":""},"class_list":["post-2217","page","type-page","status-publish","hentry"],"_links":{"self":[{"href":"https:\/\/www.archspm.org\/es\/wp-json\/wp\/v2\/pages\/2217","targetHints":{"allow":["GET"]}}],"collection":[{"href":"https:\/\/www.archspm.org\/es\/wp-json\/wp\/v2\/pages"}],"about":[{"href":"https:\/\/www.archspm.org\/es\/wp-json\/wp\/v2\/types\/page"}],"author":[{"embeddable":true,"href":"https:\/\/www.archspm.org\/es\/wp-json\/wp\/v2\/users\/2"}],"replies":[{"embeddable":true,"href":"https:\/\/www.archspm.org\/es\/wp-json\/wp\/v2\/comments?post=2217"}],"version-history":[{"count":0,"href":"https:\/\/www.archspm.org\/es\/wp-json\/wp\/v2\/pages\/2217\/revisions"}],"up":[{"embeddable":true,"href":"https:\/\/www.archspm.org\/es\/wp-json\/wp\/v2\/pages\/2216"}],"wp:attachment":[{"href":"https:\/\/www.archspm.org\/es\/wp-json\/wp\/v2\/media?parent=2217"}],"curies":[{"name":"wp","href":"https:\/\/api.w.org\/{rel}","templated":true}]}}