{"id":2218,"date":"2025-01-16T00:00:00","date_gmt":"2025-01-16T05:00:00","guid":{"rendered":"https:\/\/www.archspm.org\/602-policy-establishment-new-catholic-schools\/"},"modified":"2026-04-17T16:31:24","modified_gmt":"2026-04-17T20:31:24","slug":"602-policy-establishment-new-catholic-schools","status":"publish","type":"page","link":"https:\/\/www.archspm.org\/es\/policies\/600-catholic-education\/602-policy-establishment-new-catholic-schools\/","title":{"rendered":"602 - Pol\u00edtica de creaci\u00f3n de nuevas escuelas cat\u00f3licas"},"content":{"rendered":"<h4 style=\"text-align: center;\">Fecha de entrada en vigor: 10\/10\/2018<\/h4>\n<div class=\"policy_button_container\"><a title=\"602 \u2013 Pol\u00edtica para la creaci\u00f3n de nuevas escuelas cat\u00f3licas|\" href=\"https:\/\/archspmpolicies.s3.us-east-1.amazonaws.com\/600\/602+-+Establishment+of+New+Catholic+Schools.pdf\" target=\"_blank\" rel=\"noopener\">Descargar PDF<\/a><\/div>\n<div class=\"policy_button_container\"><a title=\"Proceso para la creaci\u00f3n de nuevas escuelas cat\u00f3licas|\" href=\"https:\/\/s3.amazonaws.com\/archspmpolicies\/600\/OMCE+Policy+Processes+Full+Version.docx\" target=\"_blank\" rel=\"noopener\">Ver el proceso para la creaci\u00f3n de nuevas escuelas cat\u00f3licas<\/a><\/div>\n<h2>Prop\u00f3sito<\/h2>\n<p>Esta pol\u00edtica establece los requisitos que debe cumplir una escuela que desee ser reconocida como cat\u00f3lica <a href=\"https:\/\/www.archspm.org\/es\/definitions\/#school\">Escuela<\/a> en el <a href=\"https:\/\/www.archspm.org\/es\/definitions\/#archdiocese\">Archidi\u00f3cesis<\/a>.<\/p>\n<h2>Pol\u00edtica<\/h2>\n<p>En <a href=\"https:\/\/www.archspm.org\/es\/definitions\/#archbishop\">Arzobispo<\/a> \u00bfCu\u00e1l es la autoridad eclesi\u00e1stica competente para designar a una escuela como cat\u00f3lica en el <a href=\"https:\/\/www.archspm.org\/es\/definitions\/#archdiocese\">Archidi\u00f3cesis<\/a>. Todas las escuelas que deseen ser reconocidas como cat\u00f3licas <a href=\"https:\/\/www.archspm.org\/es\/definitions\/#school\">Escuela<\/a> en el <a href=\"https:\/\/www.archspm.org\/es\/definitions\/#archdiocese\">Archidi\u00f3cesis<\/a> deben seguir las\u00a0<a href=\"https:\/\/s3.amazonaws.com\/archspmpolicies\/600\/OMCE+Policy+Processes+Full+Version.docx\" target=\"_blank\" rel=\"noopener\"><em>Proceso para la creaci\u00f3n de nuevas escuelas cat\u00f3licas<\/em><\/a>\u00a0de acuerdo con la Oficina para la Misi\u00f3n de la Educaci\u00f3n Cat\u00f3lica.<\/p>","protected":false},"excerpt":{"rendered":"<p>Effective Date: 10\/10\/2018 PDF Download View Process for the Establishment of New Catholic Schools Purpose This policy states the requirement for a school seeking to be recognized as a Catholic School in the Archdiocese. Policy The Archbishop is the competent ecclesiastical authority to designate a school as Catholic in the Archdiocese. All schools seeking to [&hellip;]<\/p>\n","protected":false},"author":2,"featured_media":0,"parent":2216,"menu_order":0,"comment_status":"closed","ping_status":"closed","template":"","meta":{"footnotes":""},"class_list":["post-2218","page","type-page","status-publish","hentry"],"_links":{"self":[{"href":"https:\/\/www.archspm.org\/es\/wp-json\/wp\/v2\/pages\/2218","targetHints":{"allow":["GET"]}}],"collection":[{"href":"https:\/\/www.archspm.org\/es\/wp-json\/wp\/v2\/pages"}],"about":[{"href":"https:\/\/www.archspm.org\/es\/wp-json\/wp\/v2\/types\/page"}],"author":[{"embeddable":true,"href":"https:\/\/www.archspm.org\/es\/wp-json\/wp\/v2\/users\/2"}],"replies":[{"embeddable":true,"href":"https:\/\/www.archspm.org\/es\/wp-json\/wp\/v2\/comments?post=2218"}],"version-history":[{"count":3,"href":"https:\/\/www.archspm.org\/es\/wp-json\/wp\/v2\/pages\/2218\/revisions"}],"predecessor-version":[{"id":15078,"href":"https:\/\/www.archspm.org\/es\/wp-json\/wp\/v2\/pages\/2218\/revisions\/15078"}],"up":[{"embeddable":true,"href":"https:\/\/www.archspm.org\/es\/wp-json\/wp\/v2\/pages\/2216"}],"wp:attachment":[{"href":"https:\/\/www.archspm.org\/es\/wp-json\/wp\/v2\/media?parent=2218"}],"curies":[{"name":"wp","href":"https:\/\/api.w.org\/{rel}","templated":true}]}}