{"id":2227,"date":"2025-01-16T00:00:00","date_gmt":"2025-01-16T05:00:00","guid":{"rendered":"https:\/\/www.archspm.org\/205-qualifications-for-selecting-speakers-recipients-of-award-honors-or-designations-and-exhibitors-and-vendors\/"},"modified":"2026-04-17T11:06:14","modified_gmt":"2026-04-17T15:06:14","slug":"205-qualifications-for-selecting-speakers-recipients-of-award-honors-or-designations-and-exhibitors-and-vendors","status":"publish","type":"page","link":"https:\/\/www.archspm.org\/es\/policies\/200-administration\/205-qualifications-for-selecting-speakers-recipients-of-award-honors-or-designations-and-exhibitors-and-vendors\/","title":{"rendered":"205 - Requisitos para la selecci\u00f3n de ponentes, galardonados con premios, honores o designaciones, y expositores y vendedores"},"content":{"rendered":"<h4 style=\"text-align: center;\">\u00daltima actualizaci\u00f3n: 8 de noviembre de 2019<\/h4>\n<div class=\"policy_button_container\"><a title=\"205 \u2013 Requisitos para la selecci\u00f3n de ponentes, galardonados, destinatarios de distinciones o nombramientos, y expositores y proveedores|\" href=\"https:\/\/www.archspm.org\/es\/policies\/200-administration\/205-qualifications-for-selecting-speakers-recipients-of-award-honors-or-designations-and-exhibitors-and-vendors\/\" target=\"_blank\" rel=\"noopener\">Descargar PDF<\/a><\/div>\n<h2>Prop\u00f3sito<\/h2>\n<p>Para garantizar que <a href=\"https:\/\/www.archspm.org\/es\/definitions\/#speaker\">Ponentes<\/a> en eventos cat\u00f3licos, los galardonados con premios, distinciones o nombramientos, y quienes exponen o venden en la Arquidi\u00f3cesis <a href=\"https:\/\/www.archspm.org\/es\/definitions\/#parish\">Parroquia<\/a>o <a href=\"https:\/\/www.archspm.org\/es\/definitions\/#school\">Escuela<\/a> sin menoscabar la integridad de las funciones de ense\u00f1anza, santificaci\u00f3n y gobierno de la Iglesia.<\/p>\n<h2>Pol\u00edtica<\/h2>\n<p style=\"padding-left: 40px;\">1) Cualquier entidad arquidiocesana sujeta a la autoridad de la <a href=\"https:\/\/www.archspm.org\/es\/definitions\/#archbishop\">Arzobispo<\/a>, as\u00ed como cualquier junta o comit\u00e9 afiliado a ellos, no otorgar\u00e1n premios ni distinciones, ni organizar\u00e1n presentaciones, charlas o comparecencias de personas u organizaciones cuya postura p\u00fablica se oponga a los principios teol\u00f3gicos o morales fundamentales de la Iglesia Cat\u00f3lica.<\/p>\n<p style=\"padding-left: 40px;\">2) Realizar un an\u00e1lisis exhaustivo para determinar la idoneidad de un <a href=\"https:\/\/www.archspm.org\/es\/definitions\/#speaker\">Altavoz<\/a> La elecci\u00f3n del homenajeado es responsabilidad de la organizaci\u00f3n patrocinadora. En caso de duda respecto a un <a href=\"https:\/\/www.archspm.org\/es\/definitions\/#speaker\">Altavoz<\/a> o al homenajeado, es obligaci\u00f3n de la organizaci\u00f3n patrocinadora solicitar una aclaraci\u00f3n a la Oficina de la <a href=\"https:\/\/www.archspm.org\/es\/definitions\/#archbishop\">Arzobispo<\/a>.<\/p>\n<p style=\"padding-left: 40px;\">3) Es responsabilidad de las organizaciones patrocinadoras y anfitrionas garantizar que quienes expongan en una archidi\u00f3cesis <a href=\"https:\/\/www.archspm.org\/es\/definitions\/#parish\">Parroquia<\/a> o <a href=\"https:\/\/www.archspm.org\/es\/definitions\/#school\">Escuela<\/a> Los eventos, o quienes venden o distribuyen art\u00edculos en alguno de estos eventos, no ponen en peligro la integridad del mensaje de la Iglesia. Un miembro de la Arquidi\u00f3cesis, <a href=\"https:\/\/www.archspm.org\/es\/definitions\/#parish\">Parroquia<\/a> o <a href=\"https:\/\/www.archspm.org\/es\/definitions\/#school\">Escuela<\/a> El evento es una actividad organizada o patrocinada por la Arquidi\u00f3cesis, o una <a href=\"https:\/\/www.archspm.org\/es\/definitions\/#parish\">Parroquia<\/a> o <a href=\"https:\/\/www.archspm.org\/es\/definitions\/#school\">Escuela<\/a>. <a href=\"https:\/\/www.archspm.org\/es\/definitions\/#exhibitor\">Expositores o vendedores<\/a> No deben exhibir, vender ni distribuir materiales que contradigan las ense\u00f1anzas de la Iglesia. <a href=\"https:\/\/www.archspm.org\/es\/definitions\/#exhibitor\">Expositores o vendedores<\/a> debe cumplir con todas las leyes locales, estatales y federales relacionadas con las licencias y los impuestos.<\/p>\n<p style=\"padding-left: 40px;\">4) El <a href=\"https:\/\/www.archspm.org\/es\/definitions\/#archdiocese\">Archidi\u00f3cesis<\/a>, un <a href=\"https:\/\/www.archspm.org\/es\/definitions\/#parish\">Parroquia<\/a>, o un <a href=\"https:\/\/www.archspm.org\/es\/definitions\/#school\">Escuela<\/a> podr\u00e1 establecer normas y directrices espec\u00edficas adicionales para <a href=\"https:\/\/www.archspm.org\/es\/definitions\/#exhibitor\">Expositores o vendedores<\/a> que no sean incompatibles con esta pol\u00edtica y que deben cumplir todos <a href=\"https:\/\/www.archspm.org\/es\/definitions\/#exhibitor\">Expositores o vendedores<\/a> en ese evento.<\/p>","protected":false},"excerpt":{"rendered":"<p>Last Updated: 11\/8\/2019 PDF Download Purpose To ensure that Speakers at Catholic events, recipients of awards, honors or designations, and those who exhibit or sell on Archdiocesan Parish, or School property, do not undermine the integrity of the Church\u2019s teaching, sanctifying and governing functions. Policy 1) Any Archdiocesan entity subject to the authority of the [&hellip;]<\/p>\n","protected":false},"author":2,"featured_media":0,"parent":2159,"menu_order":0,"comment_status":"closed","ping_status":"closed","template":"","meta":{"footnotes":""},"class_list":["post-2227","page","type-page","status-publish","hentry"],"_links":{"self":[{"href":"https:\/\/www.archspm.org\/es\/wp-json\/wp\/v2\/pages\/2227","targetHints":{"allow":["GET"]}}],"collection":[{"href":"https:\/\/www.archspm.org\/es\/wp-json\/wp\/v2\/pages"}],"about":[{"href":"https:\/\/www.archspm.org\/es\/wp-json\/wp\/v2\/types\/page"}],"author":[{"embeddable":true,"href":"https:\/\/www.archspm.org\/es\/wp-json\/wp\/v2\/users\/2"}],"replies":[{"embeddable":true,"href":"https:\/\/www.archspm.org\/es\/wp-json\/wp\/v2\/comments?post=2227"}],"version-history":[{"count":1,"href":"https:\/\/www.archspm.org\/es\/wp-json\/wp\/v2\/pages\/2227\/revisions"}],"predecessor-version":[{"id":15045,"href":"https:\/\/www.archspm.org\/es\/wp-json\/wp\/v2\/pages\/2227\/revisions\/15045"}],"up":[{"embeddable":true,"href":"https:\/\/www.archspm.org\/es\/wp-json\/wp\/v2\/pages\/2159"}],"wp:attachment":[{"href":"https:\/\/www.archspm.org\/es\/wp-json\/wp\/v2\/media?parent=2227"}],"curies":[{"name":"wp","href":"https:\/\/api.w.org\/{rel}","templated":true}]}}