{"id":2234,"date":"2025-01-16T00:00:00","date_gmt":"2025-01-16T05:00:00","guid":{"rendered":"https:\/\/www.archspm.org\/111-sex-offender-policy\/"},"modified":"2025-03-11T13:29:17","modified_gmt":"2025-03-11T17:29:17","slug":"111-sex-offender-policy","status":"publish","type":"page","link":"https:\/\/www.archspm.org\/es\/policies\/100-ministerial-standardssafe-environment\/111-sex-offender-policy\/","title":{"rendered":"111 - Pol\u00edtica sobre delincuentes sexuales"},"content":{"rendered":"<h4 style=\"text-align: center;\">\u00daltima actualizaci\u00f3n: 5\/4\/2022<\/h4>\n<div class=\"policy_button_container\"><a href=\"https:\/\/archspmpolicies.s3.amazonaws.com\/100\/111_4.18.2022+Sex+Offender+Policy.pdf\" target=\"_blank\" title=\"111 - Pol\u00edtica sobre delincuentes sexuales\" rel=\"noopener\">Descargar PDF<\/a><\/div>\n<h2>I. Objetivo<\/h2>\n<p>El objetivo de esta pol\u00edtica es proporcionar orientaci\u00f3n a las parroquias, escuelas y otras entidades cat\u00f3licas, promover entornos seguros en los que haya delincuentes sexuales (SO) y facilitar relaciones de fe saludables para todos. Se reconoce que alcanzar este objetivo, respetando al mismo tiempo la dignidad, los derechos y las necesidades fundamentales de las personas implicadas, es una tarea delicada. Se exhorta a quienes se encargan de la aplicaci\u00f3n de esta pol\u00edtica a que<br \/>\nConsiderar cuidadosamente los detalles espec\u00edficos de cada situaci\u00f3n y, a continuaci\u00f3n, dise\u00f1ar una soluci\u00f3n teniendo en cuenta las siguientes directrices. De esta manera, podemos cuidar de la comunidad al tiempo que satisfacemos las exigencias de la justicia templada por la misericordia, es decir, trabajando por la preservaci\u00f3n de las relaciones correctas y el buen orden, al tiempo que prestamos la debida atenci\u00f3n a las necesidades personales y espirituales de las personas afectadas por las pol\u00edticas que creamos. Un \u00e9nfasis indebido en la justicia a expensas de la misericordia, o viceversa, puede dar lugar a la creaci\u00f3n de un plan de entorno seguro que sea innecesariamente restrictivo o que no preste suficiente atenci\u00f3n a las medidas adecuadas de precauci\u00f3n y responsabilidad.<\/p>\n<h2>II. Definiciones<\/h2>\n<p><strong>\"Archidi\u00f3cesis\"<\/strong> significa cierta entidad corporativa formada, mantenida y existente bajo la Secci\u00f3n 315.16 de Minnesota con Nombre Comercial de Minnesota: \"La Archidi\u00f3cesis de St. Paul y Minneapolis\".<\/p>\n<p><strong>\u201cAdministrador can\u00f3nico\u201d<\/strong> significa la persona designada o elegida por la autoridad competente para desempe\u00f1ar ese cargo de conformidad con los estatutos de la corporaci\u00f3n.<\/p>\n<p><strong>\"Parroquia\"<\/strong> significa una parroquia dentro del territorio de la Arquidi\u00f3cesis que est\u00e1 reconocida por la Arquidi\u00f3cesis como cat\u00f3lica.<\/p>\n<p><strong>\u201cEvento arquidiocesano, parroquial o escolar\u201d<\/strong> significa un evento organizado o auspiciado por la Arquidi\u00f3cesis, una parroquia o una escuela.<\/p>\n<p><strong>\"Pastor\"<\/strong> P\u00e1rroco o administrador parroquial, seg\u00fan el caso.<\/p>\n<p><strong>\u201cDelincuente sexual\u201d<\/strong> Se refiere a una persona, tanto menor de edad como adulta, que ha cometido un acto que constituye un delito sexual seg\u00fan el derecho civil o can\u00f3nico.<\/p>\n<p><strong>\"Escuela\"<\/strong> significa una escuela primaria o una escuela secundaria dentro del territorio de la Archidi\u00f3cesis que est\u00e1 reconocida por la Archidi\u00f3cesis como cat\u00f3lica.<\/p>\n<p><strong>\"Fideicomisarios\"<\/strong> Se refiere a los dos miembros laicos de la parroquia designados para servir como miembros y funcionarios de la corporaci\u00f3n parroquial por el arzobispo, el vicario general y el p\u00e1rroco, o por la mayor\u00eda de ellos.<\/p>\n<h2>III. Pol\u00edtica<\/h2>\n<p>A. Como regla general, los SO no tienen restricciones para asistir a misa u otros eventos p\u00fablicos. Sin embargo, el p\u00e1rroco, en colaboraci\u00f3n con los l\u00edderes de la parroquia, el SO y otras personas seg\u00fan corresponda, debe estar atento y preparado para cualquier situaci\u00f3n o evento en el que est\u00e9 presente un SO. Puede ser conveniente establecer un plan de entorno seguro individualizado para minimizar los riesgos y promover el bienestar de todos. Condiciones y precauciones adecuadas en funci\u00f3n de la situaci\u00f3n del SO y los riesgos que conlleva.<br \/>\ndeber\u00edan ponerse en marcha. Algunos factores a tener en cuenta al formular dicho plan son:<\/p>\n<ol>\n<li>Reunirse inicialmente con el SO para discutir la situaci\u00f3n, las preocupaciones y las opciones;<\/li>\n<li>Reunirse peri\u00f3dicamente con el SO para realizar los ajustes necesarios.;<\/li>\n<li>Comprender la naturaleza de la conducta indebida del SO;<\/li>\n<li>Ponerse en contacto y coordinarse con el agente de libertad condicional, el consejero u otros profesionales involucrados del SO para obtener su opini\u00f3n y ayuda.;<\/li>\n<li>Teniendo en cuenta el impacto en las v\u00edctimas\/sobrevivientes de la SO, as\u00ed como en cualquier v\u00edctima\/sobreviviente de la comunidad;<\/li>\n<li>Determinar el grado de divulgaci\u00f3n entre el personal u otras personas.;<\/li>\n<li>Decidir a qu\u00e9 misas u otros eventos programados regularmente es m\u00e1s adecuado que asista el SO;<\/li>\n<li>Establecer reglas claras para la participaci\u00f3n o asistencia del SO a determinados tipos de eventos (por ejemplo: reuniones entre padres y maestros, clases de educaci\u00f3n religiosa, eventos sociales celebrados en propiedades de la parroquia o la escuela u organizados por una parroquia o escuela).;<\/li>\n<li>Teniendo en cuenta la presencia de menores, adultos vulnerables u otras personas susceptibles de sufrir da\u00f1os debido al comportamiento previo del delincuente sexual.;<\/li>\n<li>Supervisar o vigilar al SO cuando este est\u00e9 presente en eventos de la arquidi\u00f3cesis, la parroquia o la escuela.;<\/li>\n<li>Poner por escrito cualquier condici\u00f3n o restricci\u00f3n que se aplique al SO, comunic\u00e1rselas al SO y obtener la firma del SO en un acuerdo escrito para documentar su comprensi\u00f3n y compromiso de cumplimiento.<\/li>\n<\/ol>\n<p>B. Si el SO es menor de edad, se debe consultar a sus padres o tutores y darles la oportunidad de participar en la decisi\u00f3n y la implementaci\u00f3n de un plan individualizado para garantizar un entorno seguro.<\/p>\n<p>C. El pastor o el administrador can\u00f3nico podr\u00e1 consultar, seg\u00fan corresponda, con otras personas que tengan experiencia relevante para obtener asesoramiento.<\/p>\n<p>D. El p\u00e1rroco o el administrador can\u00f3nico deber\u00e1 consultar, seg\u00fan corresponda, con los l\u00edderes de la parroquia o la escuela, tales como los administradores, los miembros del consejo parroquial, los miembros de la junta directiva, los directores o maestros, los directores de educaci\u00f3n religiosa y el personal directivo, y tambi\u00e9n proporcionarles informaci\u00f3n actualizada peri\u00f3dicamente.<\/p>\n<p>E. La Oficina de Normas Ministeriales y Entorno Seguro (OMSSE) y la Oficina de Misi\u00f3n para la Educaci\u00f3n Cat\u00f3lica est\u00e1n disponibles como recursos para proporcionar asistencia al p\u00e1rroco o al administrador can\u00f3nico en el cumplimiento de esta pol\u00edtica.<\/p>","protected":false},"excerpt":{"rendered":"<p>Last Updated: 4\/5\/2022 PDF Download I. Purpose The purpose of this policy is to provide guidance to Parishes, Schools and other Catholic entities, promote safe environments in which a Sex Offender (SO) is present, and enable healthy faith relationships of all. It is recognized that achieving this goal, while respecting the fundamental dignity, rights, and [&hellip;]<\/p>\n","protected":false},"author":2,"featured_media":0,"parent":2148,"menu_order":0,"comment_status":"closed","ping_status":"closed","template":"","meta":{"footnotes":""},"class_list":["post-2234","page","type-page","status-publish","hentry"],"_links":{"self":[{"href":"https:\/\/www.archspm.org\/es\/wp-json\/wp\/v2\/pages\/2234","targetHints":{"allow":["GET"]}}],"collection":[{"href":"https:\/\/www.archspm.org\/es\/wp-json\/wp\/v2\/pages"}],"about":[{"href":"https:\/\/www.archspm.org\/es\/wp-json\/wp\/v2\/types\/page"}],"author":[{"embeddable":true,"href":"https:\/\/www.archspm.org\/es\/wp-json\/wp\/v2\/users\/2"}],"replies":[{"embeddable":true,"href":"https:\/\/www.archspm.org\/es\/wp-json\/wp\/v2\/comments?post=2234"}],"version-history":[{"count":0,"href":"https:\/\/www.archspm.org\/es\/wp-json\/wp\/v2\/pages\/2234\/revisions"}],"up":[{"embeddable":true,"href":"https:\/\/www.archspm.org\/es\/wp-json\/wp\/v2\/pages\/2148"}],"wp:attachment":[{"href":"https:\/\/www.archspm.org\/es\/wp-json\/wp\/v2\/media?parent=2234"}],"curies":[{"name":"wp","href":"https:\/\/api.w.org\/{rel}","templated":true}]}}