{"id":2236,"date":"2025-01-16T00:00:00","date_gmt":"2025-01-16T05:00:00","guid":{"rendered":"https:\/\/www.archspm.org\/217-archdiocesan-gift-acceptance-policy\/"},"modified":"2026-04-17T16:28:47","modified_gmt":"2026-04-17T20:28:47","slug":"217-archdiocesan-gift-acceptance-policy","status":"publish","type":"page","link":"https:\/\/www.archspm.org\/es\/policies\/200-administration\/217-archdiocesan-gift-acceptance-policy\/","title":{"rendered":"217 - Pol\u00edtica Arquidiocesana de Aceptaci\u00f3n de Regalos"},"content":{"rendered":"<h4 style=\"text-align: center;\">Fecha de emisi\u00f3n: 7 de marzo de 2023<\/h4>\n<div class=\"policy_button_container\"><a title=\"217 - Pol\u00edtica Arquidiocesana de Aceptaci\u00f3n de Regalos\" href=\"https:\/\/archspmpolicies.s3.us-east-1.amazonaws.com\/200\/217+Archdiocesan+Gift+Acceptance+Policy.pdf\" target=\"_blank\" rel=\"noopener\">Descargar PDF<\/a><\/div>\n<h2>Prop\u00f3sito<\/h2>\n<p>El objetivo de esta pol\u00edtica es regular la aceptaci\u00f3n de obsequios por parte de la <a href=\"https:\/\/www.archspm.org\/es\/definitions\/#archdiocese\">Archidi\u00f3cesis<\/a> y ofrecer orientaci\u00f3n a los posibles donantes y a sus asesores a la hora de realizar donaciones a la <a href=\"https:\/\/www.archspm.org\/es\/definitions\/#archdiocese\">Archidi\u00f3cesis<\/a>. Las disposiciones de esta pol\u00edtica se aplicar\u00e1n a todas las donaciones recibidas por la <a href=\"https:\/\/www.archspm.org\/es\/definitions\/#archdiocese\">Archidi\u00f3cesis<\/a>.<\/p>\n<h2>Pol\u00edtica<\/h2>\n<p style=\"padding-left: 40px;\">1) Todas las donaciones y subvenciones, ya sean monetarias, en especie o en forma de servicios, destinadas a la <a href=\"https:\/\/www.archspm.org\/es\/definitions\/#archdiocese\">Archidi\u00f3cesis<\/a> deben cumplir con las normas del IRS y deben ser debidamente confirmados por escrito. Se deben emitir recibos que cumplan con las normas del IRS.<\/p>\n<p style=\"padding-left: 80px;\">a) Donaciones con restricciones impuestas por el donante: La aceptaci\u00f3n de donaciones con restricciones impuestas por el donante impone una obligaci\u00f3n a la <a href=\"https:\/\/www.archspm.org\/es\/definitions\/#archdiocese\">Archidi\u00f3cesis<\/a> para cumplir con las condiciones establecidas por el donante. Por lo tanto, es necesario comprender y documentar claramente la naturaleza y el alcance de esta obligaci\u00f3n. Si una donaci\u00f3n se considera inaceptable debido a las restricciones que el donante ha impuesto sobre su uso, se debe informar al donante de inmediato y brindarle la oportunidad de retirar la donaci\u00f3n o de eliminar o modificar las restricciones identificadas.<\/p>\n<p style=\"padding-left: 80px;\">b) Donaciones sin restricciones por parte del donante: Estos fondos no est\u00e1n sujetos a ninguna restricci\u00f3n y pueden destinarse a cualquier fin, incluido el apoyo general a las operaciones.<\/p>\n<p style=\"padding-left: 80px;\">c) Regalos inaceptables: Los regalos a la <a href=\"https:\/\/www.archspm.org\/es\/definitions\/#archdiocese\">Archidi\u00f3cesis<\/a><u>,<\/u> independientemente de si est\u00e1 sujeto a restricciones o no, debe rechazarse o devolverse cuando el regalo:<\/p>\n<p style=\"padding-left: 120px;\">i. Es inapropiado o no favorece el inter\u00e9s superior de la misi\u00f3n o el ministerio de la <a href=\"https:\/\/www.archspm.org\/es\/definitions\/#archdiocese\">Archidi\u00f3cesis<\/a> seg\u00fan lo determine el director financiero (CFO), previa consulta con el director de Promoci\u00f3n de la Misi\u00f3n y el canciller de Asuntos Civiles; en el caso de las donaciones destinadas a los archivos de la Arquidi\u00f3cesis, el director financiero consultar\u00e1 con el responsable del programa de archivos.<\/p>\n<p style=\"padding-left: 120px;\">ii. Se sabe o se sospecha que procede de una fuente ilegal, inmoral o indebida;<\/p>\n<p style=\"padding-left: 120px;\">iii. Obligar\u00eda a la <a href=\"https:\/\/www.archspm.org\/es\/definitions\/#archdiocese\">Archidi\u00f3cesis<\/a> asumir responsabilidades, ya sean financieras o de otro tipo, que tal vez no pueda cumplir durante el per\u00edodo exigido por las condiciones de la donaci\u00f3n;<\/p>\n<p style=\"padding-left: 120px;\">iv. Dar\u00eda lugar a procedimientos administrativos, de registro, seguimiento o presentaci\u00f3n de informes excesivamente onerosos para el <a href=\"https:\/\/www.archspm.org\/es\/definitions\/#archdiocese\">Archidi\u00f3cesis<\/a>;<\/p>\n<p style=\"padding-left: 120px;\">v. Generar\u00eda un conflicto de intereses inaceptable, seg\u00fan lo determine el director financiero tras consultar con los dirigentes de la archidi\u00f3cesis;<\/p>\n<p style=\"padding-left: 120px;\">vi. Contiene una obligaci\u00f3n a largo plazo o perpetua que resulta o puede llegar a resultar excesivamente onerosa para el <a href=\"https:\/\/www.archspm.org\/es\/definitions\/#archdiocese\">Archidi\u00f3cesis<\/a>;<\/p>\n<p style=\"padding-left: 120px;\">vii. Contiene una condici\u00f3n que no establece un mecanismo claro y aceptable para la <a href=\"https:\/\/www.archspm.org\/es\/definitions\/#archdiocese\">Archidi\u00f3cesis<\/a> para modificar la restricci\u00f3n;<\/p>\n<p style=\"padding-left: 120px;\">viii. Sea de otro modo indebidamente perjudicial para el <a href=\"https:\/\/www.archspm.org\/es\/definitions\/#archdiocese\">Archidi\u00f3cesis<\/a>.<\/p>\n<p style=\"padding-left: 40px;\">2) Al aceptar un regalo, el <a href=\"https:\/\/www.archspm.org\/es\/definitions\/#archdiocese\">Archidi\u00f3cesis<\/a> debe tener en cuenta cualquier responsabilidad potencial o real asociada.<\/p>\n<p style=\"padding-left: 40px;\">3) Todas las donaciones deben registrarse en el <a href=\"https:\/\/www.archspm.org\/es\/definitions\/#archdiocese\">Archidi\u00f3cesis<\/a> registros financieros de conformidad con la ASU 2016-14 del FASB.<\/p>\n<p style=\"padding-left: 40px;\">4) Los donantes de donaciones en especie deben obtener sus propias tasaciones que cumplan con las normas del IRS, en caso de que el donante necesite o desee una tasaci\u00f3n. El <a href=\"https:\/\/www.archspm.org\/es\/definitions\/#archdiocese\">Archidi\u00f3cesis<\/a> no proporcionar\u00e1 ning\u00fan valor estimado o tasado de las donaciones de bienes inmuebles o muebles.<\/p>\n<p style=\"padding-left: 40px;\">5) Los donantes deben consultar a sus propios asesores fiscales sobre las medidas concretas que deben adoptar para beneficiarse de desgravaciones fiscales al realizar donaciones. El <a href=\"https:\/\/www.archspm.org\/es\/definitions\/#archdiocese\">Archidi\u00f3cesis<\/a> no ofrecer\u00e1 asesoramiento fiscal ni jur\u00eddico a los donantes.<\/p>\n<p style=\"padding-left: 40px;\">6) Se debe pedir a los donantes que realizan donaciones con condiciones que eviten las restricciones demasiado estrictas. Se prefieren las condiciones amplias y flexibles.<\/p>\n<p style=\"padding-left: 40px;\">7) Las donaciones testamentarias se gestionar\u00e1n de conformidad con los requisitos anteriormente mencionados. Todas las cuestiones legales relacionadas con las donaciones testamentarias ser\u00e1n gestionadas por el rector de Asuntos Civiles, en coordinaci\u00f3n con el director financiero y el director de Desarrollo de la Misi\u00f3n.<\/p>","protected":false},"excerpt":{"rendered":"<p>Issued Date: 3\/7\/2023 PDF Download Purpose The purpose of this policy is to govern the acceptance of gifts by the Archdiocese and to provide guidance to prospective donors and their advisors when making gifts to the Archdiocese. The provisions of this policy shall apply to all gifts received by the Archdiocese. Policy 1) All gifts [&hellip;]<\/p>\n","protected":false},"author":2,"featured_media":0,"parent":2159,"menu_order":0,"comment_status":"closed","ping_status":"closed","template":"","meta":{"footnotes":""},"class_list":["post-2236","page","type-page","status-publish","hentry"],"_links":{"self":[{"href":"https:\/\/www.archspm.org\/es\/wp-json\/wp\/v2\/pages\/2236","targetHints":{"allow":["GET"]}}],"collection":[{"href":"https:\/\/www.archspm.org\/es\/wp-json\/wp\/v2\/pages"}],"about":[{"href":"https:\/\/www.archspm.org\/es\/wp-json\/wp\/v2\/types\/page"}],"author":[{"embeddable":true,"href":"https:\/\/www.archspm.org\/es\/wp-json\/wp\/v2\/users\/2"}],"replies":[{"embeddable":true,"href":"https:\/\/www.archspm.org\/es\/wp-json\/wp\/v2\/comments?post=2236"}],"version-history":[{"count":2,"href":"https:\/\/www.archspm.org\/es\/wp-json\/wp\/v2\/pages\/2236\/revisions"}],"predecessor-version":[{"id":15075,"href":"https:\/\/www.archspm.org\/es\/wp-json\/wp\/v2\/pages\/2236\/revisions\/15075"}],"up":[{"embeddable":true,"href":"https:\/\/www.archspm.org\/es\/wp-json\/wp\/v2\/pages\/2159"}],"wp:attachment":[{"href":"https:\/\/www.archspm.org\/es\/wp-json\/wp\/v2\/media?parent=2236"}],"curies":[{"name":"wp","href":"https:\/\/api.w.org\/{rel}","templated":true}]}}