{"id":6146,"date":"2014-06-26T18:36:54","date_gmt":"2014-06-26T22:36:54","guid":{"rendered":"https:\/\/www.archspm.org\/new-safe-environment-page-hierarchy\/educating-children-youth\/"},"modified":"2025-08-25T11:24:51","modified_gmt":"2025-08-25T15:24:51","slug":"educating-children-youth","status":"publish","type":"page","link":"https:\/\/www.archspm.org\/es\/educating-children-youth\/","title":{"rendered":"Educaci\u00f3n de ni\u00f1os y j\u00f3venes"},"content":{"rendered":"<div data-elementor-type=\"wp-page\" data-elementor-id=\"6146\" class=\"elementor elementor-6146\" data-elementor-post-type=\"page\">\n\t\t\t\t<div class=\"elementor-element elementor-element-2dfa4d99 e-flex e-con-boxed e-con e-parent\" data-id=\"2dfa4d99\" data-element_type=\"container\" data-e-type=\"container\" data-settings=\"{&quot;jet_parallax_layout_list&quot;:[]}\">\n\t\t\t\t\t<div class=\"e-con-inner\">\n\t\t\t\t<div class=\"elementor-element elementor-element-6ef9cb9b elementor-widget elementor-widget-text-editor\" data-id=\"6ef9cb9b\" data-element_type=\"widget\" data-e-type=\"widget\" data-widget_type=\"text-editor.default\">\n\t\t\t\t\t\t\t\t\t<h3><a href=\"https:\/\/www.archspm.org\/wp-content\/uploads\/2025\/03\/EducatingChildren.jpg\"><img fetchpriority=\"high\" decoding=\"async\" class=\"alignright wp-image-4763 size-full\" src=\"https:\/\/www.archspm.org\/wp-content\/uploads\/2025\/03\/EducatingChildren.jpg\" alt=\"School children using digital tablet outside\" width=\"380\" height=\"253\" \/><\/a>Instrucciones de seguridad personal para ni\u00f1os y j\u00f3venes<\/h3><p><strong>Instrucciones de seguridad personal para ni\u00f1os y j\u00f3venes<\/strong><\/p><p>Las escuelas cat\u00f3licas y los programas de formaci\u00f3n en la fe, preparaci\u00f3n para los sacramentos y pastoral juvenil de las parroquias de toda la archidi\u00f3cesis comenzaron a impartir a los ni\u00f1os y j\u00f3venes formaci\u00f3n sobre seguridad personal y prevenci\u00f3n del abuso sexual en 2006.<\/p><p>Las Lecciones de seguridad personal (PSL) ense\u00f1an a los ni\u00f1os y j\u00f3venes habilidades b\u00e1sicas que les ayudan a protegerse de situaciones peligrosas o de abuso, ya sea en persona o en l\u00ednea. Se ense\u00f1a a los j\u00f3venes a consultar primero con un adulto de confianza, a decir \u00abno\u00bb cuando se enfrenten a una situaci\u00f3n inc\u00f3moda y se les anima a compartir sus preocupaciones con un adulto de confianza.<\/p><p>Las lecciones aprobadas por la Arquidi\u00f3cesis de Saint Paul y Minneapolis est\u00e1n adaptadas a la edad de los alumnos y respetan el papel de los padres como principales educadores de sus hijos. La carta de promulgaci\u00f3n del arzobispo Bernard Hebda sobre las PSL est\u00e1 disponible en <a href=\"https:\/\/archspm1.sharepoint.com\/:b:\/s\/ResourceLibrary\/ESm8v5k3z4pCkTT4vnKroHsBPruzG5xChWjI_3Vd1iLH4A?e=NLVHS0\" target=\"_blank\" rel=\"noopener\">Ingl\u00e9s<\/a> y <a href=\"https:\/\/archspm1.sharepoint.com\/:b:\/s\/ResourceLibrary\/EUf6XfdbBtVGuorN5TyXueQBCcYJk_ZsCkcG7ulqViq9LQ?e=Kyej6g\" target=\"_blank\" rel=\"noopener\">Espa\u00f1ol<\/a>.<\/p><h3>Plan de estudios aprobado<\/h3><p>La Oficina para la Protecci\u00f3n de Ni\u00f1os y J\u00f3venes (OPCY) eval\u00faa y aprueba a los proveedores de planes de estudio para garantizar que los materiales de PSL utilizados en la arquidi\u00f3cesis est\u00e9n actualizados, sean pertinentes y respalden la doctrina cat\u00f3lica.<\/p><p>Los padres, educadores y otras personas pueden obtener m\u00e1s informaci\u00f3n sobre los mensajes clave que reciben los ni\u00f1os y j\u00f3venes en cada programa de seguridad personal poni\u00e9ndose en contacto con el coordinador de entorno seguro de su parroquia o escuela.<\/p><p>Los PSL imparten mensajes s\u00f3lidos sobre seguridad en el marco de los programas de formaci\u00f3n en la fe de las parroquias y las escuelas cat\u00f3licas. Puedes ver c\u00f3mo\u00a0<a href=\"http:\/\/archspmresources.s3.amazonaws.com\/Alignment-Principles-for-child-protection-catechesis-2013-06.pdf\" target=\"_blank\" rel=\"noopener\">Principios de la catequesis sobre la protecci\u00f3n infantil<\/a> estar en consonancia con las Escrituras y la doctrina cat\u00f3lica.<\/p><h3>Recursos adicionales para padres y tutores<\/h3><p><a href=\"https:\/\/archspmresources.s3.amazonaws.com\/Teaching-Boundaries-and-Safety-Guide-English.pdf\" target=\"_blank\" rel=\"noopener\">Gu\u00eda sobre l\u00edmites y seguridad en la ense\u00f1anza<\/a> \u2013 Para cuidadores, padres y tutores (ingl\u00e9s)<\/p><p><a href=\"https:\/\/archspmresources.s3.amazonaws.com\/Teaching-Boundaries-and-Safety-Guide-Spanish.pdf\" target=\"_blank\" rel=\"noopener\">Gu\u00eda para ense\u00f1ar los l\u00edmites y la seguridad<\/a> \u2013 para adultos, padres y tutores responsables (Espa\u00f1ol)<\/p><p>Los recursos en l\u00ednea que se incluyen a continuaci\u00f3n est\u00e1n en consonancia con el programa PSL que se imparte en las parroquias y en las escuelas cat\u00f3licas. Los padres pueden utilizar la informaci\u00f3n de estos recursos para reforzar esos mensajes de seguridad en casa.<\/p><p>El comit\u00e9 de la Conferencia de Obispos Cat\u00f3licos de los Estados Unidos (USCCB) ofrece una planificaci\u00f3n integral y recomendaciones sobre <a href=\"https:\/\/www.usccb.org\/committees\/protection-children-young-people\" target=\"_blank\" rel=\"noopener\">Protecci\u00f3n infantil<\/a>.<\/p><p>Recursos que incluyen un <a href=\"https:\/\/www.netsmartz.org\/TrendsandTopics\" target=\"_blank\" rel=\"noopener noreferrer\">recopilaci\u00f3n de hojas informativas<\/a> En NetSmartz.org se puede encontrar informaci\u00f3n sobre diversos temas relacionados con la seguridad en l\u00ednea para padres, adolescentes y preadolescentes.<\/p><p>VIRTUS Online ofrece una lista concisa de lo que se debe y no se debe hacer, dirigida a padres y otros adultos responsables, en su folleto imprimible\u00a0<a href=\"https:\/\/www.virtusonline.org\/virtus\/ParentHandbook.pdf\" target=\"_blank\" rel=\"noopener noreferrer\"><em>Consejos pr\u00e1cticos para padres sobre c\u00f3mo prevenir el abuso sexual infantil<\/em><\/a>.<\/p><p>Si un ni\u00f1o denuncia haber sufrido abusos, el <a href=\"http:\/\/www.nsopw.gov\/en-US\/Education\/HelpSupport?AspxAutoDetectCookieSupport=1\" target=\"_blank\" rel=\"noopener noreferrer\">Sitio web del Departamento de Justicia de los Estados Unidos<\/a> ofrece ayuda y apoyo a los padres de ni\u00f1os que han sufrido abusos sexuales y a las v\u00edctimas de otros delitos sexuales.<\/p><p>La FTC (Comisi\u00f3n Federal de Comercio del gobierno federal) ofrece informaci\u00f3n para los padres sobre <a href=\"https:\/\/www.consumer.ftc.gov\/topics\/protecting-kids-online\" target=\"_blank\" rel=\"noopener noreferrer\">la seguridad de los ni\u00f1os en Internet<\/a>.<\/p><p>De PACER <a href=\"http:\/\/www.pacer.org\/bullying\/\" target=\"_blank\" rel=\"noopener noreferrer\">Centro Nacional para la Prevenci\u00f3n del Acoso Escolar<\/a> ayuda a crear conciencia sobre el acoso escolar y ofrece herramientas para combatirlo.<\/p><p>El Centro Nacional para Ni\u00f1os Desaparecidos y Explotados ha desarrollado varios <a href=\"http:\/\/www.missingkids.com\/ourwork\/publications\" target=\"_blank\" rel=\"noopener noreferrer\">publicaciones<\/a> \u00fatil para los padres.<\/p><p>El sitio web DecisionData.org ofrece <a href=\"https:\/\/decisiondata.org\/internet\/staying-safe-single-parents\/\" target=\"_blank\" rel=\"noopener noreferrer\">recursos para padres sobre seguridad en Internet<\/a>.<\/p><p><a href=\"https:\/\/www.attplans.com\/resources\/internet-safety-guide\/\" target=\"_blank\" rel=\"noopener noreferrer\">La gu\u00eda de Sammy sobre seguridad en Internet<\/a> \u2013 Un recurso educativo interactivo para padres y educadores destinado a ense\u00f1ar a los ni\u00f1os a disfrutar de Internet de forma segura, al tiempo que ofrece actividades y juegos divertidos.<\/p><p>En\u00a0<a href=\"https:\/\/www.endphysicalpunishment.org\/\" target=\"_blank\" rel=\"noopener\">Iniciativa Nacional para Acabar con el Castigo Corporal<\/a>\u00a0es defendido por\u00a0<a href=\"https:\/\/www.nyfoundling.org\/release-of-new-corporal-punishment-policy-statement\/\" target=\"_blank\" rel=\"noopener\">El Foundling de Nueva York<\/a>, el\u00a0<a href=\"https:\/\/www.apsac.org\/\" target=\"_blank\" rel=\"noopener\">Sociedad Profesional Estadounidense sobre el Maltrato Infantil<\/a>, el\u00a0<a href=\"http:\/\/endhitting.org\/\" target=\"_blank\" rel=\"noopener\">Alianza Estadounidense para Acabar con los Castigos F\u00edsicos a los Ni\u00f1os<\/a>\u00a0y \u00abStop Spanking\u00bb. La USCCB se une a numerosas organizaciones dedicadas a la prevenci\u00f3n del maltrato infantil, l\u00edderes religiosos y organismos de salud para poner fin a la violencia contra los ni\u00f1os. <a href=\"http:\/\/www.stopspanking.org\" target=\"_blank\" rel=\"noopener\">www.stopspanking.org<\/a> (Descargar, imprimir y publicar <a href=\"https:\/\/cdn.ymaws.com\/usccb.site-ym.com\/resource\/group\/1560f0d7-fee7-4aff-afd2-4cf076a24943\/resource_toolbox\/resources_from_other_organizations\/cyp-no-hit-zone-poster-8.5x1.pdf\" target=\"_blank\" rel=\"noopener\">este cartel<\/a>.)<\/p>\t\t\t\t\t\t\t\t<\/div>\n\t\t\t\t\t<\/div>\n\t\t\t\t<\/div>\n\t\t\t\t<\/div>","protected":false},"excerpt":{"rendered":"<p>Children and Youth Personal Safety Instruction Children and Youth Personal Safety Instruction Catholic schools and parish faith formation, sacramental preparation and youth ministry programs throughout the archdiocese began teaching children and youth about personal safety and sexual abuse prevention in 2006. The Personal Safety Lessons (PSL) teach children and youth basic skills that help keep [&hellip;]<\/p>\n","protected":false},"author":2,"featured_media":0,"parent":0,"menu_order":2,"comment_status":"closed","ping_status":"closed","template":"","meta":{"footnotes":""},"class_list":["post-6146","page","type-page","status-publish","hentry"],"_links":{"self":[{"href":"https:\/\/www.archspm.org\/es\/wp-json\/wp\/v2\/pages\/6146","targetHints":{"allow":["GET"]}}],"collection":[{"href":"https:\/\/www.archspm.org\/es\/wp-json\/wp\/v2\/pages"}],"about":[{"href":"https:\/\/www.archspm.org\/es\/wp-json\/wp\/v2\/types\/page"}],"author":[{"embeddable":true,"href":"https:\/\/www.archspm.org\/es\/wp-json\/wp\/v2\/users\/2"}],"replies":[{"embeddable":true,"href":"https:\/\/www.archspm.org\/es\/wp-json\/wp\/v2\/comments?post=6146"}],"version-history":[{"count":0,"href":"https:\/\/www.archspm.org\/es\/wp-json\/wp\/v2\/pages\/6146\/revisions"}],"wp:attachment":[{"href":"https:\/\/www.archspm.org\/es\/wp-json\/wp\/v2\/media?parent=6146"}],"curies":[{"name":"wp","href":"https:\/\/api.w.org\/{rel}","templated":true}]}}