{"id":6160,"date":"2014-01-21T19:44:58","date_gmt":"2014-01-22T00:44:58","guid":{"rendered":"https:\/\/www.archspm.org\/new-safe-environment-page-hierarchy\/louis-heitzer\/"},"modified":"2025-05-19T15:08:41","modified_gmt":"2025-05-19T19:08:41","slug":"louis-heitzer","status":"publish","type":"page","link":"https:\/\/www.archspm.org\/es\/new-safe-environment-page-hierarchy\/louis-heitzer\/","title":{"rendered":"Louis Heitzer"},"content":{"rendered":"<div data-elementor-type=\"wp-page\" data-elementor-id=\"6160\" class=\"elementor elementor-6160\" data-elementor-post-type=\"page\">\n\t\t\t\t<div class=\"elementor-element elementor-element-29d4f70b e-flex e-con-boxed e-con e-parent\" data-id=\"29d4f70b\" data-element_type=\"container\" data-e-type=\"container\" data-settings=\"{&quot;jet_parallax_layout_list&quot;:[]}\">\n\t\t\t\t\t<div class=\"e-con-inner\">\n\t\t\t\t<div class=\"elementor-element elementor-element-569aadaa elementor-widget elementor-widget-text-editor\" data-id=\"569aadaa\" data-element_type=\"widget\" data-e-type=\"widget\" data-widget_type=\"text-editor.default\">\n\t\t\t\t\t\t\t\t\t<p><strong>Louis Heitzer<\/strong><\/p><p>Fecha de nacimiento: 15 de julio de 1914, fallecido<\/p><p>Fecha de ordenaci\u00f3n: 1942<\/p><p>Historial de asignaciones de Heitzer:<\/p><ul><li>Sacerdote coadjutor, Parroquia de la Sant\u00edsima Trinidad, Winsted (actualmente parte de la Di\u00f3cesis de New Ulm), 1942-1944<\/li><li>Sacerdote coadjutor, San Andr\u00e9s, Fairfax (actualmente parte de la Di\u00f3cesis de New Ulm), 1944<\/li><li>Pastor adjunto, Parroquia de la Asunci\u00f3n, St. Paul, 1944-1945<\/li><li>Sacerdote coadjutor, Parroquia del Santo Redentor, Marshall (actualmente perteneciente a la Di\u00f3cesis de New Ulm), 1945<\/li><li>Capell\u00e1n, Santa Mar\u00eda, Sleepy Eye (actualmente perteneciente a la Di\u00f3cesis de New Ulm), 1945-1948<\/li><li>Sacerdote coadjutor, San Jos\u00e9, Waconia, 1948<\/li><li>Capell\u00e1n, San Aloysius, Olivia (actualmente perteneciente a la Di\u00f3cesis de New Ulm), 1948-1950<\/li><li>Administrador, Sagrado Coraz\u00f3n, Franklin (actualmente perteneciente a la Di\u00f3cesis de New Ulm), 1950-1954<\/li><li>P\u00e1rroco de St. Joseph, Rosen (actualmente perteneciente a la Di\u00f3cesis de New Ulm), 1954-1955<\/li><li>P\u00e1rroco de San Miguel, Gaylord (actualmente perteneciente a la Di\u00f3cesis de New Ulm), 1955-1956<\/li><li>P\u00e1rroco de San Lucas, Clearwater, 1956-1958<\/li><li>P\u00e1rroco de Santa Escol\u00e1stica, Heidelberg, 1958-1966<\/li><li>Capell\u00e1n, St. Richard, Richfield, 1966-1967<\/li><li>Capell\u00e1n, iglesia de San Pedro, Forest Lake, 1967<\/li><li>Ministerio de atenci\u00f3n sacramental y de provisiones, casa de retiro para el clero, Nevis (Di\u00f3cesis de Crookston), 1968<\/li><li>Capell\u00e1n de una residencia de ancianos, Ivanhoe (Di\u00f3cesis de New Ulm), 1969<\/li><\/ul><p>Di\u00f3cesis u orden religiosa: Arquidi\u00f3cesis de San Pablo y Minneapolis<\/p><p>Situaci\u00f3n actual: Falleci\u00f3 en 1969<\/p><p>Fecha en que la Arquidi\u00f3cesis de Saint Paul y Minneapolis public\u00f3 el nombre de esta persona en una lista de personas contra las que se han presentado denuncias fundamentadas de abuso: 5 de diciembre de 2013.<\/p>\t\t\t\t\t\t\t\t<\/div>\n\t\t\t\t\t<\/div>\n\t\t\t\t<\/div>\n\t\t\t\t<\/div>","protected":false},"excerpt":{"rendered":"<p>Louis Heitzer Date of birth: 7\/15\/1914, deceased Date of ordination: 1942 Heitzer\u2019s assignment history: Associate priest, Most Holy Trinity, Winsted (now part of New Ulm Diocese), 1942-1944 Associate priest, St. Andrew, Fairfax (now part of New Ulm Diocese), 1944 Associate pastor, Assumption, St. Paul, 1944-1945 Associate priest, Holy Redeemer, Marshall (now part of New Ulm [&hellip;]<\/p>\n","protected":false},"author":2,"featured_media":0,"parent":6130,"menu_order":0,"comment_status":"closed","ping_status":"closed","template":"","meta":{"footnotes":""},"class_list":["post-6160","page","type-page","status-publish","hentry"],"_links":{"self":[{"href":"https:\/\/www.archspm.org\/es\/wp-json\/wp\/v2\/pages\/6160","targetHints":{"allow":["GET"]}}],"collection":[{"href":"https:\/\/www.archspm.org\/es\/wp-json\/wp\/v2\/pages"}],"about":[{"href":"https:\/\/www.archspm.org\/es\/wp-json\/wp\/v2\/types\/page"}],"author":[{"embeddable":true,"href":"https:\/\/www.archspm.org\/es\/wp-json\/wp\/v2\/users\/2"}],"replies":[{"embeddable":true,"href":"https:\/\/www.archspm.org\/es\/wp-json\/wp\/v2\/comments?post=6160"}],"version-history":[{"count":0,"href":"https:\/\/www.archspm.org\/es\/wp-json\/wp\/v2\/pages\/6160\/revisions"}],"up":[{"embeddable":true,"href":"https:\/\/www.archspm.org\/es\/wp-json\/wp\/v2\/pages\/6130"}],"wp:attachment":[{"href":"https:\/\/www.archspm.org\/es\/wp-json\/wp\/v2\/media?parent=6160"}],"curies":[{"name":"wp","href":"https:\/\/api.w.org\/{rel}","templated":true}]}}