{"id":6173,"date":"2014-01-21T20:04:35","date_gmt":"2014-01-22T01:04:35","guid":{"rendered":"https:\/\/www.archspm.org\/new-safe-environment-page-hierarchy\/paul-palmitessa\/"},"modified":"2025-05-19T15:17:11","modified_gmt":"2025-05-19T19:17:11","slug":"paul-palmitessa","status":"publish","type":"page","link":"https:\/\/www.archspm.org\/es\/new-safe-environment-page-hierarchy\/paul-palmitessa\/","title":{"rendered":"Paul Palmitessa"},"content":{"rendered":"<div data-elementor-type=\"wp-page\" data-elementor-id=\"6173\" class=\"elementor elementor-6173\" data-elementor-post-type=\"page\">\n\t\t\t\t<div class=\"elementor-element elementor-element-314173ea e-flex e-con-boxed e-con e-parent\" data-id=\"314173ea\" data-element_type=\"container\" data-e-type=\"container\" data-settings=\"{&quot;jet_parallax_layout_list&quot;:[]}\">\n\t\t\t\t\t<div class=\"e-con-inner\">\n\t\t\t\t<div class=\"elementor-element elementor-element-15559cee elementor-widget elementor-widget-text-editor\" data-id=\"15559cee\" data-element_type=\"widget\" data-e-type=\"widget\" data-widget_type=\"text-editor.default\">\n\t\t\t\t\t\t\t\t\t<p><strong>Paul Palmitessa<\/strong><\/p><p>Fecha de nacimiento: 18 de enero de 1931<\/p><p>Fecha de ordenaci\u00f3n: 1956<\/p><p>Historial de encargos de Palmitessa:<\/p><ul><li>Capell\u00e1n, Catedral de San Pablo, 1956-1968<\/li><li>P\u00e1rroco de la parroquia del Santo Redentor, en San Pablo, 1968-1979<\/li><li>P\u00e1rroco de St. Paul, Zumbrota, 1979-1982<\/li><li>Administrador, St. Mary, Bellechester, 1979-1982<\/li><li>Di\u00f3cesis de San Diego, 1982-1988<\/li><li>Excardinado de la Arquidi\u00f3cesis de St. Paul y Minneapolis; incardinado en la Di\u00f3cesis de San Diego, 1988<\/li><\/ul><p>Di\u00f3cesis u orden religiosa: Arquidi\u00f3cesis de Saint Paul y Minneapolis y Di\u00f3cesis de San Diego<\/p><p>Fecha de cese definitivo en el ministerio: Se jubil\u00f3 en 1998; ejerci\u00f3 el ministerio de forma limitada hasta 2012<\/p><p>Situaci\u00f3n actual: Ya no ejerce el ministerio (seg\u00fan lo determinado por la Di\u00f3cesis de San Diego)<\/p><p>Fecha en que la Arquidi\u00f3cesis de Saint Paul y Minneapolis public\u00f3 el nombre de esta persona en una lista de personas contra las que se han presentado denuncias fundamentadas de abuso: 5 de diciembre de 2013.<\/p>\t\t\t\t\t\t\t\t<\/div>\n\t\t\t\t\t<\/div>\n\t\t\t\t<\/div>\n\t\t\t\t<\/div>","protected":false},"excerpt":{"rendered":"<p>Paul Palmitessa Date of birth: 1\/18\/1931 Date of ordination: 1956 Palmitessa\u2019s assignment history: Associate priest, Cathedral of St. Paul, 1956-1968 Pastor, Holy Redeemer, St. Paul, 1968-1979 Pastor, St. Paul, Zumbrota, 1979-1982 Administrator, St. Mary, Bellechester, 1979-1982 Diocese of San Diego, 1982-1988 Excardinated, Archdiocese of St. Paul and Minneapolis; incardinated, Diocese of San Diego, 1988 Diocese [&hellip;]<\/p>\n","protected":false},"author":2,"featured_media":0,"parent":6130,"menu_order":0,"comment_status":"closed","ping_status":"closed","template":"","meta":{"footnotes":""},"class_list":["post-6173","page","type-page","status-publish","hentry"],"_links":{"self":[{"href":"https:\/\/www.archspm.org\/es\/wp-json\/wp\/v2\/pages\/6173","targetHints":{"allow":["GET"]}}],"collection":[{"href":"https:\/\/www.archspm.org\/es\/wp-json\/wp\/v2\/pages"}],"about":[{"href":"https:\/\/www.archspm.org\/es\/wp-json\/wp\/v2\/types\/page"}],"author":[{"embeddable":true,"href":"https:\/\/www.archspm.org\/es\/wp-json\/wp\/v2\/users\/2"}],"replies":[{"embeddable":true,"href":"https:\/\/www.archspm.org\/es\/wp-json\/wp\/v2\/comments?post=6173"}],"version-history":[{"count":0,"href":"https:\/\/www.archspm.org\/es\/wp-json\/wp\/v2\/pages\/6173\/revisions"}],"up":[{"embeddable":true,"href":"https:\/\/www.archspm.org\/es\/wp-json\/wp\/v2\/pages\/6130"}],"wp:attachment":[{"href":"https:\/\/www.archspm.org\/es\/wp-json\/wp\/v2\/media?parent=6173"}],"curies":[{"name":"wp","href":"https:\/\/api.w.org\/{rel}","templated":true}]}}