{"id":6174,"date":"2014-01-21T20:05:41","date_gmt":"2014-01-22T01:05:41","guid":{"rendered":"https:\/\/www.archspm.org\/new-safe-environment-page-hierarchy\/joseph-pinkosh\/"},"modified":"2025-05-19T15:17:18","modified_gmt":"2025-05-19T19:17:18","slug":"joseph-pinkosh","status":"publish","type":"page","link":"https:\/\/www.archspm.org\/es\/new-safe-environment-page-hierarchy\/joseph-pinkosh\/","title":{"rendered":"Joseph Pinkosh"},"content":{"rendered":"<div data-elementor-type=\"wp-page\" data-elementor-id=\"6174\" class=\"elementor elementor-6174\" data-elementor-post-type=\"page\">\n\t\t\t\t<div class=\"elementor-element elementor-element-3b6b5b8 e-flex e-con-boxed e-con e-parent\" data-id=\"3b6b5b8\" data-element_type=\"container\" data-e-type=\"container\" data-settings=\"{&quot;jet_parallax_layout_list&quot;:[]}\">\n\t\t\t\t\t<div class=\"e-con-inner\">\n\t\t\t\t<div class=\"elementor-element elementor-element-1cec9887 elementor-widget elementor-widget-text-editor\" data-id=\"1cec9887\" data-element_type=\"widget\" data-e-type=\"widget\" data-widget_type=\"text-editor.default\">\n\t\t\t\t\t\t\t\t\t<p><strong>Joseph Pinkosh<\/strong><\/p><p>Fecha de nacimiento: 27\/10\/1943<\/p><p>Fecha de ordenaci\u00f3n: 1969<\/p><p>Fallecido: 28 de diciembre de 2023<\/p><p>Historial de encargos de Pinkosh:<\/p><ul><li>Capell\u00e1n, San Jos\u00e9, Hopkins, 1969-1972<\/li><li>Capell\u00e1n, iglesia de San Wenceslao, New Prague, 1972-1974<\/li><li>Sacerdote coadjutor, Holy Cross, Minneapolis, 1974-1981<\/li><li>P\u00e1rroco de San Patricio, Shieldsville, 1981-1992<\/li><\/ul><p>Di\u00f3cesis u orden religiosa: Arquidi\u00f3cesis de San Pablo y Minneapolis<\/p><p>Situaci\u00f3n actual: Abandon\u00f3 el ministerio en 1992; falleci\u00f3 en 2023<\/p><p>Fecha en que la Arquidi\u00f3cesis de Saint Paul y Minneapolis public\u00f3 el nombre de esta persona en una lista de personas contra las que se han presentado denuncias fundamentadas de abuso: 5 de diciembre de 2013.<\/p>\t\t\t\t\t\t\t\t<\/div>\n\t\t\t\t\t<\/div>\n\t\t\t\t<\/div>\n\t\t\t\t<\/div>","protected":false},"excerpt":{"rendered":"<p>Joseph Pinkosh Date of birth: 10\/27\/1943 Date of ordination: 1969 Died: December 28, 2023 Pinkosh\u2019s assignment history: Associate priest, St. Joseph, Hopkins, 1969-1972 Associate priest, St. Wenceslaus, New Prague, 1972-1974 Associate priest, Holy Cross, Minneapolis, 1974-1981 Pastor, St. Patrick, Shieldsville, 1981-1992 Diocese or religious order: Archdiocese of St. Paul and Minneapolis Current status: Left ministry [&hellip;]<\/p>\n","protected":false},"author":2,"featured_media":0,"parent":6130,"menu_order":0,"comment_status":"closed","ping_status":"closed","template":"","meta":{"footnotes":""},"class_list":["post-6174","page","type-page","status-publish","hentry"],"_links":{"self":[{"href":"https:\/\/www.archspm.org\/es\/wp-json\/wp\/v2\/pages\/6174","targetHints":{"allow":["GET"]}}],"collection":[{"href":"https:\/\/www.archspm.org\/es\/wp-json\/wp\/v2\/pages"}],"about":[{"href":"https:\/\/www.archspm.org\/es\/wp-json\/wp\/v2\/types\/page"}],"author":[{"embeddable":true,"href":"https:\/\/www.archspm.org\/es\/wp-json\/wp\/v2\/users\/2"}],"replies":[{"embeddable":true,"href":"https:\/\/www.archspm.org\/es\/wp-json\/wp\/v2\/comments?post=6174"}],"version-history":[{"count":0,"href":"https:\/\/www.archspm.org\/es\/wp-json\/wp\/v2\/pages\/6174\/revisions"}],"up":[{"embeddable":true,"href":"https:\/\/www.archspm.org\/es\/wp-json\/wp\/v2\/pages\/6130"}],"wp:attachment":[{"href":"https:\/\/www.archspm.org\/es\/wp-json\/wp\/v2\/media?parent=6174"}],"curies":[{"name":"wp","href":"https:\/\/api.w.org\/{rel}","templated":true}]}}