{"id":6184,"date":"2014-01-21T20:14:44","date_gmt":"2014-01-22T01:14:44","guid":{"rendered":"https:\/\/www.archspm.org\/new-safe-environment-page-hierarchy\/robert-zasacki\/"},"modified":"2025-05-19T15:22:31","modified_gmt":"2025-05-19T19:22:31","slug":"robert-zasacki","status":"publish","type":"page","link":"https:\/\/www.archspm.org\/es\/new-safe-environment-page-hierarchy\/robert-zasacki\/","title":{"rendered":"Robert Zasacki"},"content":{"rendered":"<div data-elementor-type=\"wp-page\" data-elementor-id=\"6184\" class=\"elementor elementor-6184\" data-elementor-post-type=\"page\">\n\t\t\t\t<div class=\"elementor-element elementor-element-147090e8 e-flex e-con-boxed e-con e-parent\" data-id=\"147090e8\" data-element_type=\"container\" data-e-type=\"container\" data-settings=\"{&quot;jet_parallax_layout_list&quot;:[]}\">\n\t\t\t\t\t<div class=\"e-con-inner\">\n\t\t\t\t<div class=\"elementor-element elementor-element-430992a7 elementor-widget elementor-widget-text-editor\" data-id=\"430992a7\" data-element_type=\"widget\" data-e-type=\"widget\" data-widget_type=\"text-editor.default\">\n\t\t\t\t\t\t\t\t\t<p><strong>Robert Zasacki<\/strong><\/p><p>Fecha de nacimiento: 13\/05\/1940, fallecido<\/p><p>Fecha de ordenaci\u00f3n: 1967<\/p><p>Historial de asignaciones de Zasacki:<\/p><ul><li>Ingres\u00f3 en la arquidi\u00f3cesis procedente de la Arquidi\u00f3cesis de Newark, 1979.<\/li><li>Santa Br\u00edgida, Lindstrom, 1982-1983<\/li><li>San Jos\u00e9, Lino Lakes, 1983-1984<\/li><li>Catedral de San Pablo, San Pablo, 1984-1985<\/li><li>Administrador, St. Peter, Forest Lake, 1985-1987<\/li><li>Incardinado, 1987<\/li><li>Pastor, San Pedro, Forest Lake, 1987-1989<\/li><li>Pastor, San Pedro, Delano, 1989-1995<\/li><li>Pastor, San Jos\u00e9, Delano, 1989-1995<\/li><li>P\u00e1rroco, Sagrado Coraz\u00f3n, Robbinsdale, 1995-2001<\/li><li>Pastor, San Jos\u00e9, Hopkins, 2001-2002<\/li><\/ul><p>Di\u00f3cesis u orden religiosa: Arquidi\u00f3cesis de Saint Paul y Minneapolis y Arquidi\u00f3cesis de Newark, Nueva Jersey.<\/p><p>Fecha de expulsi\u00f3n definitiva del ministerio: 2002<\/p><p>Estado actual: Fallecido en 2008.<\/p><p>Fecha en que la Arquidi\u00f3cesis de Saint Paul y Minneapolis public\u00f3 el nombre de esta persona en una lista de personas contra las que se han presentado denuncias fundamentadas de abuso: 5 de diciembre de 2013.<\/p>\t\t\t\t\t\t\t\t<\/div>\n\t\t\t\t\t<\/div>\n\t\t\t\t<\/div>\n\t\t\t\t<\/div>","protected":false},"excerpt":{"rendered":"<p>Robert Zasacki Date of birth: 5\/13\/1940, deceased Date of ordination: 1967 Zasacki\u2019s assignment history: Entered archdiocese from Archdiocese of Newark, 1979 St. Bridget, Lindstrom, 1982-1983 St. Joseph, Lino Lakes, 1983-1984 Cathedral of St. Paul, St. Paul, 1984-1985 Administrator, St. Peter, Forest Lake, 1985-1987 Incardinated, 1987 Pastor, St. Peter, Forest Lake, 1987-1989 Pastor, St. Peter, Delano, [&hellip;]<\/p>\n","protected":false},"author":2,"featured_media":0,"parent":6130,"menu_order":0,"comment_status":"closed","ping_status":"closed","template":"","meta":{"footnotes":""},"class_list":["post-6184","page","type-page","status-publish","hentry"],"_links":{"self":[{"href":"https:\/\/www.archspm.org\/es\/wp-json\/wp\/v2\/pages\/6184","targetHints":{"allow":["GET"]}}],"collection":[{"href":"https:\/\/www.archspm.org\/es\/wp-json\/wp\/v2\/pages"}],"about":[{"href":"https:\/\/www.archspm.org\/es\/wp-json\/wp\/v2\/types\/page"}],"author":[{"embeddable":true,"href":"https:\/\/www.archspm.org\/es\/wp-json\/wp\/v2\/users\/2"}],"replies":[{"embeddable":true,"href":"https:\/\/www.archspm.org\/es\/wp-json\/wp\/v2\/comments?post=6184"}],"version-history":[{"count":0,"href":"https:\/\/www.archspm.org\/es\/wp-json\/wp\/v2\/pages\/6184\/revisions"}],"up":[{"embeddable":true,"href":"https:\/\/www.archspm.org\/es\/wp-json\/wp\/v2\/pages\/6130"}],"wp:attachment":[{"href":"https:\/\/www.archspm.org\/es\/wp-json\/wp\/v2\/media?parent=6184"}],"curies":[{"name":"wp","href":"https:\/\/api.w.org\/{rel}","templated":true}]}}