{"id":6186,"date":"2014-01-21T20:16:21","date_gmt":"2014-01-22T01:16:21","guid":{"rendered":"https:\/\/www.archspm.org\/new-safe-environment-page-hierarchy\/robert-loftus\/"},"modified":"2025-05-19T15:14:09","modified_gmt":"2025-05-19T19:14:09","slug":"robert-loftus","status":"publish","type":"page","link":"https:\/\/www.archspm.org\/es\/new-safe-environment-page-hierarchy\/robert-loftus\/","title":{"rendered":"Robert Loftus"},"content":{"rendered":"<div data-elementor-type=\"wp-page\" data-elementor-id=\"6186\" class=\"elementor elementor-6186\" data-elementor-post-type=\"page\">\n\t\t\t\t<div class=\"elementor-element elementor-element-7496ce64 e-flex e-con-boxed e-con e-parent\" data-id=\"7496ce64\" data-element_type=\"container\" data-e-type=\"container\" data-settings=\"{&quot;jet_parallax_layout_list&quot;:[]}\">\n\t\t\t\t\t<div class=\"e-con-inner\">\n\t\t\t\t<div class=\"elementor-element elementor-element-3d52e0f7 elementor-widget elementor-widget-text-editor\" data-id=\"3d52e0f7\" data-element_type=\"widget\" data-e-type=\"widget\" data-widget_type=\"text-editor.default\">\n\t\t\t\t\t\t\t\t\t<p><strong>Robert Loftus<\/strong><\/p><p>Fecha de nacimiento: 22\/12\/1930<\/p><p>Fecha de ordenaci\u00f3n: 1963<\/p><p>Historial de asignaciones de Loftus:<\/p><ul><li>Capell\u00e1n, St. Stephen, Anoka, 1963-1966<\/li><li>Capell\u00e1n, Christ the King, Minneapolis, 1966-1967<\/li><li>Capell\u00e1n, Bas\u00edlica de Santa Mar\u00eda, 1967-1971<\/li><li>P\u00e1rroco de Santa Francisca Cabrini, Minneapolis, 1971-1977<\/li><li>Permiso de ausencia, 1977<\/li><\/ul><p>Di\u00f3cesis u orden religiosa: Arquidi\u00f3cesis de San Pablo y Minneapolis<\/p><p>A\u00f1o en que dej\u00f3 el ministerio: 1977<\/p><p>Laicizado en 1977<\/p><p>Situaci\u00f3n actual: Fallecido en 2022<\/p><p>Fecha en que la Arquidi\u00f3cesis de Saint Paul y Minneapolis public\u00f3 el nombre de esta persona en una lista de personas contra las que se han presentado denuncias fundamentadas de abuso: 5 de diciembre de 2013.<\/p>\t\t\t\t\t\t\t\t<\/div>\n\t\t\t\t\t<\/div>\n\t\t\t\t<\/div>\n\t\t\t\t<\/div>","protected":false},"excerpt":{"rendered":"<p>Robert Loftus Date of birth: 12\/22\/1930 Date of ordination: 1963 Loftus\u2019s assignment history: Assistant pastor, St. Stephen, Anoka, 1963-1966 Assistant pastor, Christ the King, Minneapolis, 1966-1967 Assistant pastor, St. Mary\u2019s Basilica, 1967-1971 Pastor, St. Frances Cabrini, Minneapolis, 1971-1977 Leave of absence, 1977 Diocese or religious order: Archdiocese of Saint Paul and Minneapolis Date no longer [&hellip;]<\/p>\n","protected":false},"author":2,"featured_media":0,"parent":6130,"menu_order":0,"comment_status":"closed","ping_status":"closed","template":"","meta":{"footnotes":""},"class_list":["post-6186","page","type-page","status-publish","hentry"],"_links":{"self":[{"href":"https:\/\/www.archspm.org\/es\/wp-json\/wp\/v2\/pages\/6186","targetHints":{"allow":["GET"]}}],"collection":[{"href":"https:\/\/www.archspm.org\/es\/wp-json\/wp\/v2\/pages"}],"about":[{"href":"https:\/\/www.archspm.org\/es\/wp-json\/wp\/v2\/types\/page"}],"author":[{"embeddable":true,"href":"https:\/\/www.archspm.org\/es\/wp-json\/wp\/v2\/users\/2"}],"replies":[{"embeddable":true,"href":"https:\/\/www.archspm.org\/es\/wp-json\/wp\/v2\/comments?post=6186"}],"version-history":[{"count":0,"href":"https:\/\/www.archspm.org\/es\/wp-json\/wp\/v2\/pages\/6186\/revisions"}],"up":[{"embeddable":true,"href":"https:\/\/www.archspm.org\/es\/wp-json\/wp\/v2\/pages\/6130"}],"wp:attachment":[{"href":"https:\/\/www.archspm.org\/es\/wp-json\/wp\/v2\/media?parent=6186"}],"curies":[{"name":"wp","href":"https:\/\/api.w.org\/{rel}","templated":true}]}}