{"id":6188,"date":"2014-01-21T20:18:36","date_gmt":"2014-01-22T01:18:36","guid":{"rendered":"https:\/\/www.archspm.org\/new-safe-environment-page-hierarchy\/roger-vaughn\/"},"modified":"2014-01-21T20:18:36","modified_gmt":"2014-01-22T01:18:36","slug":"roger-vaughn","status":"publish","type":"page","link":"https:\/\/www.archspm.org\/es\/new-safe-environment-page-hierarchy\/roger-vaughn\/","title":{"rendered":"Roger Vaughn"},"content":{"rendered":"<p><strong>Roger Vaughn<\/strong><\/p>\n<p>Fecha de nacimiento: 16 de junio de 1948<\/p>\n<p>Fecha de ordenaci\u00f3n: 1977<\/p>\n<p>Vaughn es un exsacerdote de una orden religiosa al que se le imputa haber cometido actos de abuso sexual contra un menor fuera de la Arquidi\u00f3cesis de St. Paul y Minneapolis. Esta arquidi\u00f3cesis no tiene constancia de ninguna denuncia fundamentada de abuso sexual contra un menor presentada contra Vaughn en relaci\u00f3n con ninguna conducta que haya tenido lugar en esta arquidi\u00f3cesis. Seg\u00fan la informaci\u00f3n de que dispone la Arquidi\u00f3cesis, Vaughn nunca ejerci\u00f3 su ministerio ni ocup\u00f3 ning\u00fan cargo dentro de la Arquidi\u00f3cesis. No obstante, el nombre de Vaughn se ha a\u00f1adido a la lista de divulgaci\u00f3n de la Arquidi\u00f3cesis en aras de la total transparencia, para defender los Protocolos de Protecci\u00f3n Infantil anunciados por primera vez al p\u00fablico el 13 de octubre de 2014 y para contribuir a la sanaci\u00f3n de los sobrevivientes que puedan residir en la Arquidi\u00f3cesis.<\/p>\n<p>Historial de asignaciones de Vaughn:<\/p>\n<ul>\n<li>Seminario Crosier, Onamia (Di\u00f3cesis de Saint Cloud), 1977-1980<\/li>\n<li>Sacerdote de fin de semana y director espiritual, Programa TEC del centro de Minnesota (Di\u00f3cesis de Saint Cloud), 1979-1984<\/li>\n<li>Vicario parroquial, San Pedro, St. Cloud (Di\u00f3cesis de Saint Cloud), 1980-1984<\/li>\n<li>Vicario parroquial, Santa Sabina, Chicago (Arquidi\u00f3cesis de Chicago), 1984-1987<\/li>\n<li>Diversos cargos en el estado de Nueva York, 1987-2000<\/li>\n<\/ul>\n<p>Di\u00f3cesis u orden religiosa: Can\u00f3nigos Regulares de la Orden de la Santa Cruz (Crosiers)<\/p>\n<p>Fecha en que dej\u00f3 el ministerio: 2000<\/p>\n<p>Situaci\u00f3n actual: abandon\u00f3 la orden religiosa en 2001<\/p>","protected":false},"excerpt":{"rendered":"<p>Roger Vaughn Date of birth: 6\/16\/1948 Date of ordination: 1977 Vaughn is a former religious order priest who is alleged to have committed acts of sexual abuse of a minor outside of the Archdiocese of St. Paul and Minneapolis. This archdiocese is not aware of any substantiated claim of sexual abuse of a minor asserted [&hellip;]<\/p>\n","protected":false},"author":2,"featured_media":0,"parent":6130,"menu_order":0,"comment_status":"open","ping_status":"open","template":"","meta":{"footnotes":""},"class_list":["post-6188","page","type-page","status-publish","hentry"],"_links":{"self":[{"href":"https:\/\/www.archspm.org\/es\/wp-json\/wp\/v2\/pages\/6188","targetHints":{"allow":["GET"]}}],"collection":[{"href":"https:\/\/www.archspm.org\/es\/wp-json\/wp\/v2\/pages"}],"about":[{"href":"https:\/\/www.archspm.org\/es\/wp-json\/wp\/v2\/types\/page"}],"author":[{"embeddable":true,"href":"https:\/\/www.archspm.org\/es\/wp-json\/wp\/v2\/users\/2"}],"replies":[{"embeddable":true,"href":"https:\/\/www.archspm.org\/es\/wp-json\/wp\/v2\/comments?post=6188"}],"version-history":[{"count":0,"href":"https:\/\/www.archspm.org\/es\/wp-json\/wp\/v2\/pages\/6188\/revisions"}],"up":[{"embeddable":true,"href":"https:\/\/www.archspm.org\/es\/wp-json\/wp\/v2\/pages\/6130"}],"wp:attachment":[{"href":"https:\/\/www.archspm.org\/es\/wp-json\/wp\/v2\/media?parent=6188"}],"curies":[{"name":"wp","href":"https:\/\/api.w.org\/{rel}","templated":true}]}}