{"id":6195,"date":"2014-02-17T15:45:33","date_gmt":"2014-02-17T20:45:33","guid":{"rendered":"https:\/\/www.archspm.org\/new-safe-environment-page-hierarchy\/francisco-fredy-montero\/"},"modified":"2014-02-17T15:45:33","modified_gmt":"2014-02-17T20:45:33","slug":"francisco-fredy-montero","status":"publish","type":"page","link":"https:\/\/www.archspm.org\/es\/new-safe-environment-page-hierarchy\/francisco-fredy-montero\/","title":{"rendered":"Francisco (Fredy) Montero"},"content":{"rendered":"<p><strong>Francisco (Fredy) Montero<\/strong><\/p>\n<p>Fecha de nacimiento: 24 de mayo de 1967<\/p>\n<p>Fecha de ordenaci\u00f3n: 1996<\/p>\n<p>Historial de asignaciones de Montero:<\/p>\n<ul>\n<li>Vicario parroquial, San Sim\u00f3n, Guaranda, Ecuador, 1996-2002<\/li>\n<li>Capell\u00e1n de la comunidad hispana, Sagrado Coraz\u00f3n de Jes\u00fas, Minneapolis, Minnesota, 2002-2007<\/li>\n<\/ul>\n<p>Di\u00f3cesis u orden religiosa: Di\u00f3cesis de Guaranda, Ecuador<\/p>\n<p>Fecha de cese en el ministerio: 2007<\/p>\n<p>Situaci\u00f3n actual: Apartado definitivamente del ministerio en nuestra archidi\u00f3cesis<\/p>\n<p>Fecha en la que la Arquidi\u00f3cesis de Saint Paul y Minneapolis public\u00f3 el nombre de esta persona en una lista de personas contra las que se han presentado denuncias fundamentadas de abuso: 17 de febrero de 2014.<\/p>","protected":false},"excerpt":{"rendered":"<p>Francisco (Fredy) Montero Date of birth: 5\/24\/1967 Date of ordination: 1996 Montero\u2019s assignment history: Parochial Vicar, San Simon, Guaranda, Ecuador, 1996-2002 Chaplain to Hispanic Community, Sagrado Corazon de Jesus, Minneapolis, Minn., 2002-2007 Diocese or religious order: Diocese of Guaranda, Ecuador Date removed from ministry: 2007 Current status: Permanently removed from ministry from our archdiocese Date [&hellip;]<\/p>\n","protected":false},"author":2,"featured_media":0,"parent":6130,"menu_order":0,"comment_status":"open","ping_status":"open","template":"","meta":{"footnotes":""},"class_list":["post-6195","page","type-page","status-publish","hentry"],"_links":{"self":[{"href":"https:\/\/www.archspm.org\/es\/wp-json\/wp\/v2\/pages\/6195","targetHints":{"allow":["GET"]}}],"collection":[{"href":"https:\/\/www.archspm.org\/es\/wp-json\/wp\/v2\/pages"}],"about":[{"href":"https:\/\/www.archspm.org\/es\/wp-json\/wp\/v2\/types\/page"}],"author":[{"embeddable":true,"href":"https:\/\/www.archspm.org\/es\/wp-json\/wp\/v2\/users\/2"}],"replies":[{"embeddable":true,"href":"https:\/\/www.archspm.org\/es\/wp-json\/wp\/v2\/comments?post=6195"}],"version-history":[{"count":0,"href":"https:\/\/www.archspm.org\/es\/wp-json\/wp\/v2\/pages\/6195\/revisions"}],"up":[{"embeddable":true,"href":"https:\/\/www.archspm.org\/es\/wp-json\/wp\/v2\/pages\/6130"}],"wp:attachment":[{"href":"https:\/\/www.archspm.org\/es\/wp-json\/wp\/v2\/media?parent=6195"}],"curies":[{"name":"wp","href":"https:\/\/api.w.org\/{rel}","templated":true}]}}