{"id":6199,"date":"2014-05-22T20:31:38","date_gmt":"2014-05-23T00:31:38","guid":{"rendered":"https:\/\/www.archspm.org\/new-safe-environment-page-hierarchy\/edmund-frost\/"},"modified":"2014-05-22T20:31:38","modified_gmt":"2014-05-23T00:31:38","slug":"edmund-frost","status":"publish","type":"page","link":"https:\/\/www.archspm.org\/es\/new-safe-environment-page-hierarchy\/edmund-frost\/","title":{"rendered":"Edmund Frost"},"content":{"rendered":"<p><b>*Edmund Frost\u00a0 <\/b><\/p>\n<p>Fecha de nacimiento: Desconocida<\/p>\n<p>Fecha de ordenaci\u00f3n: n\/a (hermano religioso)<\/p>\n<p>Fecha en que la Arquidi\u00f3cesis de Saint Paul y Minneapolis public\u00f3 el nombre de este cl\u00e9rigo en una lista de personas contra las que se han presentado denuncias fundamentadas de abuso: 22 de mayo de 2014.<\/p>\n<p>Historial de tareas de Frost:<\/p>\n<ul>\n<li>San Alberto Magno, Minneapolis, 1964-1975<\/li>\n<li>Dej\u00f3 la arquidi\u00f3cesis en 1975.<\/li>\n<\/ul>\n<p>Di\u00f3cesis u orden religiosa: Orden Dominicana<\/p>\n<p>Fecha en que dej\u00f3 el ministerio: Desconocida (falleci\u00f3 en alg\u00fan momento antes de 2006).<\/p>\n<p>Estado actual: Fallecido en alg\u00fan momento antes de 2006.<\/p>\n<p>Fecha en que la Arquidi\u00f3cesis de Saint Paul y Minneapolis public\u00f3 el nombre de esta persona en una lista de personas con denuncias fundamentadas de abuso en su contra: 22 de mayo de 2014.<\/p>\n<p>* No era miembro del clero, pero este hombre era un hermano religioso con una parroquia asignada dentro de la Arquidi\u00f3cesis de Saint Paul y Minneapolis.<\/p>","protected":false},"excerpt":{"rendered":"<p>*Edmund Frost\u00a0 Date of birth: Unknown Date of ordination: n\/a (religious brother) Date the Archdiocese of Saint Paul and Minneapolis posted this cleric\u2019s name on a list of those with claims of substantiated abuse against them: May 22, 2014 Frost\u2019s assignment history: St. Albert the Great, Minneapolis 1964-1975 Left the archdiocese in 1975 Diocese or [&hellip;]<\/p>\n","protected":false},"author":2,"featured_media":0,"parent":6130,"menu_order":0,"comment_status":"open","ping_status":"open","template":"","meta":{"footnotes":""},"class_list":["post-6199","page","type-page","status-publish","hentry"],"_links":{"self":[{"href":"https:\/\/www.archspm.org\/es\/wp-json\/wp\/v2\/pages\/6199","targetHints":{"allow":["GET"]}}],"collection":[{"href":"https:\/\/www.archspm.org\/es\/wp-json\/wp\/v2\/pages"}],"about":[{"href":"https:\/\/www.archspm.org\/es\/wp-json\/wp\/v2\/types\/page"}],"author":[{"embeddable":true,"href":"https:\/\/www.archspm.org\/es\/wp-json\/wp\/v2\/users\/2"}],"replies":[{"embeddable":true,"href":"https:\/\/www.archspm.org\/es\/wp-json\/wp\/v2\/comments?post=6199"}],"version-history":[{"count":0,"href":"https:\/\/www.archspm.org\/es\/wp-json\/wp\/v2\/pages\/6199\/revisions"}],"up":[{"embeddable":true,"href":"https:\/\/www.archspm.org\/es\/wp-json\/wp\/v2\/pages\/6130"}],"wp:attachment":[{"href":"https:\/\/www.archspm.org\/es\/wp-json\/wp\/v2\/media?parent=6199"}],"curies":[{"name":"wp","href":"https:\/\/api.w.org\/{rel}","templated":true}]}}