{"id":6202,"date":"2014-05-22T20:32:15","date_gmt":"2014-05-23T00:32:15","guid":{"rendered":"https:\/\/www.archspm.org\/new-safe-environment-page-hierarchy\/francis-zachman\/"},"modified":"2014-05-22T20:32:15","modified_gmt":"2014-05-23T00:32:15","slug":"francis-zachman","status":"publish","type":"page","link":"https:\/\/www.archspm.org\/es\/new-safe-environment-page-hierarchy\/francis-zachman\/","title":{"rendered":"Francis Zachman"},"content":{"rendered":"<p><strong>Francis Zachman<\/strong><\/p>\n<p>Fecha de nacimiento: 1925<\/p>\n<p>Fecha de ordenaci\u00f3n: 1951<\/p>\n<p>Fecha en que la Arquidi\u00f3cesis de Saint Paul y Minneapolis public\u00f3 el nombre de este cl\u00e9rigo en una lista de personas contra las que se han presentado denuncias fundamentadas de abuso: 22 de mayo de 2014.<\/p>\n<p>Historial de asignaciones de Zachman:<\/p>\n<ul>\n<li>P\u00e1rroco de la parroquia de la Asunci\u00f3n, Richfield, 1973-1981<\/li>\n<li>Administrador, St. Albert, Albertville, 1981<\/li>\n<li>En residencia, St. George, Long Lake, 1981<\/li>\n<li>Pastor adjunto, St. Casimir, St. Paul, 1982<\/li>\n<\/ul>\n<p>Di\u00f3cesis u orden religiosa: Oblatos de Mar\u00eda Inmaculada<\/p>\n<p>Situaci\u00f3n actual: Falleci\u00f3 en 1983<\/p>\n<p>Fecha en la que la Arquidi\u00f3cesis de Saint Paul y Minneapolis incluy\u00f3 el nombre de esta persona en una lista de personas contra las que existen denuncias de abuso comprobadas: 22 de mayo de 2014<\/p>","protected":false},"excerpt":{"rendered":"<p>Francis Zachman Date of birth: 1925 Date of ordination: 1951 Date the Archdiocese of Saint Paul and Minneapolis posted this cleric\u2019s name on a list of those with claims of substantiated abuse against them: May 22, 2014 Zachman\u2019s assignment history: Pastor, Assumption, Richfield, 1973-1981 Administrator, St. Albert, Albertville, 1981 In residence, St. George, Long Lake, [&hellip;]<\/p>\n","protected":false},"author":2,"featured_media":0,"parent":6130,"menu_order":0,"comment_status":"open","ping_status":"open","template":"","meta":{"footnotes":""},"class_list":["post-6202","page","type-page","status-publish","hentry"],"_links":{"self":[{"href":"https:\/\/www.archspm.org\/es\/wp-json\/wp\/v2\/pages\/6202","targetHints":{"allow":["GET"]}}],"collection":[{"href":"https:\/\/www.archspm.org\/es\/wp-json\/wp\/v2\/pages"}],"about":[{"href":"https:\/\/www.archspm.org\/es\/wp-json\/wp\/v2\/types\/page"}],"author":[{"embeddable":true,"href":"https:\/\/www.archspm.org\/es\/wp-json\/wp\/v2\/users\/2"}],"replies":[{"embeddable":true,"href":"https:\/\/www.archspm.org\/es\/wp-json\/wp\/v2\/comments?post=6202"}],"version-history":[{"count":0,"href":"https:\/\/www.archspm.org\/es\/wp-json\/wp\/v2\/pages\/6202\/revisions"}],"up":[{"embeddable":true,"href":"https:\/\/www.archspm.org\/es\/wp-json\/wp\/v2\/pages\/6130"}],"wp:attachment":[{"href":"https:\/\/www.archspm.org\/es\/wp-json\/wp\/v2\/media?parent=6202"}],"curies":[{"name":"wp","href":"https:\/\/api.w.org\/{rel}","templated":true}]}}