{"id":6211,"date":"2014-08-08T15:32:38","date_gmt":"2014-08-08T19:32:38","guid":{"rendered":"https:\/\/www.archspm.org\/new-safe-environment-page-hierarchy\/accountability\/"},"modified":"2025-04-29T15:42:19","modified_gmt":"2025-04-29T19:42:19","slug":"accountability","status":"publish","type":"page","link":"https:\/\/www.archspm.org\/es\/office-of-ministerial-standards-and-safe-environment\/accountability\/","title":{"rendered":"Normas ministeriales"},"content":{"rendered":"<div data-elementor-type=\"wp-page\" data-elementor-id=\"6211\" class=\"elementor elementor-6211\" data-elementor-post-type=\"page\">\n\t\t\t\t<div class=\"elementor-element elementor-element-23224b49 e-flex e-con-boxed e-con e-parent\" data-id=\"23224b49\" data-element_type=\"container\" data-e-type=\"container\" data-settings=\"{&quot;jet_parallax_layout_list&quot;:[]}\">\n\t\t\t\t\t<div class=\"e-con-inner\">\n\t\t\t\t<div class=\"elementor-element elementor-element-49fe970a elementor-widget elementor-widget-text-editor\" data-id=\"49fe970a\" data-element_type=\"widget\" data-e-type=\"widget\" data-widget_type=\"text-editor.default\">\n\t\t\t\t\t\t\t\t\t<p>Somos responsables ante las v\u00edctimas\/sobrevivientes, sus familias, los empleados y voluntarios de la Iglesia, el clero, nuestra comunidad religiosa y todos aquellos a quienes servimos de nuestros esfuerzos por proteger a los ni\u00f1os y adultos vulnerables. Cuando hemos fallado en la protecci\u00f3n en el pasado, asumimos nuestros errores, nos damos cuenta del dolor causado y pedimos perd\u00f3n.<\/p><p>Tomamos medidas continuamente para prevenir los abusos. Si ha sufrido abusos, independientemente de cu\u00e1ndo hayan ocurrido, p\u00f3ngase en contacto con las fuerzas de seguridad.<\/p><p>Nos comprometemos a cooperar con las fuerzas del orden y a abordar plenamente cualquier futura denuncia de abusos. Tambi\u00e9n nos comprometemos a mantener la transparencia de nuestras acciones y a seguir revelando las denuncias confirmadas de abusos sexuales por parte del clero.<\/p><p>Tenemos <a href=\"\/es\/clergy-disclosures\/\">divulgado<\/a> los nombres de docenas de hombres contra quienes se han presentado denuncias fundamentadas por abuso sexual de menores mientras estaban asignados a esta arquidi\u00f3cesis. Una denuncia fundamentada es aquella para la que existen pruebas suficientes que establecen motivos razonables para creer que el presunto abuso ocurri\u00f3. No se trata de una presunci\u00f3n de culpabilidad. Los nombres de otros nueve hombres contra quienes se han presentado denuncias fundamentadas por abuso sexual de menores. <em>fuera de<\/em> de la archidi\u00f3cesis de Saint Paul y Minneapolis. Todos estos hombres han sido apartados permanentemente del ministerio en esta archidi\u00f3cesis o han fallecido. Hemos alertado a las comunidades y organizaciones parroquiales a las que estaban asignados estos hombres.<\/p>\t\t\t\t\t\t\t\t<\/div>\n\t\t\t\t\t<\/div>\n\t\t\t\t<\/div>\n\t\t<div class=\"elementor-element elementor-element-245545e e-flex e-con-boxed e-con e-parent\" data-id=\"245545e\" data-element_type=\"container\" data-e-type=\"container\" data-settings=\"{&quot;jet_parallax_layout_list&quot;:[]}\">\n\t\t\t\t\t<div class=\"e-con-inner\">\n\t\t<div class=\"elementor-element elementor-element-6f2a187 e-con-full e-flex e-con e-child\" data-id=\"6f2a187\" data-element_type=\"container\" data-e-type=\"container\" data-settings=\"{&quot;jet_parallax_layout_list&quot;:[]}\">\n\t\t\t\t<div class=\"elementor-element elementor-element-96422cb elementor-align-center elementor-widget elementor-widget-button\" data-id=\"96422cb\" data-element_type=\"widget\" data-e-type=\"widget\" data-widget_type=\"button.default\">\n\t\t\t\t\t\t\t\t\t\t<a class=\"elementor-button elementor-button-link elementor-size-sm\" href=\"\/es\/safe-environment-plan\/\">\n\t\t\t\t\t\t<span class=\"elementor-button-content-wrapper\">\n\t\t\t\t\t\t\t\t\t<span class=\"elementor-button-text\">Plan de Entorno Seguro<\/span>\n\t\t\t\t\t<\/span>\n\t\t\t\t\t<\/a>\n\t\t\t\t\t\t\t\t<\/div>\n\t\t\t\t<\/div>\n\t\t<div class=\"elementor-element elementor-element-6892aee e-con-full e-flex e-con e-child\" data-id=\"6892aee\" data-element_type=\"container\" data-e-type=\"container\" data-settings=\"{&quot;jet_parallax_layout_list&quot;:[]}\">\n\t\t\t\t<div class=\"elementor-element elementor-element-e214f99 elementor-align-center elementor-widget elementor-widget-button\" data-id=\"e214f99\" data-element_type=\"widget\" data-e-type=\"widget\" data-widget_type=\"button.default\">\n\t\t\t\t\t\t\t\t\t\t<a class=\"elementor-button elementor-button-link elementor-size-sm\" href=\"\/es\/clergy-disclosures\/\">\n\t\t\t\t\t\t<span class=\"elementor-button-content-wrapper\">\n\t\t\t\t\t\t\t\t\t<span class=\"elementor-button-text\">Divulgaciones<\/span>\n\t\t\t\t\t<\/span>\n\t\t\t\t\t<\/a>\n\t\t\t\t\t\t\t\t<\/div>\n\t\t\t\t<\/div>\n\t\t<div class=\"elementor-element elementor-element-e09779c e-con-full e-flex e-con e-child\" data-id=\"e09779c\" data-element_type=\"container\" data-e-type=\"container\" data-settings=\"{&quot;jet_parallax_layout_list&quot;:[]}\">\n\t\t\t\t<div class=\"elementor-element elementor-element-eb1386b elementor-align-center elementor-widget elementor-widget-button\" data-id=\"eb1386b\" data-element_type=\"widget\" data-e-type=\"widget\" data-widget_type=\"button.default\">\n\t\t\t\t\t\t\t\t\t\t<a class=\"elementor-button elementor-button-link elementor-size-sm\" href=\"\/es\/ramsey-county-settlement-agreement\/\">\n\t\t\t\t\t\t<span class=\"elementor-button-content-wrapper\">\n\t\t\t\t\t\t\t\t\t<span class=\"elementor-button-text\">Acuerdo de conciliaci\u00f3n del condado de Ramsey<\/span>\n\t\t\t\t\t<\/span>\n\t\t\t\t\t<\/a>\n\t\t\t\t\t\t\t\t<\/div>\n\t\t\t\t<\/div>\n\t\t<div class=\"elementor-element elementor-element-04ea532 e-con-full e-flex e-con e-child\" data-id=\"04ea532\" data-element_type=\"container\" data-e-type=\"container\" data-settings=\"{&quot;jet_parallax_layout_list&quot;:[]}\">\n\t\t\t\t<div class=\"elementor-element elementor-element-1f7f3b3 elementor-align-center elementor-widget elementor-widget-button\" data-id=\"1f7f3b3\" data-element_type=\"widget\" data-e-type=\"widget\" data-widget_type=\"button.default\">\n\t\t\t\t\t\t\t\t\t\t<a class=\"elementor-button elementor-button-link elementor-size-sm\" href=\"\/es\/task-force\/\">\n\t\t\t\t\t\t<span class=\"elementor-button-content-wrapper\">\n\t\t\t\t\t\t\t\t\t<span class=\"elementor-button-text\">Grupo de trabajo<\/span>\n\t\t\t\t\t<\/span>\n\t\t\t\t\t<\/a>\n\t\t\t\t\t\t\t\t<\/div>\n\t\t\t\t<\/div>\n\t\t\t\t\t<\/div>\n\t\t\t\t<\/div>\n\t\t\t\t<\/div>","protected":false},"excerpt":{"rendered":"<p>We are accountable to victims\/survivors, their families, Church employees and volunteers, clergy, our faith community and all those we serve for our efforts to protect children and vulnerable adults. Where we have failed to protect in the past, we own our mistakes, realize the pain caused and ask forgiveness. We are taking steps continually to [&hellip;]<\/p>\n","protected":false},"author":2,"featured_media":0,"parent":1615,"menu_order":0,"comment_status":"closed","ping_status":"closed","template":"","meta":{"footnotes":""},"class_list":["post-6211","page","type-page","status-publish","hentry"],"_links":{"self":[{"href":"https:\/\/www.archspm.org\/es\/wp-json\/wp\/v2\/pages\/6211","targetHints":{"allow":["GET"]}}],"collection":[{"href":"https:\/\/www.archspm.org\/es\/wp-json\/wp\/v2\/pages"}],"about":[{"href":"https:\/\/www.archspm.org\/es\/wp-json\/wp\/v2\/types\/page"}],"author":[{"embeddable":true,"href":"https:\/\/www.archspm.org\/es\/wp-json\/wp\/v2\/users\/2"}],"replies":[{"embeddable":true,"href":"https:\/\/www.archspm.org\/es\/wp-json\/wp\/v2\/comments?post=6211"}],"version-history":[{"count":0,"href":"https:\/\/www.archspm.org\/es\/wp-json\/wp\/v2\/pages\/6211\/revisions"}],"up":[{"embeddable":true,"href":"https:\/\/www.archspm.org\/es\/wp-json\/wp\/v2\/pages\/1615"}],"wp:attachment":[{"href":"https:\/\/www.archspm.org\/es\/wp-json\/wp\/v2\/media?parent=6211"}],"curies":[{"name":"wp","href":"https:\/\/api.w.org\/{rel}","templated":true}]}}