{"id":6223,"date":"2014-10-23T15:00:39","date_gmt":"2014-10-23T19:00:39","guid":{"rendered":"https:\/\/www.archspm.org\/new-safe-environment-page-hierarchy\/robert-clark\/"},"modified":"2014-10-23T15:00:39","modified_gmt":"2014-10-23T19:00:39","slug":"robert-clark","status":"publish","type":"page","link":"https:\/\/www.archspm.org\/es\/new-safe-environment-page-hierarchy\/robert-clark\/","title":{"rendered":"Robert Clark"},"content":{"rendered":"<p><strong>Robert Clark<\/strong><\/p>\n<p>Fecha de nacimiento: 28 de junio de 1958<\/p>\n<p>Fecha de ordenaci\u00f3n: 18 de febrero de 1984<\/p>\n<p>Clark es un sacerdote de otra di\u00f3cesis al que se le acusa de haber cometido actos de abuso sexual contra un menor <em>fuera de<\/em> de la Arquidi\u00f3cesis de Saint Paul y Minneapolis. Esta arquidi\u00f3cesis no tiene conocimiento de ninguna denuncia fundamentada de abuso sexual de un menor presentada contra Clark en relaci\u00f3n con ninguna conducta que haya tenido lugar en esta arquidi\u00f3cesis. No obstante, el nombre de Clark se ha a\u00f1adido a la lista de divulgaci\u00f3n de la arquidi\u00f3cesis en aras de la total transparencia, para defender los Protocolos y Procedimientos de Protecci\u00f3n Infantil anunciados por primera vez al p\u00fablico el 13 de octubre de 2014 y para ayudar en la sanaci\u00f3n de los sobrevivientes que puedan residir en la arquidi\u00f3cesis.<\/p>\n<p>Historial de asignaciones de Clark:<\/p>\n<ul>\n<li>Pastor adjunto, Holy Redeemer, Marshall (Di\u00f3cesis de New Ulm), 1984-1984<\/li>\n<li>Pastor adjunto, Holy Trinity, Winsted (Di\u00f3cesis de New Ulm), 1984-1989<\/li>\n<li>Pastor adjunto, Catedral de la Sant\u00edsima Trinidad, New Ulm (Di\u00f3cesis de New Ulm), 1989-1990<\/li>\n<li>P\u00e1rroco de San Antonio, Watkins (Di\u00f3cesis de New Ulm), 1990-1993<\/li>\n<li>Administrador parroquial, Nuestra Se\u00f1ora, Manannah (Di\u00f3cesis de New Ulm), 1992-1996<\/li>\n<li>P\u00e1rroco de San Patricio, Kandiyohi (Di\u00f3cesis de New Ulm), 1996-1997<\/li>\n<li>P\u00e1rroco de St. Thomas More, Lake Lillian (Di\u00f3cesis de New Ulm), 1996-1997<\/li>\n<li>Licencia administrativa, 1997<\/li>\n<li>Profesor de religi\u00f3n, Instituto Saint Agnes, St. Paul, 1998-2002<\/li>\n<li>Licencia administrativa, 2002<\/li>\n<\/ul>\n<p>Di\u00f3cesis u orden religiosa: Di\u00f3cesis de New Ulm<\/p>\n<p>Fecha de destituci\u00f3n definitiva del ministerio: Destituido del ministerio activo el 26 de marzo de 2002<\/p>\n<p>Situaci\u00f3n actual: Ha dimitido<\/p>\n<p>Fecha en que la Arquidi\u00f3cesis de Saint Paul y Minneapolis public\u00f3 el nombre de esta persona en una lista de personas con denuncias fundamentadas de abuso en su contra: 23 de octubre de 2014.<\/p>\n<p>&nbsp;<\/p>\n<p>&nbsp;<\/p>","protected":false},"excerpt":{"rendered":"<p>Robert Clark Date of birth: 6\/28\/1958 Date of ordination: 2\/18\/1984 Clark is a priest of another diocese who is alleged to have committed acts of sexual abuse of a minor outside of the Archdiocese of Saint Paul and Minneapolis. This archdiocese is not aware of any substantiated claim of sexual abuse of a minor asserted [&hellip;]<\/p>\n","protected":false},"author":4,"featured_media":0,"parent":6130,"menu_order":0,"comment_status":"open","ping_status":"open","template":"","meta":{"footnotes":""},"class_list":["post-6223","page","type-page","status-publish","hentry"],"_links":{"self":[{"href":"https:\/\/www.archspm.org\/es\/wp-json\/wp\/v2\/pages\/6223","targetHints":{"allow":["GET"]}}],"collection":[{"href":"https:\/\/www.archspm.org\/es\/wp-json\/wp\/v2\/pages"}],"about":[{"href":"https:\/\/www.archspm.org\/es\/wp-json\/wp\/v2\/types\/page"}],"author":[{"embeddable":true,"href":"https:\/\/www.archspm.org\/es\/wp-json\/wp\/v2\/users\/4"}],"replies":[{"embeddable":true,"href":"https:\/\/www.archspm.org\/es\/wp-json\/wp\/v2\/comments?post=6223"}],"version-history":[{"count":0,"href":"https:\/\/www.archspm.org\/es\/wp-json\/wp\/v2\/pages\/6223\/revisions"}],"up":[{"embeddable":true,"href":"https:\/\/www.archspm.org\/es\/wp-json\/wp\/v2\/pages\/6130"}],"wp:attachment":[{"href":"https:\/\/www.archspm.org\/es\/wp-json\/wp\/v2\/media?parent=6223"}],"curies":[{"name":"wp","href":"https:\/\/api.w.org\/{rel}","templated":true}]}}