{"id":6227,"date":"2014-10-23T15:00:17","date_gmt":"2014-10-23T19:00:17","guid":{"rendered":"https:\/\/www.archspm.org\/new-safe-environment-page-hierarchy\/jerry-foley\/"},"modified":"2025-10-28T15:27:33","modified_gmt":"2025-10-28T19:27:33","slug":"jerry-foley","status":"publish","type":"page","link":"https:\/\/www.archspm.org\/es\/new-safe-environment-page-hierarchy\/jerry-foley\/","title":{"rendered":"Jerry Foley"},"content":{"rendered":"<p><strong>Jerry Foley<\/strong><\/p>\n<p>Fecha de nacimiento: 15\/01\/1932<\/p>\n<p>Fecha de ordenaci\u00f3n: 3 de junio de 1961<\/p>\n<p>Foley es un exsacerdote de otra di\u00f3cesis al que se le acusa de haber cometido actos de abuso sexual contra un menor <em>fuera de<\/em> de la Arquidi\u00f3cesis de Saint Paul y Minneapolis. Esta arquidi\u00f3cesis no tiene conocimiento de ninguna denuncia fundamentada de abuso sexual de un menor presentada contra Foley en relaci\u00f3n con ninguna conducta que haya tenido lugar en esta arquidi\u00f3cesis. No obstante, el nombre de Foley se ha a\u00f1adido a la lista de divulgaci\u00f3n de la arquidi\u00f3cesis en aras de la total transparencia, para defender los Protocolos y Procedimientos de Protecci\u00f3n Infantil anunciados por primera vez al p\u00fablico el 13 de octubre de 2014 y para ayudar en la sanaci\u00f3n de los sobrevivientes que puedan residir en la arquidi\u00f3cesis.<\/p>\n<p>Historial de asignaciones de Foley:<\/p>\n<ul>\n<li>Asociaci\u00f3n Diocesana de Servicios Sociales Cat\u00f3licos, Di\u00f3cesis de Crookston, 1960-1976<\/li>\n<li>Residencia en el Newman Center, Universidad de Minnesota, Minneapolis, 1961-1963<\/li>\n<li>Administrador, St. Dorothy, Dorothy (Di\u00f3cesis de Crookston), 1962-1974<\/li>\n<li>P\u00e1rroco de Santa Ana, Crookston (Di\u00f3cesis de Crookston), 1974-1976<\/li>\n<li>Director ejecutivo, Conferencia Nacional Cat\u00f3lica sobre la Vida Rural, Des Moines, Iowa, 1976-1978<\/li>\n<li>P\u00e1rroco de San Francisco de Sales, Moorhead (Di\u00f3cesis de Crookston), 1978-1983<\/li>\n<li>P\u00e1rroco de Santa Cecilia, Barnesville (Di\u00f3cesis de Crookston), 1978-1983<\/li>\n<li>En excedencia, 1983<\/li>\n<li>Capell\u00e1n del Hospital St. Joseph, St. Paul, 1984-1992<\/li>\n<li>Capell\u00e1n del Priorato de San Pablo, San Pablo, aproximadamente entre 1987 y 1992<\/li>\n<li>Grupo de trabajo sobre los Encuentros para Novios y los Ministerios Matrimoniales de la Iglesia Cat\u00f3lica, principios de la d\u00e9cada de 1990-2005<\/li>\n<li>Movimiento Retrouvaille, 1988-2005<\/li>\n<li>Sin asignaci\u00f3n 1992-1993<\/li>\n<li>Capell\u00e1n, Hospital St. Joseph\u2019s\/HealthEast, Inc. 1993-2005<\/li>\n<li>Seminario Teol\u00f3gico United, St. Paul, Minnesota, desconocido<\/li>\n<\/ul>\n<p>Di\u00f3cesis u orden religiosa: Di\u00f3cesis de Crookston<\/p>\n<p>Fecha de la destituci\u00f3n definitiva del ministerio: Privado de sus facultades en 2005; laicizado en 2006<\/p>\n<p>Estado actual: Fallecido en 2025.<\/p>\n<p>Fecha en que la Arquidi\u00f3cesis de Saint Paul y Minneapolis public\u00f3 el nombre de esta persona en una lista de personas con denuncias fundamentadas de abuso en su contra: 23 de octubre de 2014.<\/p>","protected":false},"excerpt":{"rendered":"<p>Jerry Foley Date of birth: 1\/15\/1932 Date of ordination: 6\/3\/1961 Foley is a former priest of another diocese who is alleged to have committed acts of sexual abuse of a minor outside of the Archdiocese of Saint Paul and Minneapolis. This archdiocese is not aware of any substantiated claim of sexual abuse of a minor [&hellip;]<\/p>\n","protected":false},"author":4,"featured_media":0,"parent":6130,"menu_order":0,"comment_status":"closed","ping_status":"closed","template":"","meta":{"footnotes":""},"class_list":["post-6227","page","type-page","status-publish","hentry"],"_links":{"self":[{"href":"https:\/\/www.archspm.org\/es\/wp-json\/wp\/v2\/pages\/6227","targetHints":{"allow":["GET"]}}],"collection":[{"href":"https:\/\/www.archspm.org\/es\/wp-json\/wp\/v2\/pages"}],"about":[{"href":"https:\/\/www.archspm.org\/es\/wp-json\/wp\/v2\/types\/page"}],"author":[{"embeddable":true,"href":"https:\/\/www.archspm.org\/es\/wp-json\/wp\/v2\/users\/4"}],"replies":[{"embeddable":true,"href":"https:\/\/www.archspm.org\/es\/wp-json\/wp\/v2\/comments?post=6227"}],"version-history":[{"count":0,"href":"https:\/\/www.archspm.org\/es\/wp-json\/wp\/v2\/pages\/6227\/revisions"}],"up":[{"embeddable":true,"href":"https:\/\/www.archspm.org\/es\/wp-json\/wp\/v2\/pages\/6130"}],"wp:attachment":[{"href":"https:\/\/www.archspm.org\/es\/wp-json\/wp\/v2\/media?parent=6227"}],"curies":[{"name":"wp","href":"https:\/\/api.w.org\/{rel}","templated":true}]}}