{"id":6232,"date":"2014-10-23T15:00:51","date_gmt":"2014-10-23T19:00:51","guid":{"rendered":"https:\/\/www.archspm.org\/new-safe-environment-page-hierarchy\/wendell-mohs\/"},"modified":"2014-10-23T15:00:51","modified_gmt":"2014-10-23T19:00:51","slug":"wendell-mohs","status":"publish","type":"page","link":"https:\/\/www.archspm.org\/es\/new-safe-environment-page-hierarchy\/wendell-mohs\/","title":{"rendered":"Wendell Mohs"},"content":{"rendered":"<p><strong>Wendell Mohs<\/strong><\/p>\n<p>Fecha de nacimiento: 18 de febrero de 1952<\/p>\n<p>Fecha de ordenaci\u00f3n: n\/a (hermano religioso)<\/p>\n<p>Historial de asignaciones de Mohs:<\/p>\n<ul>\n<li>Seminario Crosier, Onamia (Di\u00f3cesis de Saint Cloud), 1974-1980<\/li>\n<li>Personal de retiros de fin de semana, Programa TEC de Minnesota Central, 1979-1982<\/li>\n<li>Ministerio pastoral, Epifan\u00eda, Coon Rapids, 1980-1982<\/li>\n<li>Seminario Crosier, Onamia (Di\u00f3cesis de Saint Cloud), 1982<\/li>\n<\/ul>\n<p>Di\u00f3cesis u orden religiosa: Padres y Hermanos del Crosier<\/p>\n<p>Fecha de la expulsi\u00f3n definitiva del ministerio: abandon\u00f3 la orden religiosa en 1982; qued\u00f3 dispensado de los votos en 1987<\/p>\n<p>Situaci\u00f3n actual: Fallecido en 2018<\/p>\n<p>Fecha en que la Arquidi\u00f3cesis de Saint Paul y Minneapolis public\u00f3 el nombre de esta persona en una lista de personas con denuncias fundamentadas de abuso en su contra: 23 de octubre de 2014.<\/p>","protected":false},"excerpt":{"rendered":"<p>Wendell Mohs Date of birth: 2\/18\/1952 Date of ordination: n\/a (religious brother) Mohs\u2019 assignment history: Crosier Seminary, Onamia, (Diocese of Saint Cloud) 1974-1980 Weekend retreat staff, Central Minnesota TEC Program, 1979-1982 Pastoral Ministry, Epiphany, Coon Rapids, 1980-1982 Crosier Seminary, Onamia, (Diocese of Saint Cloud) 1982 Diocese or religious order: Crosier Fathers and Brothers Date permanently [&hellip;]<\/p>\n","protected":false},"author":4,"featured_media":0,"parent":6130,"menu_order":0,"comment_status":"open","ping_status":"open","template":"","meta":{"footnotes":""},"class_list":["post-6232","page","type-page","status-publish","hentry"],"_links":{"self":[{"href":"https:\/\/www.archspm.org\/es\/wp-json\/wp\/v2\/pages\/6232","targetHints":{"allow":["GET"]}}],"collection":[{"href":"https:\/\/www.archspm.org\/es\/wp-json\/wp\/v2\/pages"}],"about":[{"href":"https:\/\/www.archspm.org\/es\/wp-json\/wp\/v2\/types\/page"}],"author":[{"embeddable":true,"href":"https:\/\/www.archspm.org\/es\/wp-json\/wp\/v2\/users\/4"}],"replies":[{"embeddable":true,"href":"https:\/\/www.archspm.org\/es\/wp-json\/wp\/v2\/comments?post=6232"}],"version-history":[{"count":0,"href":"https:\/\/www.archspm.org\/es\/wp-json\/wp\/v2\/pages\/6232\/revisions"}],"up":[{"embeddable":true,"href":"https:\/\/www.archspm.org\/es\/wp-json\/wp\/v2\/pages\/6130"}],"wp:attachment":[{"href":"https:\/\/www.archspm.org\/es\/wp-json\/wp\/v2\/media?parent=6232"}],"curies":[{"name":"wp","href":"https:\/\/api.w.org\/{rel}","templated":true}]}}