{"id":6233,"date":"2014-10-23T15:00:00","date_gmt":"2014-10-23T19:00:00","guid":{"rendered":"https:\/\/www.archspm.org\/new-safe-environment-page-hierarchy\/james-nickel\/"},"modified":"2014-10-23T15:00:00","modified_gmt":"2014-10-23T19:00:00","slug":"james-nickel","status":"publish","type":"page","link":"https:\/\/www.archspm.org\/es\/new-safe-environment-page-hierarchy\/james-nickel\/","title":{"rendered":"James Nickel"},"content":{"rendered":"<p><strong>James Nickel<\/strong><\/p>\n<p>Fecha de nacimiento: noviembre de 1943 (fallecido en 2008)<\/p>\n<p>Fecha de ordenaci\u00f3n: 1970<\/p>\n<p>Nickel es un sacerdote de una orden religiosa acusado de haber cometido actos de abuso sexual contra un menor <em>fuera de<\/em> de la Arquidi\u00f3cesis de Saint Paul y Minneapolis. Esta arquidi\u00f3cesis no tiene conocimiento de ninguna denuncia fundamentada de abuso sexual de un menor presentada contra Nickel en relaci\u00f3n con ninguna conducta que haya tenido lugar en esta arquidi\u00f3cesis. No obstante, el nombre de Nickel se ha a\u00f1adido a la lista de divulgaci\u00f3n de la arquidi\u00f3cesis en aras de la total transparencia, para defender los Protocolos y Procedimientos de Protecci\u00f3n Infantil anunciados por primera vez al p\u00fablico el 13 de octubre de 2014 y para ayudar en la sanaci\u00f3n de los sobrevivientes que puedan residir en la arquidi\u00f3cesis.<\/p>\n<p>Historial de asignaciones de Nickel:<\/p>\n<ul>\n<li>Santa Mar\u00eda, Minneiska (Di\u00f3cesis de Winona), 1972<\/li>\n<li>Seminario Damien, Winona (Di\u00f3cesis de Winona), 1972<\/li>\n<li>Destinado a la Di\u00f3cesis de Fall River, Massachusetts<\/li>\n<li>Destinado en la Arquidi\u00f3cesis de Nassau, Bahamas<\/li>\n<\/ul>\n<p>Di\u00f3cesis u orden religiosa: Congregaci\u00f3n de los Sagrados Corazones de Jes\u00fas y Mar\u00eda<\/p>\n<p>Estado actual: Fallecido en 2008.<\/p>\n<p>Fecha en que la Arquidi\u00f3cesis de Saint Paul y Minneapolis public\u00f3 el nombre de esta persona en una lista de personas con denuncias fundamentadas de abuso en su contra: 23 de octubre de 2014.<\/p>","protected":false},"excerpt":{"rendered":"<p>James Nickel Date of birth: November 1943 (deceased 2008) Date of ordination: 1970 Nickel is a religious order priest who is alleged to have committed acts of sexual abuse of a minor outside of the Archdiocese of Saint Paul and Minneapolis. This archdiocese is not aware of any substantiated claim of sexual abuse of a [&hellip;]<\/p>\n","protected":false},"author":4,"featured_media":0,"parent":6130,"menu_order":0,"comment_status":"open","ping_status":"open","template":"","meta":{"footnotes":""},"class_list":["post-6233","page","type-page","status-publish","hentry"],"_links":{"self":[{"href":"https:\/\/www.archspm.org\/es\/wp-json\/wp\/v2\/pages\/6233","targetHints":{"allow":["GET"]}}],"collection":[{"href":"https:\/\/www.archspm.org\/es\/wp-json\/wp\/v2\/pages"}],"about":[{"href":"https:\/\/www.archspm.org\/es\/wp-json\/wp\/v2\/types\/page"}],"author":[{"embeddable":true,"href":"https:\/\/www.archspm.org\/es\/wp-json\/wp\/v2\/users\/4"}],"replies":[{"embeddable":true,"href":"https:\/\/www.archspm.org\/es\/wp-json\/wp\/v2\/comments?post=6233"}],"version-history":[{"count":0,"href":"https:\/\/www.archspm.org\/es\/wp-json\/wp\/v2\/pages\/6233\/revisions"}],"up":[{"embeddable":true,"href":"https:\/\/www.archspm.org\/es\/wp-json\/wp\/v2\/pages\/6130"}],"wp:attachment":[{"href":"https:\/\/www.archspm.org\/es\/wp-json\/wp\/v2\/media?parent=6233"}],"curies":[{"name":"wp","href":"https:\/\/api.w.org\/{rel}","templated":true}]}}