{"id":6235,"date":"2014-10-23T15:00:09","date_gmt":"2014-10-23T19:00:09","guid":{"rendered":"https:\/\/www.archspm.org\/new-safe-environment-page-hierarchy\/james-porter\/"},"modified":"2014-10-23T15:00:09","modified_gmt":"2014-10-23T19:00:09","slug":"james-porter","status":"publish","type":"page","link":"https:\/\/www.archspm.org\/es\/new-safe-environment-page-hierarchy\/james-porter\/","title":{"rendered":"James Porter"},"content":{"rendered":"<p><strong>James Porter<\/strong><\/p>\n<p>Fecha de nacimiento: 2 de enero de 1935 (Fallecido en 2005)<\/p>\n<p>Fecha de ordenaci\u00f3n: 2 de abril de 1960<\/p>\n<p>Porter es un exsacerdote de otra di\u00f3cesis al que se le acusa de haber cometido actos de abuso sexual contra un menor <em>fuera de<\/em> de la Arquidi\u00f3cesis de Saint Paul y Minneapolis. Esta arquidi\u00f3cesis no tiene conocimiento de ninguna denuncia fundamentada de abuso sexual de un menor presentada contra Porter en relaci\u00f3n con ninguna conducta que haya tenido lugar en esta arquidi\u00f3cesis. Seg\u00fan la informaci\u00f3n de que dispone la arquidi\u00f3cesis, Porter nunca ejerci\u00f3 su ministerio ni ocup\u00f3 ning\u00fan cargo dentro de la arquidi\u00f3cesis. No obstante, el nombre de Porter se ha a\u00f1adido a la lista de divulgaci\u00f3n de la arquidi\u00f3cesis en aras de la total transparencia, para defender los Protocolos y Procedimientos de Protecci\u00f3n Infantil anunciados por primera vez al p\u00fablico el 13 de octubre de 2014 y para ayudar en la sanaci\u00f3n de los sobrevivientes que puedan residir en la arquidi\u00f3cesis.<\/p>\n<p>Historial de asignaciones de Porter:<\/p>\n<ul>\n<li>Cargos en la Di\u00f3cesis de Fall River, Massachusetts, 1960-1967<\/li>\n<li>Trabaj\u00f3 en parroquias de Texas, Nuevo M\u00e9xico y Nevada entre 1967 y 1969<\/li>\n<li>Vicario: St. Philip, Bemidji (Di\u00f3cesis de Crookston), 1969-1970<\/li>\n<\/ul>\n<p>Di\u00f3cesis u orden religiosa: Di\u00f3cesis de Fall River, Massachusetts<\/p>\n<p>Fecha de la expulsi\u00f3n definitiva del ministerio: suspendido en 1970, secularizado en 1974<\/p>\n<p>Situaci\u00f3n actual: Fallecido en 2005<\/p>\n<p>Fecha en que la Arquidi\u00f3cesis de Saint Paul y Minneapolis public\u00f3 el nombre de esta persona en una lista de personas con denuncias fundamentadas de abuso en su contra: 23 de octubre de 2014.<\/p>","protected":false},"excerpt":{"rendered":"<p>James Porter Date of birth: 1\/2\/1935 (Deceased 2005) Date of ordination: 4\/2\/1960 Porter is a former priest of another diocese who is alleged to have committed acts of sexual abuse of a minor outside of the Archdiocese of Saint Paul and Minneapolis. This archdiocese is not aware of any substantiated claim of sexual abuse of [&hellip;]<\/p>\n","protected":false},"author":4,"featured_media":0,"parent":6130,"menu_order":0,"comment_status":"open","ping_status":"open","template":"","meta":{"footnotes":""},"class_list":["post-6235","page","type-page","status-publish","hentry"],"_links":{"self":[{"href":"https:\/\/www.archspm.org\/es\/wp-json\/wp\/v2\/pages\/6235","targetHints":{"allow":["GET"]}}],"collection":[{"href":"https:\/\/www.archspm.org\/es\/wp-json\/wp\/v2\/pages"}],"about":[{"href":"https:\/\/www.archspm.org\/es\/wp-json\/wp\/v2\/types\/page"}],"author":[{"embeddable":true,"href":"https:\/\/www.archspm.org\/es\/wp-json\/wp\/v2\/users\/4"}],"replies":[{"embeddable":true,"href":"https:\/\/www.archspm.org\/es\/wp-json\/wp\/v2\/comments?post=6235"}],"version-history":[{"count":0,"href":"https:\/\/www.archspm.org\/es\/wp-json\/wp\/v2\/pages\/6235\/revisions"}],"up":[{"embeddable":true,"href":"https:\/\/www.archspm.org\/es\/wp-json\/wp\/v2\/pages\/6130"}],"wp:attachment":[{"href":"https:\/\/www.archspm.org\/es\/wp-json\/wp\/v2\/media?parent=6235"}],"curies":[{"name":"wp","href":"https:\/\/api.w.org\/{rel}","templated":true}]}}