{"id":6236,"date":"2014-10-23T15:00:40","date_gmt":"2014-10-23T19:00:40","guid":{"rendered":"https:\/\/www.archspm.org\/new-safe-environment-page-hierarchy\/charles-potocki\/"},"modified":"2014-10-23T15:00:40","modified_gmt":"2014-10-23T19:00:40","slug":"charles-potocki","status":"publish","type":"page","link":"https:\/\/www.archspm.org\/es\/new-safe-environment-page-hierarchy\/charles-potocki\/","title":{"rendered":"Charles Potocki"},"content":{"rendered":"<p><strong>Charles Potocki<\/strong><\/p>\n<p>Fecha de nacimiento: 1942<\/p>\n<p>Fecha de ordenaci\u00f3n: 13\/06\/1970<\/p>\n<p>Historial de asignaciones de Potocki:<\/p>\n<ul>\n<li>Pastor asociado en Columbus, Nebraska, periodo desconocido.<\/li>\n<li>Pastor asociado, Sagrado Coraz\u00f3n, San Pablo, 1977-1983<\/li>\n<li>Pastor, St. Pascal, West Monroe, Luisiana, fecha desconocida.<\/li>\n<li>Pastor asociado, St. Jude, New Lenox, per\u00edodo desconocido.<\/li>\n<\/ul>\n<p>Di\u00f3cesis u orden religiosa: Orden de los Hermanos Menores, tambi\u00e9n conocida como Provincia Franciscana del Sagrado Coraz\u00f3n (OFM)<\/p>\n<p>Estado actual: Fallecido en 1992.<\/p>\n<p>Fecha en que la Arquidi\u00f3cesis de Saint Paul y Minneapolis public\u00f3 el nombre de esta persona en una lista de personas con denuncias fundamentadas de abuso en su contra: 23 de octubre de 2014.<\/p>","protected":false},"excerpt":{"rendered":"<p>Charles Potocki Date of birth: 1942 Date of ordination: 6\/13\/1970 Potocki\u2019s assignment history: Associate Pastor in Columbus, NE, unknown timeframe Associate Pastor, Sacred Heart, St. Paul, 1977-1983 Pastor, St. Pascal, West Monroe, LA, unknown timeframe Associate Pastor, St. Jude, New Lenox, unknown timeframe Diocese or religious order: Order of Friar Minor also known as Franciscan [&hellip;]<\/p>\n","protected":false},"author":4,"featured_media":0,"parent":6130,"menu_order":0,"comment_status":"open","ping_status":"open","template":"","meta":{"footnotes":""},"class_list":["post-6236","page","type-page","status-publish","hentry"],"_links":{"self":[{"href":"https:\/\/www.archspm.org\/es\/wp-json\/wp\/v2\/pages\/6236","targetHints":{"allow":["GET"]}}],"collection":[{"href":"https:\/\/www.archspm.org\/es\/wp-json\/wp\/v2\/pages"}],"about":[{"href":"https:\/\/www.archspm.org\/es\/wp-json\/wp\/v2\/types\/page"}],"author":[{"embeddable":true,"href":"https:\/\/www.archspm.org\/es\/wp-json\/wp\/v2\/users\/4"}],"replies":[{"embeddable":true,"href":"https:\/\/www.archspm.org\/es\/wp-json\/wp\/v2\/comments?post=6236"}],"version-history":[{"count":0,"href":"https:\/\/www.archspm.org\/es\/wp-json\/wp\/v2\/pages\/6236\/revisions"}],"up":[{"embeddable":true,"href":"https:\/\/www.archspm.org\/es\/wp-json\/wp\/v2\/pages\/6130"}],"wp:attachment":[{"href":"https:\/\/www.archspm.org\/es\/wp-json\/wp\/v2\/media?parent=6236"}],"curies":[{"name":"wp","href":"https:\/\/api.w.org\/{rel}","templated":true}]}}