{"id":6246,"date":"2015-02-11T13:50:58","date_gmt":"2015-02-11T18:50:58","guid":{"rendered":"https:\/\/www.archspm.org\/new-safe-environment-page-hierarchy\/james-namie\/"},"modified":"2015-02-11T13:50:58","modified_gmt":"2015-02-11T18:50:58","slug":"james-namie","status":"publish","type":"page","link":"https:\/\/www.archspm.org\/es\/new-safe-environment-page-hierarchy\/james-namie\/","title":{"rendered":"James Namie"},"content":{"rendered":"<p>Fecha de nacimiento: 27\/08\/1925<\/p>\n<p>Fecha de ordenaci\u00f3n: 1954<\/p>\n<p>Historial de tareas de Namie:<\/p>\n<ul>\n<li>Pastor asistente, Santa Rosa de Lima, Roseville, 1954-1957<\/li>\n<li>Pastor asistente, St. Anthony, Minneapolis, 1957-1961<\/li>\n<li>Administrador parroquial, San Antonio, Minneapolis, 1961-1962<\/li>\n<li>Pastor asistente, St. Mark, Shakopee, 1962-1964<\/li>\n<li>Pastor asistente, Holy Family, St. Louis Park, 1964-1965<\/li>\n<li>Administrador parroquial, Holy Family, St. Louis Park, 1965-1966<\/li>\n<li>Pastor asistente, Inmaculada Concepci\u00f3n, Columbia Heights, 1966-1969<\/li>\n<li>Pastor, San Pedro, Mendota, 1969-1970<\/li>\n<li>Liberado de sus responsabilidades en la Arquidi\u00f3cesis de Saint Paul y Minneapolis para trabajar como sacerdote de rito maronita, 1970-1995.<\/li>\n<\/ul>\n<p>Di\u00f3cesis u orden religiosa: Arquidi\u00f3cesis de San Pablo y Minneapolis; Eparqu\u00eda de San Mar\u00f3n de Brooklyn<\/p>\n<p>Fecha de expulsi\u00f3n definitiva del ministerio: Expulsado del ministerio activo en la Arquidi\u00f3cesis de St. Paul y Minneapolis en 1970; expulsado definitivamente del ministerio en 1995.<\/p>\n<p>Estado actual: Fallecido en 2010<\/p>\n<p>Fecha en que la Arquidi\u00f3cesis de Saint Paul y Minneapolis public\u00f3 el nombre de esta persona en una lista de personas contra las que se han presentado denuncias fundamentadas de abuso: 11 de febrero de 2015.<\/p>","protected":false},"excerpt":{"rendered":"<p>Date of birth: 8\/27\/1925 Date of ordination: 1954 Namie\u2019s assignment history: Assistant Pastor, St. Rose of Lima, Roseville, 1954-1957 Assistant Pastor, St. Anthony, Minneapolis, 1957-1961 Parochial Administrator, St. Anthony, Minneapolis, 1961-1962 Assistant Pastor, St. Mark, Shakopee, 1962-1964 Assistant Pastor, Holy Family, St. Louis Park, 1964-1965 Parochial Administrator, Holy Family, St. Louis Park, 1965-1966 Assistant Pastor, [&hellip;]<\/p>\n","protected":false},"author":4,"featured_media":0,"parent":6130,"menu_order":0,"comment_status":"open","ping_status":"open","template":"","meta":{"footnotes":""},"class_list":["post-6246","page","type-page","status-publish","hentry"],"_links":{"self":[{"href":"https:\/\/www.archspm.org\/es\/wp-json\/wp\/v2\/pages\/6246","targetHints":{"allow":["GET"]}}],"collection":[{"href":"https:\/\/www.archspm.org\/es\/wp-json\/wp\/v2\/pages"}],"about":[{"href":"https:\/\/www.archspm.org\/es\/wp-json\/wp\/v2\/types\/page"}],"author":[{"embeddable":true,"href":"https:\/\/www.archspm.org\/es\/wp-json\/wp\/v2\/users\/4"}],"replies":[{"embeddable":true,"href":"https:\/\/www.archspm.org\/es\/wp-json\/wp\/v2\/comments?post=6246"}],"version-history":[{"count":0,"href":"https:\/\/www.archspm.org\/es\/wp-json\/wp\/v2\/pages\/6246\/revisions"}],"up":[{"embeddable":true,"href":"https:\/\/www.archspm.org\/es\/wp-json\/wp\/v2\/pages\/6130"}],"wp:attachment":[{"href":"https:\/\/www.archspm.org\/es\/wp-json\/wp\/v2\/media?parent=6246"}],"curies":[{"name":"wp","href":"https:\/\/api.w.org\/{rel}","templated":true}]}}