{"id":6251,"date":"2015-03-17T16:56:35","date_gmt":"2015-03-17T20:56:35","guid":{"rendered":"https:\/\/www.archspm.org\/new-safe-environment-page-hierarchy\/essential-3\/"},"modified":"2025-04-14T14:02:08","modified_gmt":"2025-04-14T18:02:08","slug":"essential-3","status":"publish","type":"page","link":"https:\/\/www.archspm.org\/es\/essential-3\/","title":{"rendered":"Esencial 3 (E3)"},"content":{"rendered":"<h2><a href=\"https:\/\/www.archspm.org\/wp-content\/uploads\/2025\/03\/Essential3.jpg\"><img fetchpriority=\"high\" decoding=\"async\" class=\"alignright size-full wp-image-4760\" src=\"https:\/\/www.archspm.org\/wp-content\/uploads\/2025\/03\/Essential3.jpg\" alt=\"Teacher with group of children at zoo\" width=\"300\" height=\"356\" \/><\/a>Requisitos para adultos<\/h2>\n<p>Todo el clero y los empleados de las parroquias, las escuelas y la arquidi\u00f3cesis, as\u00ed como todos los voluntarios que tengan contacto habitual o sin supervisi\u00f3n con menores, deben completar el\u00a0<strong>Esencial 3 (E3)<\/strong>\u00a0Requisitos:<\/p>\n<ul>\n<li>Verificaci\u00f3n de antecedentes<\/li>\n<li>C\u00f3digo de conducta<\/li>\n<li>Capacitaci\u00f3n sobre entornos seguros<\/li>\n<\/ul>\n<p>Para asegurarte de que cumples con todos los requisitos antes de empezar a trabajar o a colaborar como voluntario, o para confirmar tu situaci\u00f3n, ponte en contacto con el coordinador de entorno seguro de tu parroquia o escuela cat\u00f3lica.<\/p>\n<p>Explicaci\u00f3n detallada de los \u00ab3 puntos esenciales\u00bb (E3) para nuevos empleados y voluntarios:<\/p>\n<ul>\n<li><strong>Verificaci\u00f3n de antecedentes<\/strong>\u00a0\u2013 La verificaci\u00f3n de antecedentes la lleva a cabo una agencia autorizada por la arquidi\u00f3cesis y proporciona un historial penal. Este es un paso importante para descartar a aquellas personas que puedan suponer un peligro para los ni\u00f1os y los j\u00f3venes.<\/li>\n<li><strong>C\u00f3digo de conducta<\/strong> \u2013 La persona debe reconocer que comprende y acepta los principios y normas establecidos en el c\u00f3digo de conducta correspondiente a su empleo o ministerio. A <em>C\u00f3digo de conducta<\/em>\u00a0El video de capacitaci\u00f3n de Tim O\u2019Malley, director de Normas Ministeriales y Entorno Seguro (a continuaci\u00f3n), est\u00e1 disponible para consulta p\u00fablica.<\/li>\n<li><strong>Capacitaci\u00f3n sobre entornos seguros<\/strong> - <em>VIRTUS Online: Protegiendo a los hijos de Dios <\/em><em>y San Pablo-Minneapolis: c\u00f3mo denunciar un presunto caso de maltrato infantil<\/em> es un curso de sensibilizaci\u00f3n en l\u00ednea de 75 minutos de duraci\u00f3n que ofrece informaci\u00f3n sobre la protecci\u00f3n de los ni\u00f1os y los adultos vulnerables. Se incluye formaci\u00f3n espec\u00edfica sobre c\u00f3mo denunciar los presuntos casos de abuso en la Arquidi\u00f3cesis de Saint Paul y Minneapolis.<\/li>\n<\/ul>\n<p>La renovaci\u00f3n de la acreditaci\u00f3n E3 es obligatoria cada tres a\u00f1os y consiste en:<\/p>\n<ul>\n<li>Verificaci\u00f3n de antecedentes: solicitud de una nueva verificaci\u00f3n<\/li>\n<li>C\u00f3digo de conducta: firma de una nueva copia<\/li>\n<li>Formaci\u00f3n sobre entornos seguros: realizaci\u00f3n de un m\u00f3dulo de actualizaci\u00f3n, que incluye formaci\u00f3n espec\u00edfica sobre c\u00f3mo denunciar presuntos casos de abuso en la Arquidi\u00f3cesis de Saint Paul y Minneapolis.<\/li>\n<\/ul>\n<p><iframe src=\"https:\/\/www.youtube.com\/embed\/WqLPl3DZCMA?rel=0\" width=\"560\" height=\"315\" frameborder=\"0\" allowfullscreen=\"allowfullscreen\"><\/iframe><\/p>\n<p>Para obtener informaci\u00f3n sobre los requisitos que deben cumplir los adultos que realizan labores de voluntariado con adultos vulnerables, consulte <a title=\"Protecci\u00f3n de adultos vulnerables\" href=\"https:\/\/safe-environment.archspm.org\/promise-to-protect\/protecting-vulnerable-adults\/\" target=\"_blank\" rel=\"noopener\">Protecci\u00f3n de adultos vulnerables<\/a>.<\/p>","protected":false},"excerpt":{"rendered":"<p>Adult Requirements All clergy and parish, school and archdiocesan employees, as well as all volunteers who have either regular or unsupervised interaction with minors, must complete the\u00a0Essential 3 (E3)\u00a0requirements: Background Check Code of Conduct Safe Environment Training To ensure completion of the requirements before working or volunteering, or to confirm your status, contact the Safe [&hellip;]<\/p>\n","protected":false},"author":4,"featured_media":0,"parent":0,"menu_order":0,"comment_status":"closed","ping_status":"closed","template":"","meta":{"footnotes":""},"class_list":["post-6251","page","type-page","status-publish","hentry"],"_links":{"self":[{"href":"https:\/\/www.archspm.org\/es\/wp-json\/wp\/v2\/pages\/6251","targetHints":{"allow":["GET"]}}],"collection":[{"href":"https:\/\/www.archspm.org\/es\/wp-json\/wp\/v2\/pages"}],"about":[{"href":"https:\/\/www.archspm.org\/es\/wp-json\/wp\/v2\/types\/page"}],"author":[{"embeddable":true,"href":"https:\/\/www.archspm.org\/es\/wp-json\/wp\/v2\/users\/4"}],"replies":[{"embeddable":true,"href":"https:\/\/www.archspm.org\/es\/wp-json\/wp\/v2\/comments?post=6251"}],"version-history":[{"count":0,"href":"https:\/\/www.archspm.org\/es\/wp-json\/wp\/v2\/pages\/6251\/revisions"}],"wp:attachment":[{"href":"https:\/\/www.archspm.org\/es\/wp-json\/wp\/v2\/media?parent=6251"}],"curies":[{"name":"wp","href":"https:\/\/api.w.org\/{rel}","templated":true}]}}